{"id":15734,"date":"2022-06-13T18:49:11","date_gmt":"2022-06-13T18:49:11","guid":{"rendered":"https:\/\/dankbros.net\/?page_id=15734"},"modified":"2024-04-24T04:15:21","modified_gmt":"2024-04-24T04:15:21","slug":"privacy-policy","status":"publish","type":"page","link":"https:\/\/dankbros.net\/fr\/privacy-policy\/","title":{"rendered":"politique de confidentialit\u00e9"},"content":{"rendered":"<div id=\"page-header-214440572\" class=\"page-header-wrapper\">\n  <div class=\"page-title dark featured-title\">\n\n    \n    <div class=\"page-title-inner container align-center flex-row medium-flex-wrap\" >\n              <div class=\"title-wrapper flex-col text-left medium-text-center\">\n          <h1 class=\"entry-title mb-0\">\n            politique de confidentialit\u00e9          <\/h1>\n        <\/div>\n                    <div class=\"title-content flex-col flex-right text-right medium-text-center\">\n        <div class=\"title-breadcrumbs pb-half pt-half\"><nav class=\"woocommerce-breadcrumb breadcrumbs\" data-no-translation=\"\" data-trp-gettext=\"\">Accueil<\/nav><\/div>      <\/div>\n    <\/div>\n\n       <\/div>\n    <\/div>\n  \n\n<p>Cette politique de confidentialit\u00e9 a \u00e9t\u00e9 con\u00e7ue pour mieux servir les personnes concern\u00e9es par la mani\u00e8re dont leurs donn\u00e9es personnelles sont partag\u00e9es sur Internet. La \u00ab\u00a0Loi sur la protection des renseignements personnels et les documents \u00e9lectroniques\u00a0\u00bb (LPRPDE) est utilis\u00e9e sur Internet.<\/p>\n<p>Veuillez lire attentivement notre politique de confidentialit\u00e9 pour comprendre comment nous collectons, utilisons, prot\u00e9geons ou traitons autrement vos informations personnelles identifiables conform\u00e9ment \u00e0 notre site Web.<\/p>\n<h2>Quelles informations personnelles collectons-nous aupr\u00e8s des personnes visitant notre blog, site ou application\u00a0?<\/h2>\n<p>Lorsque vous commandez ou vous inscrivez sur notre site, selon le cas, il peut vous \u00eatre demand\u00e9 d&#039;entrer votre nom, votre adresse e-mail, votre adresse postale, votre num\u00e9ro de t\u00e9l\u00e9phone ou d&#039;autres informations pour vous aider dans votre exp\u00e9rience.<\/p>\n<h2>Quand recueillons-nous des informations ?<\/h2>\n<p>Nous recueillons des informations aupr\u00e8s de vous lorsque vous vous inscrivez sur notre site, passez une commande, vous abonnez \u00e0 une newsletter ou entrez des informations sur notre site.<\/p>\n<h2>Comment utilisons-nous vos informations?<\/h2>\n<p>Nous pouvons utiliser les informations que nous recueillons aupr\u00e8s de vous lorsque vous vous inscrivez, effectuez un achat, vous abonnez \u00e0 notre newsletter, r\u00e9pondez \u00e0 une enqu\u00eate ou \u00e0 un message marketing, naviguez sur le site Web ou utilisez certaines autres fonctionnalit\u00e9s du site de la mani\u00e8re suivante :<\/p>\n<ul>\n<li>Pour traiter vos transactions rapidement.<\/li>\n<li>Pour les e-mails p\u00e9riodiques concernant votre commande ou d&#039;autres produits et services.<\/li>\n<li>Pour garder une trace d&#039;eux apr\u00e8s la correspondance (chat en direct, demandes par e-mail ou par t\u00e9l\u00e9phone).<\/li>\n<\/ul>\n<p>Tout le marketing est conforme \u00e0 la l\u00e9gislation canadienne anti-pourriel (LCAP)<\/p>\n<h2>Comment prot\u00e9geons-nous vos informations?<\/h2>\n<p>Nous fournissons uniquement des articles et des informations. Nous ne demandons jamais les num\u00e9ros de carte de cr\u00e9dit.<br \/>Vos informations personnelles sont conserv\u00e9es derri\u00e8re des r\u00e9seaux s\u00e9curis\u00e9s et ne sont accessibles qu&#039;\u00e0 un nombre limit\u00e9 de personnes qui ont des droits d&#039;acc\u00e8s sp\u00e9ciaux \u00e0 ces syst\u00e8mes et sont tenues de garder vos informations confidentielles. De plus, toutes les informations confidentielles que vous fournissez sont crypt\u00e9es \u00e0 l&#039;aide de la technologie Secure Socket Layer (SSL).<br \/>Nous utilisons diverses mesures de s\u00e9curit\u00e9 lorsqu&#039;un utilisateur passe une commande, entre, envoie ou acc\u00e8de \u00e0 ses informations pour assurer la s\u00e9curit\u00e9 de vos informations personnelles.<\/p>\n<h2>Utilisons-nous des \u00ab cookies \u00bb ?<\/h2>\n<p>Oui. Les cookies sont de petits fichiers que le site ou son fournisseur de services transf\u00e8rent sur le disque dur de votre ordinateur via votre navigateur Web (si vous l&#039;autorisez), ce qui permet au site ou aux syst\u00e8mes de son fournisseur de services de reconna\u00eetre votre navigateur et de capturer et de m\u00e9moriser certaines informations. Par exemple, nous utilisons des cookies pour nous aider \u00e0 m\u00e9moriser et traiter les articles de votre panier. Ils sont \u00e9galement utilis\u00e9s pour nous aider \u00e0 comprendre vos pr\u00e9f\u00e9rences en fonction de l&#039;activit\u00e9 pr\u00e9c\u00e9dente ou actuelle du site, ce qui nous permet de vous fournir un meilleur service. Nous utilisons \u00e9galement des cookies pour collecter des donn\u00e9es agr\u00e9g\u00e9es sur le trafic et les interactions du site Web afin que nous puissions offrir de meilleurs services et outils \u00e0 l&#039;avenir.<\/p>\n<h3>Nous utilisons des cookies\u00a0:<\/h3>\n<ul>\n<li>Vous aider \u00e0 m\u00e9moriser et \u00e0 traiter les articles de votre panier.<\/li>\n<\/ul>\n<p>Vous pouvez choisir que votre ordinateur vous avertisse chaque fois qu&#039;un cookie est envoy\u00e9, ou vous pouvez d\u00e9sactiver tous les cookies. Vous le faites via les param\u00e8tres de votre navigateur. \u00c9tant donn\u00e9 que votre navigateur est un peu diff\u00e9rent, vous pouvez consulter le menu d&#039;aide de votre navigateur pour savoir comment modifier correctement vos cookies.<\/p>\n<p>Si les utilisateurs d\u00e9sactivent les cookies dans leur navigateur\u00a0:<\/p>\n<ul>\n<li>Si vous d\u00e9sactivez les cookies, cela d\u00e9sactivera certaines fonctionnalit\u00e9s du site.<\/li>\n<\/ul>\n<h3>Divulgation d&#039;informations \u00e0 des tiers<\/h3>\n<p>Nous ne vendons, n&#039;\u00e9changeons ni ne partageons vos informations personnelles avec des tiers.<\/p>\n<h3>Liens tiers<\/h3>\n<p>Nous n&#039;incluons ni n&#039;offrons de produits ou services de tiers sur notre site Web.<\/p>\n<h3>Nous avons mis en place ce qui suit :<\/h3>\n<p>Nous, ainsi que des fournisseurs tiers tels que Google, partageons des cookies propri\u00e9taires (par exemple, les cookies Google Analytics) et des cookies tiers (par exemple, les cookies DoubleClick) ou d&#039;autres identifiants tiers.<\/p>\n<h3>Se d\u00e9sengager:<\/h3>\n<p>Les utilisateurs peuvent d\u00e9finir la mani\u00e8re dont Google vous annonce sur la page &quot;Param\u00e8tres de publicit\u00e9 Google&quot;. De plus, vous pouvez vous d\u00e9sinscrire en visitant la page &quot;Opt Out Online Advertising Initiative&quot; ou en utilisant le &quot;Google Analytics Opt Out Browser&quot; facultatif.<\/p>\n<h2>Nous convenons de ce qui suit\u00a0:<\/h2>\n<p>Les utilisateurs peuvent visiter notre site de mani\u00e8re anonyme.<\/p>\n<p>Vous serez inform\u00e9 de toute modification de la politique de confidentialit\u00e9\u00a0:<\/p>\n<ul>\n<li>Sur la page Politique de confidentialit\u00e9<\/li>\n<\/ul>\n<h2>Peut modifier vos informations personnelles\u00a0:<\/h2>\n<ul>\n<li>Envoyez-nous une demande par e-mail administrateur<\/li>\n<\/ul>","protected":false},"excerpt":{"rendered":"","protected":false},"author":1,"featured_media":0,"parent":0,"menu_order":0,"comment_status":"closed","ping_status":"closed","template":"","meta":{"_acf_changed":false,"inline_featured_image":false,"footnotes":""},"class_list":["post-15734","page","type-page","status-publish","hentry"],"acf":[],"_links":{"self":[{"href":"https:\/\/dankbros.net\/fr\/wp-json\/wp\/v2\/pages\/15734","targetHints":{"allow":["GET"]}}],"collection":[{"href":"https:\/\/dankbros.net\/fr\/wp-json\/wp\/v2\/pages"}],"about":[{"href":"https:\/\/dankbros.net\/fr\/wp-json\/wp\/v2\/types\/page"}],"author":[{"embeddable":true,"href":"https:\/\/dankbros.net\/fr\/wp-json\/wp\/v2\/users\/1"}],"replies":[{"embeddable":true,"href":"https:\/\/dankbros.net\/fr\/wp-json\/wp\/v2\/comments?post=15734"}],"version-history":[{"count":0,"href":"https:\/\/dankbros.net\/fr\/wp-json\/wp\/v2\/pages\/15734\/revisions"}],"wp:attachment":[{"href":"https:\/\/dankbros.net\/fr\/wp-json\/wp\/v2\/media?parent=15734"}],"curies":[{"name":"wp","href":"https:\/\/api.w.org\/{rel}","templated":true}]}}