{"id":2085,"date":"2020-08-16T09:56:26","date_gmt":"2020-08-16T09:56:26","guid":{"rendered":"http:\/\/downtoearth.delivery\/?page_id=2085"},"modified":"2024-04-30T11:51:30","modified_gmt":"2024-04-30T11:51:30","slug":"login","status":"publish","type":"page","link":"https:\/\/dankbros.net\/fr\/login\/","title":{"rendered":"Connexion"},"content":{"rendered":"<h1 class=\"wp-block-heading\">Access Your Account<\/h1>\n\n\n\n<h2 class=\"wp-block-heading\">Fr\u00e8res Dank<\/h2>\n\n\n\n\t<section class=\"section\" id=\"section_1416817565\">\n\t\t<div class=\"bg section-bg fill bg-fill bg-loaded bg-loaded\" >\n\n\t\t\t\n\t\t\t\n\t\t\t\n\n\t\t<\/div>\n\n\t\t\n\n\t\t<div class=\"section-content relative\">\n\t\t\t\n\n<div class=\"row\"  id=\"row-1912812512\">\n\n\n\t<div id=\"col-2066728643\" class=\"col medium-6 small-12 large-6\"  >\n\t\t\t\t<div class=\"col-inner\"  >\n\t\t\t\n\t\t\t\n\n<div class=\"container section-title-container\" ><h3 class=\"section-title section-title-center\"><b><\/b><span class=\"section-title-main\" >Connexion<\/span><b><\/b><\/h3><\/div>\n\n\n<div id=\"loginform-0\" class=\"frm_forms with_frm_style  frm_style_formidable-style-2 frm_login_form\">\n\n\t\t<form method=\"post\" action=\"https:\/\/dankbros.net\/wp-login.php\" >\n\n\t\t\n\t\t\t\t<div class=\"frm_form_fields\">\n\t\t\t<fieldset>\n\n\t\t\t\t<div class=\"frm_form_field form-field login-username frm_top_container\">\n\t\t\t\t\t<label for=\"user_login0\" class=\"frm_primary_label\">Username\t\t\t\t\t<\/label>\n\t\t\t\t\t<input id=\"user_login0\" name=\"log\" value=\"\" placeholder=\"\" type=\"text\">\n\t\t\t\t<\/div>\n\n\t\t\t\t<div class=\"frm_form_field form-field login-password frm_top_container\">\n\t\t\t\t\t<label for=\"user_pass0\" class=\"frm_primary_label\">Mot de passe\t\t\t\t\t<\/label>\n\t\t\t\t\t<input id=\"user_pass0\" name=\"pwd\" value=\"\" type=\"password\" placeholder=\"\" >\n\t\t\t\t<\/div>\n\n\t\t\t\t<input type=\"hidden\" name=\"redirect_to\" value=\"\/fr\/wp-json\/wp\/v2\/pages\/2085\" \/>\n\n\t\t\t\t\n\t\t\t\t<div class=\"frm_submit\">\n\t\t\t\t\t<input type=\"submit\" name=\"wp-submit\" id=\"wp-submit0\" value=\"Connexion\" \/>\n\t\t\t\t<\/div>\n\t\t\t\t<div style=\"clear:both;\"><\/div>\n\n\t\t\t\t\n\t\t\t\t\t\t\t\t\t<div class=\"frm_form_field form-field frm_none_container login-remember\">\n\t\t\t\t\t<div class=\"frm_opt_container\">\n\t\t\t\t\t\t<div class=\"frm_checkbox\">\n\t\t\t\t\t\t\t<label for=\"rememberme0\">\n\t\t\t\t\t\t\t<input name=\"rememberme\" id=\"rememberme0\" value=\"forever\" type=\"checkbox\">Remember Me\t\t\t\t\t\t\t<\/label>\n\t\t\t\t\t\t<\/div>\n\t\t\t\t\t<\/div>\n\t\t\t\t<\/div>\n\t\t\t\t\n\t\t\t\t\n\t\t\t\t<div style=\"clear:both;\"><\/div>\n\n\t\t\t<\/fieldset>\n\t\t<\/div>\n\t<\/form>\n<\/div>\n\n\n\t\t<\/div>\n\t\t\t\t\t<\/div>\n\n\t\n\n\t<div id=\"col-761393055\" class=\"col medium-6 small-12 large-6\"  >\n\t\t\t\t<div class=\"col-inner\"  >\n\t\t\t\n\t\t\t\n\n<div class=\"container section-title-container\" ><h3 class=\"section-title section-title-center\"><b><\/b><span class=\"section-title-main\" >Inscription<\/span><b><\/b><\/h3><\/div>\n\n<div class=\"frm_forms  with_frm_style frm_style_formidable-style-2\" id=\"frm_form_2_container\" >\n<form enctype=\"multipart\/form-data\" method=\"post\" class=\"frm-show-form  frm_pro_form\" id=\"form_registrationfor\" action=\"\" >\n<div class=\"frm_form_fields\">\n<fieldset>\n<legend class=\"frm_screen_reader\">Inscription<\/legend>\r\n\r\n<div class=\"frm_fields_container\">\n<input type=\"hidden\" name=\"frm_action\" value=\"create\" \/>\n<input type=\"hidden\" name=\"form_id\" value=\"2\" \/>\n<input type=\"hidden\" name=\"frm_hide_fields_2\" id=\"frm_hide_fields_2\" value=\"\" \/>\n<input type=\"hidden\" name=\"form_key\" value=\"registrationfor\" \/>\n<input type=\"hidden\" name=\"item_meta[0]\" value=\"\" \/>\n<input type=\"hidden\" id=\"frm_submit_entry_2\" name=\"frm_submit_entry_2\" value=\"aa887c9341\" \/><input type=\"hidden\" name=\"_wp_http_referer\" value=\"\/fr\/wp-json\/wp\/v2\/pages\/2085\" \/><div id=\"frm_field_6_container\" class=\"frm_form_field form-field  frm_required_field frm_top_container\">\r\n    <label for=\"field_xr4sq\" id=\"field_xr4sq_label\" class=\"frm_primary_label\">Pr\u00e9nom\r\n        <span class=\"frm_required\">*<\/span>\r\n    <\/label>\r\n    <input type=\"text\" id=\"field_xr4sq\" name=\"item_meta[6]\" value=\"\"  data-reqmsg=\"First Name cannot be blank.\" aria-required=\"true\" data-invmsg=\"Text is invalid\" aria-invalid=\"false\"  \/>\r\n    \r\n    \r\n<\/div>\n<div id=\"frm_field_7_container\" class=\"frm_form_field form-field  frm_required_field frm_top_container\">\r\n    <label for=\"field_axmxh\" id=\"field_axmxh_label\" class=\"frm_primary_label\">Nom de famille\r\n        <span class=\"frm_required\">*<\/span>\r\n    <\/label>\r\n    <input type=\"text\" id=\"field_axmxh\" name=\"item_meta[7]\" value=\"\"  data-reqmsg=\"Last Name cannot be blank.\" aria-required=\"true\" data-invmsg=\"Text is invalid\" aria-invalid=\"false\"  \/>\r\n    \r\n    \r\n<\/div>\n<div id=\"frm_field_8_container\" class=\"frm_form_field form-field  frm_required_field frm_top_container frm_full\">\r\n    <label for=\"field_sy97l\" id=\"field_sy97l_label\" class=\"frm_primary_label\">E-mail\r\n        <span class=\"frm_required\">*<\/span>\r\n    <\/label>\r\n    <input type=\"email\" id=\"field_sy97l\" name=\"item_meta[8]\" value=\"\"  data-reqmsg=\"Email cannot be blank.\" aria-required=\"true\" data-invmsg=\"Email is invalid\" aria-invalid=\"false\"  \/>\r\n    \r\n    \r\n<\/div>\n<div id=\"frm_field_9_container\" class=\"frm_form_field form-field  frm_required_field frm_top_container frm_full\">\r\n    <label for=\"field_5uiwj\" id=\"field_5uiwj_label\" class=\"frm_primary_label\">Mot de passe\r\n        <span class=\"frm_required\">*<\/span>\r\n    <\/label>\r\n    <input type=\"password\" id=\"field_5uiwj\" name=\"item_meta[9]\" value=\"\"  data-reqmsg=\"Password cannot be blank.\" aria-required=\"true\" data-invmsg=\"Password is invalid\" class=\"frm_strength_meter\" aria-invalid=\"false\"  \/><div id=\"frm_password_strength_9\" class=\"frm-password-strength\"><span id=\"frm-pass-eight-char-9\" class=\"frm-pass-req\"><svg  viewbox=\"0 0 20 20\" class=\"frmsvg frm_cancel1_icon failed_svg\">\n\t<title>cancel1<\/title>\n\t<path d=\"M10 0a10 10 0 1 0 0 20 10 10 0 0 0 0-20zm0 18a8 8 0 1 1 0-16 8 8 0 0 1 0 16zm3.6-13L10 8.6 6.4 5 5 6.4 8.6 10 5 13.6 6.4 15l3.6-3.6 3.6 3.6 1.4-1.4-3.6-3.6L15 6.4z\"><\/path>\n<\/svg><svg  viewbox=\"0 0 20 20\" class=\"frmsvg frm_check1_icon passed_svg\">\n\t<title>check1<\/title>\n\t<path d=\"M10 .3a9.7 9.7 0 1 0 0 19.4A9.7 9.7 0 0 0 10 .3zm0 1.9a7.8 7.8 0 1 1 0 15.6 7.8 7.8 0 0 1 0-15.6zm5.5 5l-.9-.8a.5.5 0 0 0-.7 0l-5.5 5.5-2.3-2.4a.5.5 0 0 0-.7 0l-.9.9c-.2.2-.2.5 0 .6l3.6 3.6c.2.2.4.2.6 0L15.5 8c.2-.1.2-.4 0-.6z\"><\/path>\n<\/svg>Eight characters minimum<\/span>\r\n<span id=\"frm-pass-lowercase-9\" class=\"frm-pass-req\"><svg  viewbox=\"0 0 20 20\" class=\"frmsvg frm_cancel1_icon failed_svg\">\n\t<title>cancel1<\/title>\n\t<path d=\"M10 0a10 10 0 1 0 0 20 10 10 0 0 0 0-20zm0 18a8 8 0 1 1 0-16 8 8 0 0 1 0 16zm3.6-13L10 8.6 6.4 5 5 6.4 8.6 10 5 13.6 6.4 15l3.6-3.6 3.6 3.6 1.4-1.4-3.6-3.6L15 6.4z\"><\/path>\n<\/svg><svg  viewbox=\"0 0 20 20\" class=\"frmsvg frm_check1_icon passed_svg\">\n\t<title>check1<\/title>\n\t<path d=\"M10 .3a9.7 9.7 0 1 0 0 19.4A9.7 9.7 0 0 0 10 .3zm0 1.9a7.8 7.8 0 1 1 0 15.6 7.8 7.8 0 0 1 0-15.6zm5.5 5l-.9-.8a.5.5 0 0 0-.7 0l-5.5 5.5-2.3-2.4a.5.5 0 0 0-.7 0l-.9.9c-.2.2-.2.5 0 .6l3.6 3.6c.2.2.4.2.6 0L15.5 8c.2-.1.2-.4 0-.6z\"><\/path>\n<\/svg>One lowercase letter<\/span>\r\n<span id=\"frm-pass-uppercase-9\" class=\"frm-pass-req\"><svg  viewbox=\"0 0 20 20\" class=\"frmsvg frm_cancel1_icon failed_svg\">\n\t<title>cancel1<\/title>\n\t<path d=\"M10 0a10 10 0 1 0 0 20 10 10 0 0 0 0-20zm0 18a8 8 0 1 1 0-16 8 8 0 0 1 0 16zm3.6-13L10 8.6 6.4 5 5 6.4 8.6 10 5 13.6 6.4 15l3.6-3.6 3.6 3.6 1.4-1.4-3.6-3.6L15 6.4z\"><\/path>\n<\/svg><svg  viewbox=\"0 0 20 20\" class=\"frmsvg frm_check1_icon passed_svg\">\n\t<title>check1<\/title>\n\t<path d=\"M10 .3a9.7 9.7 0 1 0 0 19.4A9.7 9.7 0 0 0 10 .3zm0 1.9a7.8 7.8 0 1 1 0 15.6 7.8 7.8 0 0 1 0-15.6zm5.5 5l-.9-.8a.5.5 0 0 0-.7 0l-5.5 5.5-2.3-2.4a.5.5 0 0 0-.7 0l-.9.9c-.2.2-.2.5 0 .6l3.6 3.6c.2.2.4.2.6 0L15.5 8c.2-.1.2-.4 0-.6z\"><\/path>\n<\/svg>One uppercase letter<\/span>\r\n<span id=\"frm-pass-number-9\" class=\"frm-pass-req\"><svg  viewbox=\"0 0 20 20\" class=\"frmsvg frm_cancel1_icon failed_svg\">\n\t<title>cancel1<\/title>\n\t<path d=\"M10 0a10 10 0 1 0 0 20 10 10 0 0 0 0-20zm0 18a8 8 0 1 1 0-16 8 8 0 0 1 0 16zm3.6-13L10 8.6 6.4 5 5 6.4 8.6 10 5 13.6 6.4 15l3.6-3.6 3.6 3.6 1.4-1.4-3.6-3.6L15 6.4z\"><\/path>\n<\/svg><svg  viewbox=\"0 0 20 20\" class=\"frmsvg frm_check1_icon passed_svg\">\n\t<title>check1<\/title>\n\t<path d=\"M10 .3a9.7 9.7 0 1 0 0 19.4A9.7 9.7 0 0 0 10 .3zm0 1.9a7.8 7.8 0 1 1 0 15.6 7.8 7.8 0 0 1 0-15.6zm5.5 5l-.9-.8a.5.5 0 0 0-.7 0l-5.5 5.5-2.3-2.4a.5.5 0 0 0-.7 0l-.9.9c-.2.2-.2.5 0 .6l3.6 3.6c.2.2.4.2.6 0L15.5 8c.2-.1.2-.4 0-.6z\"><\/path>\n<\/svg>One number<\/span>\r\n<span id=\"frm-pass-special-char-9\" class=\"frm-pass-req\"><svg  viewbox=\"0 0 20 20\" class=\"frmsvg frm_cancel1_icon failed_svg\">\n\t<title>cancel1<\/title>\n\t<path d=\"M10 0a10 10 0 1 0 0 20 10 10 0 0 0 0-20zm0 18a8 8 0 1 1 0-16 8 8 0 0 1 0 16zm3.6-13L10 8.6 6.4 5 5 6.4 8.6 10 5 13.6 6.4 15l3.6-3.6 3.6 3.6 1.4-1.4-3.6-3.6L15 6.4z\"><\/path>\n<\/svg><svg  viewbox=\"0 0 20 20\" class=\"frmsvg frm_check1_icon passed_svg\">\n\t<title>check1<\/title>\n\t<path d=\"M10 .3a9.7 9.7 0 1 0 0 19.4A9.7 9.7 0 0 0 10 .3zm0 1.9a7.8 7.8 0 1 1 0 15.6 7.8 7.8 0 0 1 0-15.6zm5.5 5l-.9-.8a.5.5 0 0 0-.7 0l-5.5 5.5-2.3-2.4a.5.5 0 0 0-.7 0l-.9.9c-.2.2-.2.5 0 .6l3.6 3.6c.2.2.4.2.6 0L15.5 8c.2-.1.2-.4 0-.6z\"><\/path>\n<\/svg>One special character<\/span>\r\n<\/div>\r\n    \r\n    \r\n<\/div>\n<div id=\"frm_field_conf_9_container\" class=\"frm_form_field frm_hidden_container frm_conf_field form-field  frm_required_field frm_top_container frm_full\">\r\n    <label for=\"field_conf_5uiwj\" id=\"field_conf_5uiwj_label\" class=\"frm_conf_label frm_primary_label\">Confirmez le mot de passe\r\n        <span class=\"frm_required\">*<\/span>\r\n    <\/label>\r\n    <input type=\"password\" id=\"field_conf_5uiwj\" name=\"item_meta[conf_9]\" value=\"\"  placeholder=\"Confirmez le mot de passe\" data-reqmsg=\"Confirm Password cannot be blank.\" aria-required=\"true\" data-confmsg=\"The entered values do not match\" data-invmsg=\"Confirm Password is invalid\" class=\"frm_strength_meter\" aria-invalid=\"false\"  \/>\r\n    \r\n    \r\n<\/div>\n<div class=\"regsun\">\r\n<div class=\"marmelad\"><img decoding=\"async\" src=\"https:\/\/dankbros.net\/wp-content\/uploads\/reg2.webp\"><\/img>\r\n<div id=\"frm_field_10_container\" class=\"frm_form_field form-field  frm_required_field frm_top_container\">\r\n\r\n    <div  id=\"field_lam8n_label\" class=\"frm_primary_label\">T\u00e9l\u00e9charger un selfie <strong>avec votre pi\u00e8ce d&#039;identit\u00e9<\/strong>\r\n        <span class=\"frm_required\">*<\/span>\r\n    <\/div>\r\n    <input type=\"hidden\"  data-reqmsg=\"Upload a selfie &lt;strong&gt;with your ID&lt;\/strong&gt; cannot be blank.\" data-invmsg=\"File Upload is invalid\" class=\"auto_width\" aria-invalid=\"false\"   name=\"item_meta[10]\"  value=\"\"  data-frmfile=\"10\" \/>\n\n<div class=\"frm_dropzone frm_single_upload frm_clearfix\" id=\"file10_dropzone\" role=\"group\" >\n\t<div class=\"fallback\">\n\t\t<input type=\"file\" name=\"file10\" id=\"field_lam8n\"\n\t\t\t data-reqmsg=\"Upload a selfie &lt;strong&gt;with your ID&lt;\/strong&gt; cannot be blank.\" data-invmsg=\"File Upload is invalid\" class=\"auto_width\" aria-invalid=\"false\"  \t\t\t\/>\n\t\t\t\t<div class=\"frm_clearfix\"><\/div>\n\t<\/div>\n\t<div class=\"dz-message needsclick\">\n\t\t\t\t<svg  viewbox=\"0 0 18 18\" class=\"frmsvg frm-svg-icon\">\n\t<path viewbox=\"0 0 18 18\" fill-rule=\"evenodd\" clip-rule=\"evenodd\" d=\"M8.2 4v8a.8.8 0 001.5 0V4l2.1 2.2A.7.7 0 1013 5L9.5 1.7a.7.7 0 00-1.1 0L5.1 5.2a.8.8 0 001 1l2.1-2zm7.6 4.3c.4 0 .7.3.7.7v6.8c0 .4-.3.7-.8.7H2.3a.8.8 0 01-.8-.8V9A.8.8 0 013 9v6h12V9c0-.4.3-.8.8-.8z\"><\/path>\n<\/svg>\t\t<span class=\"frm_upload_text\"><button type=\"button\" aria-label=\"T&eacute;l&eacute;charger un selfie &lt;strong&gt;avec votre pi&egrave;ce d&amp;#039;identit&eacute;&lt;\/strong&gt;. Drop a file here or click to upload. Maximum file size: 12MB\">D\u00e9posez un fichier ici ou cliquez pour t\u00e9l\u00e9charger<\/button><\/span>\n\t\t<span class=\"frm_compact_text\"><button type=\"button\" aria-label=\"T&eacute;l&eacute;charger un selfie &lt;strong&gt;avec votre pi&egrave;ce d&amp;#039;identit&eacute;&lt;\/strong&gt;. Choose File. Maximum file size: 12MB\">Choisir le fichier<\/button><\/span>\n\t\t<div class=\"frm_small_text\">\n\t\t\t<p>Maximum file size: 12MB<\/p>\n\t\t<\/div>\n\t<\/div>\n<\/div>\n\t\r\n    \r\n    \r\n<\/div><\/div><div>\n<div class=\"regsun\">\r\n<div class=\"marmelad\"><img decoding=\"async\" src=\"https:\/\/dankbros.net\/wp-content\/uploads\/reg1.webp\"><\/img>\r\n<div id=\"frm_field_11_container\" class=\"frm_form_field form-field  frm_required_field frm_top_container\">\r\n\r\n    <div  id=\"field_cwid1_label\" class=\"frm_primary_label\">T\u00e9l\u00e9charger une photo <strong>de votre pi\u00e8ce d&#039;identit\u00e9<\/strong>\r\n        <span class=\"frm_required\">*<\/span>\r\n    <\/div>\r\n    <input type=\"hidden\"  data-reqmsg=\"Upload a photo &lt;strong&gt;of your ID&lt;\/strong&gt; cannot be blank.\" data-invmsg=\"File Upload is invalid\" class=\"auto_width\" aria-invalid=\"false\"   name=\"item_meta[11]\"  value=\"\"  data-frmfile=\"11\" \/>\n\n<div class=\"frm_dropzone frm_single_upload frm_clearfix\" id=\"file11_dropzone\" role=\"group\" >\n\t<div class=\"fallback\">\n\t\t<input type=\"file\" name=\"file11\" id=\"field_cwid1\"\n\t\t\t data-reqmsg=\"Upload a photo &lt;strong&gt;of your ID&lt;\/strong&gt; cannot be blank.\" data-invmsg=\"File Upload is invalid\" class=\"auto_width\" aria-invalid=\"false\"  \t\t\t\/>\n\t\t\t\t<div class=\"frm_clearfix\"><\/div>\n\t<\/div>\n\t<div class=\"dz-message needsclick\">\n\t\t\t\t<svg  viewbox=\"0 0 18 18\" class=\"frmsvg frm-svg-icon\">\n\t<path viewbox=\"0 0 18 18\" fill-rule=\"evenodd\" clip-rule=\"evenodd\" d=\"M8.2 4v8a.8.8 0 001.5 0V4l2.1 2.2A.7.7 0 1013 5L9.5 1.7a.7.7 0 00-1.1 0L5.1 5.2a.8.8 0 001 1l2.1-2zm7.6 4.3c.4 0 .7.3.7.7v6.8c0 .4-.3.7-.8.7H2.3a.8.8 0 01-.8-.8V9A.8.8 0 013 9v6h12V9c0-.4.3-.8.8-.8z\"><\/path>\n<\/svg>\t\t<span class=\"frm_upload_text\"><button type=\"button\" aria-label=\"T&eacute;l&eacute;charger une photo &lt;strong&gt;de votre pi&egrave;ce d&amp;#039;identit&eacute;&lt;\/strong&gt;. Drop a file here or click to upload. Maximum file size: 12MB\">D\u00e9posez un fichier ici ou cliquez pour t\u00e9l\u00e9charger<\/button><\/span>\n\t\t<span class=\"frm_compact_text\"><button type=\"button\" aria-label=\"T&eacute;l&eacute;charger une photo &lt;strong&gt;de votre pi&egrave;ce d&amp;#039;identit&eacute;&lt;\/strong&gt;. Choose File. Maximum file size: 12MB\">Choisir le fichier<\/button><\/span>\n\t\t<div class=\"frm_small_text\">\n\t\t\t<p>Maximum file size: 12MB<\/p>\n\t\t<\/div>\n\t<\/div>\n<\/div>\n\t\r\n    \r\n    \r\n<\/div><\/div><div>\n<div id=\"frm_field_12_container\" class=\"frm_form_field  frm_html_container form-field\">\n<div id=\"noteformreg\">\n<p><strong>REMARQUE*:<\/strong>Ces 2 photos sont n\u00e9cessaires pour s&#039;inscrire<\/p>\n<\/div>\n<\/div>\n<input type=\"hidden\" name=\"item_meta[13]\" id=\"field_43zxg\" value=\"\" data-frmval=\"\"\/>\n<div id=\"frm_field_14_container\" class=\"frm_form_field form-field  frm_none_container\">\r\n    <label for=\"g-recaptcha-response\" id=\"field_g7f3p_label\" class=\"frm_primary_label\">reCAPTCHA\r\n        <span class=\"frm_required\"><\/span>\r\n    <\/label>\r\n    <div  id=\"field_g7f3p\" class=\"frm-g-recaptcha\" data-sitekey=\"6LcqN5AUAAAAAIfB4nlwaSvcnISL31I-s2gfFXT9\" data-size=\"normal\" data-theme=\"light\"><\/div>\r\n    \r\n    \r\n<\/div>\n<div id=\"frm_field_16_container\" class=\"frm_form_field form-field\">\r\n\t<div class=\"frm_submit\">\r\n\r\n<button class=\"frm_button_submit frm_final_submit\" type=\"submit\"   formnovalidate=\"formnovalidate\">Soumettre<\/button>\r\n\r\n<\/div>\r\n<\/div>\n\t<input type=\"hidden\" name=\"item_key\" value=\"\" \/>\n\t\t\t<div id=\"frm_field_17_container\">\n\t\t\t<label for=\"field_5480z\" >\n\t\t\t\tIf you are human, leave this field blank.\t\t\t<\/label>\n\t\t\t<input  id=\"field_5480z\" type=\"text\" class=\"frm_form_field form-field frm_verify\" name=\"item_meta[17]\" value=\"\"  \/>\n\t\t<\/div>\n\t\t<input type=\"hidden\" name=\"frm_register[email]\" value=\"8\"\/><input type=\"hidden\" name=\"frm_register[username]\" value=\"-1\"\/><input type=\"hidden\" name=\"frm_register[password]\" value=\"9\"\/><input type=\"hidden\" name=\"frm_register[subsite_title]\" value=\"username\"\/><input type=\"hidden\" name=\"frm_register[subsite_domain]\" value=\"blog_title\"\/><input name=\"frm_state\" type=\"hidden\" value=\"3wtjXIZQz5sg88+NJw\/ZIfz6cdbiU5KIlkoTbEZCit4Rq6UhxIMVEjGxUmQFuwjF\" \/><\/div>\n<\/fieldset>\n<\/div>\n\n<input type=\"hidden\" name=\"trp-form-language\" value=\"fr\"\/><\/form>\n<\/div>\n\n\n\t\t<\/div>\n\t\t\t\t\t<\/div>\n\n\t\n\n<\/div>\n\n\t\t<\/div>\n\n\t\t\n<style>\n#section_1416817565 {\n  padding-top: 30px;\n  padding-bottom: 30px;\n}\n#section_1416817565 .ux-shape-divider--top svg {\n  height: 150px;\n  --divider-top-width: 100%;\n}\n#section_1416817565 .ux-shape-divider--bottom svg {\n  height: 150px;\n  --divider-width: 100%;\n}\n<\/style>\n\t<\/section>","protected":false},"excerpt":{"rendered":"<p>Access Your Account Dank Bros<\/p>","protected":false},"author":1,"featured_media":0,"parent":0,"menu_order":0,"comment_status":"closed","ping_status":"closed","template":"","meta":{"_acf_changed":false,"inline_featured_image":false,"footnotes":""},"class_list":["post-2085","page","type-page","status-publish","hentry"],"acf":[],"_links":{"self":[{"href":"https:\/\/dankbros.net\/fr\/wp-json\/wp\/v2\/pages\/2085","targetHints":{"allow":["GET"]}}],"collection":[{"href":"https:\/\/dankbros.net\/fr\/wp-json\/wp\/v2\/pages"}],"about":[{"href":"https:\/\/dankbros.net\/fr\/wp-json\/wp\/v2\/types\/page"}],"author":[{"embeddable":true,"href":"https:\/\/dankbros.net\/fr\/wp-json\/wp\/v2\/users\/1"}],"replies":[{"embeddable":true,"href":"https:\/\/dankbros.net\/fr\/wp-json\/wp\/v2\/comments?post=2085"}],"version-history":[{"count":0,"href":"https:\/\/dankbros.net\/fr\/wp-json\/wp\/v2\/pages\/2085\/revisions"}],"wp:attachment":[{"href":"https:\/\/dankbros.net\/fr\/wp-json\/wp\/v2\/media?parent=2085"}],"curies":[{"name":"wp","href":"https:\/\/api.w.org\/{rel}","templated":true}]}}