{"id":415,"date":"2020-08-07T13:29:36","date_gmt":"2020-08-07T13:29:36","guid":{"rendered":"http:\/\/downtoearth.delivery\/?page_id=415"},"modified":"2024-05-16T15:42:33","modified_gmt":"2024-05-16T15:42:33","slug":"about-us","status":"publish","type":"page","link":"https:\/\/dankbros.net\/fr\/about-us\/","title":{"rendered":"\u00c0 propos de nous"},"content":{"rendered":"<section class=\"section\" id=\"section_54457654\">\n\t\t<div class=\"bg section-bg fill bg-fill bg-loaded bg-loaded\" >\n\n\t\t\t\n\t\t\t\n\t\t\t\n\n\t\t<\/div>\n\n\t\t\n\n\t\t<div class=\"section-content relative\">\n\t\t\t\n\n<div class=\"container section-title-container\" style=\"max-width:100%;\"><h3 class=\"section-title section-title-center\"><b><\/b><span class=\"section-title-main\" >\u00c0 propos de nous<\/span><b><\/b><\/h3><\/div>\n\n<div class=\"row\"  id=\"row-430474248\">\n\n\n\t<div id=\"col-576365890\" class=\"col medium-6 small-12 large-6\"  >\n\t\t\t\t<div class=\"col-inner\"  >\n\t\t\t\n\t\t\t\n\n\t<div class=\"img has-hover x md-x lg-x y md-y lg-y\" id=\"image_969948096\">\n\t\t\t\t\t\t\t\t<div class=\"img-inner image-cover dark\" style=\"padding-top:80%;\">\n\t\t\t<img loading=\"lazy\" decoding=\"async\" width=\"600\" height=\"800\" src=\"https:\/\/dankbros.net\/wp-content\/uploads\/2020\/12\/galactic-goo-600x800.jpeg\" class=\"attachment-large size-large\" alt=\"\" srcset=\"https:\/\/dankbros.net\/wp-content\/uploads\/2020\/12\/galactic-goo-600x800.jpeg 600w, https:\/\/dankbros.net\/wp-content\/uploads\/2020\/12\/galactic-goo-300x400.jpeg 300w, https:\/\/dankbros.net\/wp-content\/uploads\/2020\/12\/galactic-goo-768x1024.jpeg 768w, https:\/\/dankbros.net\/wp-content\/uploads\/2020\/12\/galactic-goo-1152x1536.jpeg 1152w, https:\/\/dankbros.net\/wp-content\/uploads\/2020\/12\/galactic-goo-510x680.jpeg 510w, https:\/\/dankbros.net\/wp-content\/uploads\/2020\/12\/galactic-goo.jpeg 1200w\" sizes=\"auto, (max-width: 600px) 100vw, 600px\" \/>\t\t\t\t\t\t\n\t\t\t\t\t<\/div>\n\t\t\t\t\t\t\t\t\n<style>\n#image_969948096 {\n  width: 100%;\n}\n<\/style>\n\t<\/div>\n\t\n\n\n\t\t<\/div>\n\t\t\t\t\t<\/div>\n\n\t\n\n\t<div id=\"col-241154034\" class=\"col medium-6 small-12 large-6\"  >\n\t\t\t\t<div class=\"col-inner\"  >\n\t\t\t\n\t\t\t\n\n<p class=\"MuiTypography-root jss2540 MuiTypography-body1\" style=\"text-align: center;\"><strong>\u00c0 propos de nous<\/strong><\/p>\n<p class=\"MuiTypography-root jss2540 MuiTypography-body1\" style=\"text-align: center;\"><strong>DankBros est le premier service de vente par correspondance au Canada. Nous assurons la livraison le jour m\u00eame dans la RGT et la livraison express du courrier partout au Canada! <\/strong><\/p>\n<p style=\"text-align: center;\">Nous aimons le cannabis pour ses merveilleuses propri\u00e9t\u00e9s, c&#039;est exactement pourquoi nous offrons les services que nous proposons. En tant que fournisseur de cannabis de premier plan, nous nous effor\u00e7ons de fournir du cannabis de haute qualit\u00e9 aux clients lorsqu&#039;ils en ont besoin.<\/p>\n<p style=\"text-align: center;\">As the years pass on, we can appreciate the miracle effects of <a href=\"https:\/\/adf.org.au\/drug-facts\/cannabis\/\" target=\"_blank\" rel=\"noopener\">cannabis<\/a> which is great for people who suffer from a variety of different diseases, disorders, and conditions, and we strive to provide accessibility for those in need!<\/p>\n\n\t\t<\/div>\n\t\t\t\t\t<\/div>\n\n\t\n\n<\/div>\n<div class=\"row\"  id=\"row-1433700872\">\n\n\n\t<div id=\"col-785144909\" class=\"col medium-6 small-12 large-6\"  >\n\t\t\t\t<div class=\"col-inner\"  >\n\t\t\t\n\t\t\t\n\n<h2 style=\"text-align: center; color: #00a859;\">Importance<\/h2>\n<p style=\"text-align: center;\">\u00c0 <a href=\"https:\/\/dankbros.net\/fr\/\">Fr\u00e8res Dank<\/a> we know the importance of providing patients with affordable, premium quality cannabis. Whether you suffer from chronic pain, anxiety, or other conditions and disorders that require cannabis treatment, we will get you the treatment you need, when you need it! Our ordering system is user-friendly and it will take you no time to start ordering immediately. All of our marijuana strains are locally sourced from reputable growers. We also understand the importance of your order and your need to be discreet. Whether you\u2019ve got nosy roommates or you would just prefer to keep your cannabis use a secret, our fast and simple service will make sure that your business, stays yours!\u00a0 We market a variety of different flowers, concentrates and edibles. No matter what your preference is, our products are sure to satisfy!<\/p>\n\n\t\t<\/div>\n\t\t\t\t\t<\/div>\n\n\t\n\n\t<div id=\"col-280061596\" class=\"col medium-6 small-12 large-6\"  >\n\t\t\t\t<div class=\"col-inner\"  >\n\t\t\t\n\t\t\t\n\n\t<div class=\"img has-hover x md-x lg-x y md-y lg-y\" id=\"image_649766297\">\n\t\t\t\t\t\t\t\t<div class=\"img-inner image-cover dark\" style=\"padding-top:85%;\">\n\t\t\t<img loading=\"lazy\" decoding=\"async\" width=\"758\" height=\"800\" src=\"https:\/\/dankbros.net\/wp-content\/uploads\/2020\/12\/island-rockstar-2-758x800.jpeg\" class=\"attachment-large size-large\" alt=\"\" srcset=\"https:\/\/dankbros.net\/wp-content\/uploads\/2020\/12\/island-rockstar-2-758x800.jpeg 758w, https:\/\/dankbros.net\/wp-content\/uploads\/2020\/12\/island-rockstar-2-600x633.jpeg 600w, https:\/\/dankbros.net\/wp-content\/uploads\/2020\/12\/island-rockstar-2-379x400.jpeg 379w, https:\/\/dankbros.net\/wp-content\/uploads\/2020\/12\/island-rockstar-2-768x811.jpeg 768w, https:\/\/dankbros.net\/wp-content\/uploads\/2020\/12\/island-rockstar-2-510x538.jpeg 510w, https:\/\/dankbros.net\/wp-content\/uploads\/2020\/12\/island-rockstar-2.jpeg 1189w\" sizes=\"auto, (max-width: 758px) 100vw, 758px\" \/>\t\t\t\t\t\t\n\t\t\t\t\t<\/div>\n\t\t\t\t\t\t\t\t\n<style>\n#image_649766297 {\n  width: 100%;\n}\n<\/style>\n\t<\/div>\n\t\n\n\n\t\t<\/div>\n\t\t\t\t\t<\/div>\n\n\t\n\n<\/div>\n<div class=\"row\"  id=\"row-1065195064\">\n\n\n\t<div id=\"col-1669135645\" class=\"col medium-6 small-12 large-6\"  >\n\t\t\t\t<div class=\"col-inner\"  >\n\t\t\t\n\t\t\t\n\n\t<div class=\"img has-hover x md-x lg-x y md-y lg-y\" id=\"image_1455197728\">\n\t\t\t\t\t\t\t\t<div class=\"img-inner image-cover dark\" style=\"padding-top:80%;\">\n\t\t\t<img loading=\"lazy\" decoding=\"async\" width=\"1000\" height=\"492\" src=\"https:\/\/dankbros.net\/wp-content\/uploads\/2020\/08\/buying-marijuana-online.png\" class=\"attachment-large size-large\" alt=\"\" srcset=\"https:\/\/dankbros.net\/wp-content\/uploads\/2020\/08\/buying-marijuana-online.png 1000w, https:\/\/dankbros.net\/wp-content\/uploads\/2020\/08\/buying-marijuana-online-600x295.png 600w, https:\/\/dankbros.net\/wp-content\/uploads\/2020\/08\/buying-marijuana-online-800x394.png 800w, https:\/\/dankbros.net\/wp-content\/uploads\/2020\/08\/buying-marijuana-online-768x378.png 768w, https:\/\/dankbros.net\/wp-content\/uploads\/2020\/08\/buying-marijuana-online-510x251.png 510w\" sizes=\"auto, (max-width: 1000px) 100vw, 1000px\" \/>\t\t\t\t\t\t\n\t\t\t\t\t<\/div>\n\t\t\t\t\t\t\t\t\n<style>\n#image_1455197728 {\n  width: 100%;\n}\n<\/style>\n\t<\/div>\n\t\n\n\n\t\t<\/div>\n\t\t\t\t\t<\/div>\n\n\t\n\n\t<div id=\"col-542648571\" class=\"col medium-6 small-12 large-6\"  >\n\t\t\t\t<div class=\"col-inner\"  >\n\t\t\t\n\t\t\t\n\n<h2 style=\"text-align: center; color: #00a859;\">Services chez Dank Bros<\/h2>\n<p style=\"text-align: center;\">Nous nous faisons \u00e9galement un devoir de rester aussi \u00e0 jour que possible sur les tendances du cannabis. Dormez tranquille car nous nous occupons du reste, nos membres sont toujours une priorit\u00e9. Les services que nous fournissons suivent une exigence de qualit\u00e9 stricte, ce qui signifie que tous vos produits livr\u00e9s sont discr\u00e8tement emball\u00e9s et scell\u00e9s sous vide \u00e0 la perfection.<br \/>If you need weed delivery Burnaby, <a href=\"https:\/\/dankbros.net\/fr\/calgary-weed-delivery\/\">Livraison de mauvaises herbes \u00e0 Calgary<\/a>, ou <a href=\"https:\/\/dankbros.net\/fr\/coquitlam-weed-delivery\/\">Livraison de mauvaises herbes \u00e0 Coquitlam<\/a> services, just contact Dank Bros today!<\/p>\n<p style=\"text-align: center;\">Notre chat en direct r\u00e9pondra \u00e0 tous vos besoins, assurez-vous simplement de nous contacter au 647-660-8063<\/p>\n<p>\u00a0<\/p>\n\n\t\t<\/div>\n\t\t\t\t\t<\/div>\n\n\t\n\n<\/div>\n\n\t\t<\/div>\n\n\t\t\n<style>\n#section_54457654 {\n  padding-top: 30px;\n  padding-bottom: 30px;\n}\n#section_54457654 .ux-shape-divider--top svg {\n  height: 150px;\n  --divider-top-width: 100%;\n}\n#section_54457654 .ux-shape-divider--bottom svg {\n  height: 150px;\n  --divider-width: 100%;\n}\n<\/style>\n\t<\/section>\n\t\n\t<section class=\"section\" id=\"section_574197861\">\n\t\t<div class=\"bg section-bg fill bg-fill bg-loaded\" >\n\n\t\t\t\n\t\t\t\n\t\t\t\n\n\t\t<\/div>\n\n\t\t\n\n\t\t<div class=\"section-content relative\">\n\t\t\t\n\n<div class=\"row\"  id=\"row-816518641\">\n\n\n\t<div id=\"col-612127289\" class=\"col medium-6 small-12 large-6\"  >\n\t\t\t\t<div class=\"col-inner text-left\"  >\n\t\t\t\n\t\t\t\n\n<h1>Alors qu&#039;est-ce que tu attends?<\/h1>\n<p>Passer votre commande. Nous nous occupons du reste !<\/p>\n\n\t\t<\/div>\n\t\t\t\t\t<\/div>\n\n\t\n\n\t<div id=\"col-275425951\" class=\"col medium-6 small-12 large-6\"  >\n\t\t\t\t<div class=\"col-inner text-right\"  >\n\t\t\t\n\t\t\t\n\n<a href=\"\/fr\/shop\/\" target=\"_self\" class=\"button white is-outline is-larger\"  >\n    <span>Achetez maintenant<\/span>\n  <\/a>\n\n\n\n\t\t<\/div>\n\t\t\t\t\n<style>\n#col-275425951 > .col-inner {\n  padding: 3px 0px 0px 0px;\n}\n<\/style>\n\t<\/div>\n\n\t\n\n<\/div>\n\n\t\t<\/div>\n\n\t\t\n<style>\n#section_574197861 {\n  padding-top: 30px;\n  padding-bottom: 30px;\n}\n#section_574197861 .section-bg.bg-loaded {\n  background-image: url(https:\/\/dankbros.net\/wp-content\/uploads\/2020\/08\/about_bg02-1400x299-1.png);\n}\n#section_574197861 .ux-shape-divider--top svg {\n  height: 150px;\n  --divider-top-width: 100%;\n}\n#section_574197861 .ux-shape-divider--bottom svg {\n  height: 150px;\n  --divider-width: 100%;\n}\n<\/style>\n\t<\/section>","protected":false},"excerpt":{"rendered":"","protected":false},"author":1,"featured_media":0,"parent":0,"menu_order":0,"comment_status":"closed","ping_status":"closed","template":"page-blank.php","meta":{"_acf_changed":false,"inline_featured_image":false,"footnotes":""},"class_list":["post-415","page","type-page","status-publish","hentry"],"acf":[],"_links":{"self":[{"href":"https:\/\/dankbros.net\/fr\/wp-json\/wp\/v2\/pages\/415","targetHints":{"allow":["GET"]}}],"collection":[{"href":"https:\/\/dankbros.net\/fr\/wp-json\/wp\/v2\/pages"}],"about":[{"href":"https:\/\/dankbros.net\/fr\/wp-json\/wp\/v2\/types\/page"}],"author":[{"embeddable":true,"href":"https:\/\/dankbros.net\/fr\/wp-json\/wp\/v2\/users\/1"}],"replies":[{"embeddable":true,"href":"https:\/\/dankbros.net\/fr\/wp-json\/wp\/v2\/comments?post=415"}],"version-history":[{"count":0,"href":"https:\/\/dankbros.net\/fr\/wp-json\/wp\/v2\/pages\/415\/revisions"}],"wp:attachment":[{"href":"https:\/\/dankbros.net\/fr\/wp-json\/wp\/v2\/media?parent=415"}],"curies":[{"name":"wp","href":"https:\/\/api.w.org\/{rel}","templated":true}]}}