{"id":440,"date":"2020-08-08T14:05:55","date_gmt":"2020-08-08T14:05:55","guid":{"rendered":"http:\/\/downtoearth.delivery\/?page_id=440"},"modified":"2024-04-23T04:56:43","modified_gmt":"2024-04-23T04:56:43","slug":"shipping","status":"publish","type":"page","link":"https:\/\/dankbros.net\/fr\/shipping\/","title":{"rendered":"Exp\u00e9dition"},"content":{"rendered":"<section class=\"section\" id=\"section_486729357\">\n\t\t<div class=\"bg section-bg fill bg-fill bg-loaded bg-loaded\" >\n\n\t\t\t\n\t\t\t\n\t\t\t\n\n\t\t<\/div>\n\n\t\t\n\n\t\t<div class=\"section-content relative\">\n\t\t\t\n\n[<h1 style=\"text-align: center; width: 100%;\">Exp\u00e9dition<\/h1>]\n\n<h2 style=\"text-align: center;\">Le meilleur dispensaire en ligne au Canada<\/h2>\n<p style=\"text-align: center;\">Toutes les commandes seront exp\u00e9di\u00e9es par le service Xpresspost de Postes Canada. Avec ce service, la majorit\u00e9 des commandes seront \u00e0 votre porte dans les 2-3 jours ouvrables. Veuillez noter que cela peut prendre jusqu&#039;\u00e0 5 jours ouvrables pour les endroits \u00e9loign\u00e9s. Nous exp\u00e9dions dans toutes les grandes villes du Canada telles que Montr\u00e9al, Vancouver, Calgary, Qu\u00e9bec, Edmonton, Winnipeg, Manitoba. Notre vaste s\u00e9lection de cannabis, de produits comestibles, de concentr\u00e9s et d&#039;extraits est exp\u00e9di\u00e9e directement \u00e0 votre porte.<\/p>\n<h2 style=\"text-align: center;\">Meilleur dispensaire de vente par correspondance au Canada<\/h2>\n<p style=\"text-align: center;\">Nous achetons nos produits aupr\u00e8s des meilleurs producteurs artisanaux de la Colombie-Britannique, des prix incroyables et des services \u00e0 la client\u00e8le font de nous le meilleur dispensaire de vente par correspondance de marijuana au Canada. Nous offrons la livraison par correspondance d&#039;un oc\u00e9an \u00e0 l&#039;autre! De Vancouver \u00e0 New Newfoundland, nous couvrons tout le Canada, apportant du cannabis de haute qualit\u00e9 directement \u00e0 votre porte !<\/p>\n<h3 style=\"text-align: center;\">Zones d&#039;exp\u00e9dition<\/h3>\n<p style=\"text-align: center;\">Ontario | Alberta | Qu\u00e9bec | Colombie-Britannique | Manitoba | Saskatchewan | Nouvelle-\u00c9cosse | Nouveau-Brunswick | Terre-Neuve-et-Labrador | \u00cele-du-Prince-\u00c9douard | Nunavut | Yukon | Territoires du nord-ouest<\/p>\n<p style=\"text-align: center;\">Montr\u00e9al | Montr\u00e9al | Vancouver | Calgary | Edmonton | Qu\u00e9bec | Winnipeg | Saskatchewan | Halifax | R\u00e9gina | Victoria | Fr\u00e9d\u00e9ricton | Moncton | St. John&#039;s | Charlottetown<\/p>\n<div class=\"row\"  id=\"row-60129274\">\n\n\n\t<div id=\"col-519275890\" class=\"col small-12 large-12\"  >\n\t\t\t\t<div class=\"col-inner text-center\"  >\n\t\t\t\n\t\t\t\n\n<a href=\"\/fr\/shop\/\" target=\"_self\" class=\"button primary\"  >\n    <span>Achetez maintenant<\/span>\n  <\/a>\n\n\n\n\t\t<\/div>\n\t\t\t\t\t<\/div>\n\n\t\n\n<\/div>\n\n\t\t<\/div>\n\n\t\t\n<style>\n#section_486729357 {\n  padding-top: 30px;\n  padding-bottom: 30px;\n}\n#section_486729357 .ux-shape-divider--top svg {\n  height: 150px;\n  --divider-top-width: 100%;\n}\n#section_486729357 .ux-shape-divider--bottom svg {\n  height: 150px;\n  --divider-width: 100%;\n}\n<\/style>\n\t<\/section>","protected":false},"excerpt":{"rendered":"","protected":false},"author":1,"featured_media":0,"parent":0,"menu_order":0,"comment_status":"closed","ping_status":"closed","template":"page-blank.php","meta":{"_acf_changed":false,"inline_featured_image":false,"footnotes":""},"class_list":["post-440","page","type-page","status-publish","hentry"],"acf":[],"_links":{"self":[{"href":"https:\/\/dankbros.net\/fr\/wp-json\/wp\/v2\/pages\/440","targetHints":{"allow":["GET"]}}],"collection":[{"href":"https:\/\/dankbros.net\/fr\/wp-json\/wp\/v2\/pages"}],"about":[{"href":"https:\/\/dankbros.net\/fr\/wp-json\/wp\/v2\/types\/page"}],"author":[{"embeddable":true,"href":"https:\/\/dankbros.net\/fr\/wp-json\/wp\/v2\/users\/1"}],"replies":[{"embeddable":true,"href":"https:\/\/dankbros.net\/fr\/wp-json\/wp\/v2\/comments?post=440"}],"version-history":[{"count":0,"href":"https:\/\/dankbros.net\/fr\/wp-json\/wp\/v2\/pages\/440\/revisions"}],"wp:attachment":[{"href":"https:\/\/dankbros.net\/fr\/wp-json\/wp\/v2\/media?parent=440"}],"curies":[{"name":"wp","href":"https:\/\/api.w.org\/{rel}","templated":true}]}}