{"id":12810,"date":"2025-10-17T14:21:30","date_gmt":"2025-10-17T14:21:30","guid":{"rendered":"https:\/\/dankbros.net\/product\/sealed-habibi-afghan-hash\/"},"modified":"2025-10-17T14:21:46","modified_gmt":"2025-10-17T14:21:46","slug":"sealed-habibi-afghan-hash","status":"publish","type":"product","link":"https:\/\/dankbros.net\/fr\/product\/sealed-habibi-afghan-hash\/","title":{"rendered":"Hachis Afghan Habibi Gold Seal"},"content":{"rendered":"<div>\n<div>\n<p>Hachis lisse et cr\u00e9meux.<\/p>\n<p>Inscrivez-vous pour acheter Afghan Habibi Gold Seal Hash en ligne. Nous offrons le jour m\u00eame quwalaty une livraison de mauvaises herbes \u00e0 Toronto et fournissons des services de vente par correspondance partout au Canada!. Vous n&#039;avez pas besoin d&#039;ordonnance m\u00e9dicale pour devenir membre d&#039;UberWeed\u00a0! Pour nous assurer que vous avez au moins 19 ans et que vous r\u00e9sidez au Canada, nous exigeons g\u00e9n\u00e9ralement une v\u00e9rification de l&#039;\u00e2ge, qui se fait g\u00e9n\u00e9ralement avec un permis de conduire.<\/p>\n<\/div>\n<\/div>","protected":false},"excerpt":{"rendered":"[block_thccbd_type]","protected":false},"featured_media":1148794,"comment_status":"closed","ping_status":"closed","template":"","meta":{"_acf_changed":false,"inline_featured_image":false},"product_brand":[],"product_cat":[946],"product_tag":[],"class_list":{"0":"post-12810","1":"product","2":"type-product","3":"status-publish","4":"has-post-thumbnail","6":"product_cat-hash","8":"first","9":"outofstock","10":"sale","11":"taxable","12":"shipping-taxable","13":"purchasable","14":"product-type-variable"},"acf":[],"_links":{"self":[{"href":"https:\/\/dankbros.net\/fr\/wp-json\/wp\/v2\/product\/12810","targetHints":{"allow":["GET"]}}],"collection":[{"href":"https:\/\/dankbros.net\/fr\/wp-json\/wp\/v2\/product"}],"about":[{"href":"https:\/\/dankbros.net\/fr\/wp-json\/wp\/v2\/types\/product"}],"replies":[{"embeddable":true,"href":"https:\/\/dankbros.net\/fr\/wp-json\/wp\/v2\/comments?post=12810"}],"wp:featuredmedia":[{"embeddable":true,"href":"https:\/\/dankbros.net\/fr\/wp-json\/wp\/v2\/media\/1148794"}],"wp:attachment":[{"href":"https:\/\/dankbros.net\/fr\/wp-json\/wp\/v2\/media?parent=12810"}],"wp:term":[{"taxonomy":"product_brand","embeddable":true,"href":"https:\/\/dankbros.net\/fr\/wp-json\/wp\/v2\/product_brand?post=12810"},{"taxonomy":"product_cat","embeddable":true,"href":"https:\/\/dankbros.net\/fr\/wp-json\/wp\/v2\/product_cat?post=12810"},{"taxonomy":"product_tag","embeddable":true,"href":"https:\/\/dankbros.net\/fr\/wp-json\/wp\/v2\/product_tag?post=12810"}],"curies":[{"name":"wp","href":"https:\/\/api.w.org\/{rel}","templated":true}]}}