{"id":12883,"date":"2025-10-17T14:23:32","date_gmt":"2025-10-17T14:23:32","guid":{"rendered":"https:\/\/dankbros.net\/product\/indica-bubbies-1000mg-gummy-pucks\/"},"modified":"2025-10-17T14:23:34","modified_gmt":"2025-10-17T14:23:34","slug":"indica-bubbies-1000mg-gummy-pucks","status":"publish","type":"product","link":"https:\/\/dankbros.net\/fr\/product\/indica-bubbies-1000mg-gummy-pucks\/","title":{"rendered":"Indica Bubbies 1000mg Rondelles gommeuses"},"content":{"rendered":"","protected":false},"excerpt":{"rendered":"<p>Indica Gummies de Bubbie&#039;s Baked Goods, sont l&#039;un des meilleurs bonbons au THC sur le march\u00e9.<\/p>\n<p>Des gommes \u00e0 l&#039;herbe, haut la main, les meilleurs produits comestibles qui existent. Ils sont color\u00e9s et pleins de saveurs, ils ne laissent pas de d\u00e9g\u00e2ts et sont toujours disponibles. Plus important encore, ils ne tuent jamais l&#039;ambiance.<\/p>\n<p>Indica Bubbies 1000mg Gummy Pucks \u00e0 base de distillat de THC RAW 100%. Le Puck est de 1000 mg, 100 mg\/pi\u00e8ce 10 par paquet.<\/p>\n<p>Indica Gummies ne contient que 10 mg par pop au maximum, ce qui le rend super simple \u00e0 suivre et tout aussi facile \u00e0 ne pas faire. Si vous voulez un l\u00e9ger lifting, essayez Indica Bubbies Gummy.<\/p>\n<p>Remarque\u00a0: La posologie recommand\u00e9e est inf\u00e9rieure \u00e0 1\u00a0morceau par portion.<\/p>","protected":false},"featured_media":1148814,"comment_status":"closed","ping_status":"closed","template":"","meta":{"_acf_changed":false,"inline_featured_image":false},"product_brand":[],"product_cat":[343,952],"product_tag":[],"class_list":{"0":"post-12883","1":"product","2":"type-product","3":"status-publish","4":"has-post-thumbnail","6":"product_cat-edibles","7":"product_cat-candy","9":"first","10":"instock","11":"taxable","12":"shipping-taxable","13":"purchasable","14":"product-type-simple"},"acf":[],"_links":{"self":[{"href":"https:\/\/dankbros.net\/fr\/wp-json\/wp\/v2\/product\/12883","targetHints":{"allow":["GET"]}}],"collection":[{"href":"https:\/\/dankbros.net\/fr\/wp-json\/wp\/v2\/product"}],"about":[{"href":"https:\/\/dankbros.net\/fr\/wp-json\/wp\/v2\/types\/product"}],"replies":[{"embeddable":true,"href":"https:\/\/dankbros.net\/fr\/wp-json\/wp\/v2\/comments?post=12883"}],"wp:featuredmedia":[{"embeddable":true,"href":"https:\/\/dankbros.net\/fr\/wp-json\/wp\/v2\/media\/1148814"}],"wp:attachment":[{"href":"https:\/\/dankbros.net\/fr\/wp-json\/wp\/v2\/media?parent=12883"}],"wp:term":[{"taxonomy":"product_brand","embeddable":true,"href":"https:\/\/dankbros.net\/fr\/wp-json\/wp\/v2\/product_brand?post=12883"},{"taxonomy":"product_cat","embeddable":true,"href":"https:\/\/dankbros.net\/fr\/wp-json\/wp\/v2\/product_cat?post=12883"},{"taxonomy":"product_tag","embeddable":true,"href":"https:\/\/dankbros.net\/fr\/wp-json\/wp\/v2\/product_tag?post=12883"}],"curies":[{"name":"wp","href":"https:\/\/api.w.org\/{rel}","templated":true}]}}