{"id":12981,"date":"2025-10-17T14:24:32","date_gmt":"2025-10-17T14:24:32","guid":{"rendered":"https:\/\/dankbros.net\/product\/dank-shatter-bars\/"},"modified":"2025-10-17T14:24:57","modified_gmt":"2025-10-17T14:24:57","slug":"dank-shatter-bars","status":"publish","type":"product","link":"https:\/\/dankbros.net\/fr\/product\/dank-shatter-bars\/","title":{"rendered":"Barres DANK 1500 mg Shatter"},"content":{"rendered":"","protected":false},"excerpt":{"rendered":"<p>Les comestibles au chocolat Dank Artisan sont fabriqu\u00e9s \u00e0 partir des ingr\u00e9dients les plus fins et de la plus haute qualit\u00e9. Nos recettes sont cr\u00e9\u00e9es par les meilleurs artisans chocolatiers de l&#039;industrie du cannabis. Les chocolats Dank Premium sont in\u00e9gal\u00e9s en termes de go\u00fbt et de qualit\u00e9. Tous les produits de cette gamme Premium Chocolate sont fabriqu\u00e9s sans gluten et avec des ingr\u00e9dients biologiques.<\/p>\n<p>Instructions\u00a0: \u00c9toile lente. Chaque barre contient 1500 mg de THC, alors commencez par prendre un carr\u00e9 \u00e0 la fois. Attendre 1 \u00e0 2 heures avant d&#039;augmenter la dose. Le cannabis et les produits comestibles affectent tout le monde diff\u00e9remment, alors allez-y doucement pour une exp\u00e9rience optimale. Il est important de bien refermer l&#039;emballage entre les utilisations. Conserver dans un endroit frais et sec.<\/p>\n<p>DANK a apport\u00e9 3 saveurs uniques \u00e0 la table avec ses nouvelles barres bris\u00e9es. Il est recommand\u00e9 d&#039;ing\u00e9rer 1 \u00e0 2 carr\u00e9s pour commencer. Les utilisateurs exp\u00e9riment\u00e9s peuvent jauger \u00e0 leur propre discr\u00e9tion. Fabriqu\u00e9 via distillat.<\/p>\n<p>Saveurs : Espresso Toffee, Grenade Myrtille, Pistache<\/p>\n<p><strong>Veuillez noter : Il s&#039;agit d&#039;un produit de cannabis comestible 19+.<\/strong><\/p>","protected":false},"featured_media":1148820,"comment_status":"closed","ping_status":"closed","template":"","meta":{"_acf_changed":false,"inline_featured_image":false},"product_brand":[],"product_cat":[343,436],"product_tag":[],"class_list":{"0":"post-12981","1":"product","2":"type-product","3":"status-publish","4":"has-post-thumbnail","6":"product_cat-edibles","7":"product_cat-chocolates","8":"pa_flavours-espresso-toffee","9":"pa_flavours-mandarin","10":"pa_flavours-pistachio","11":"pa_flavours-pomegranate-blueberry","13":"first","14":"outofstock","15":"sale","16":"taxable","17":"shipping-taxable","18":"purchasable","19":"product-type-variable"},"acf":[],"_links":{"self":[{"href":"https:\/\/dankbros.net\/fr\/wp-json\/wp\/v2\/product\/12981","targetHints":{"allow":["GET"]}}],"collection":[{"href":"https:\/\/dankbros.net\/fr\/wp-json\/wp\/v2\/product"}],"about":[{"href":"https:\/\/dankbros.net\/fr\/wp-json\/wp\/v2\/types\/product"}],"replies":[{"embeddable":true,"href":"https:\/\/dankbros.net\/fr\/wp-json\/wp\/v2\/comments?post=12981"}],"wp:featuredmedia":[{"embeddable":true,"href":"https:\/\/dankbros.net\/fr\/wp-json\/wp\/v2\/media\/1148820"}],"wp:attachment":[{"href":"https:\/\/dankbros.net\/fr\/wp-json\/wp\/v2\/media?parent=12981"}],"wp:term":[{"taxonomy":"product_brand","embeddable":true,"href":"https:\/\/dankbros.net\/fr\/wp-json\/wp\/v2\/product_brand?post=12981"},{"taxonomy":"product_cat","embeddable":true,"href":"https:\/\/dankbros.net\/fr\/wp-json\/wp\/v2\/product_cat?post=12981"},{"taxonomy":"product_tag","embeddable":true,"href":"https:\/\/dankbros.net\/fr\/wp-json\/wp\/v2\/product_tag?post=12981"}],"curies":[{"name":"wp","href":"https:\/\/api.w.org\/{rel}","templated":true}]}}