{"id":130667,"date":"2024-06-22T14:18:16","date_gmt":"2024-06-22T14:18:16","guid":{"rendered":"https:\/\/dankbros.net\/product\/purple-kush-1oz-2\/"},"modified":"2024-06-22T16:16:13","modified_gmt":"2024-06-22T16:16:13","slug":"purple-kush-1oz-2","status":"publish","type":"product","link":"https:\/\/dankbros.net\/fr\/product\/purple-kush-1oz-2\/","title":{"rendered":"Purple Kush \u2013 Indica"},"content":{"rendered":"<h2>Sp\u00e9cifications de l&#039;herbe Purple Kush<\/h2>\n<ul>\n<li>Effets\u00a0: Euphorie, Heureux, Affam\u00e9, Relaxant, Somnolent<\/li>\n<li>Peut soulager\u00a0: l&#039;anxi\u00e9t\u00e9, le trouble bipolaire, la douleur chronique, la d\u00e9pression, l&#039;insomnie, la perte d&#039;app\u00e9tit, les migraines, le SSPT, le stress.<\/li>\n<li>Saveurs\u00a0: Baies, Raisin, Doux<\/li>\n<li>Ar\u00f4mes\u00a0: Terreux, Raisin, Piquant, \u00c9pic\u00e9, Doux<\/li>\n<\/ul>\n<p>Bred from two pure landrace indica strains in Oakland, California, Purple Kush weed stands out amongst the untraceable genetics of most marijuana. It&#8217;s a rare find and definitely worth talking about!<\/p>\n<p>Purple Kush is a hybrid of two indica parents, the Hindu Kush and Purple Afghani. This strain boasts an impressive 100% indica-0% sativa ratio shaping it&#8217;s sedative effects along with its strikingly vibrant colored buds that are sure to draw attention! Not only will you feel completely relaxed after using this ganja, but also mesmerized by its beauty.<\/p>\n<p>Vous recherchez une vari\u00e9t\u00e9 de marijuana forte ? PK est la r\u00e9ponse\u00a0! Test\u00e9e et \u00e9prouv\u00e9e avec un pourcentage de THC impressionnant compris entre 18 et 251 TP3T, cette t\u00eate vous fournira s\u00fbrement toute la puissance dont vous avez besoin.<\/p>\n<h2>Examen de la vari\u00e9t\u00e9 Purple Kush\u00a0: ar\u00f4me, saveur et apparence<\/h2>\n<p>Ce qui ressort vraiment de Purple Kush <a href=\"https:\/\/gasdank.com\" target=\"_blank\" rel=\"noopener\">herbe<\/a> aux consommateurs du monde entier, c&#039;est sa beaut\u00e9 \u2013 non seulement visuelle, mais aussi en termes de saveur et d&#039;ar\u00f4me. C&#039;est une exp\u00e9rience absolument d\u00e9licieuse qui chatouille presque tous vos sens !<\/p>\n<p>Les \u00e9l\u00e9ments physiques de la vari\u00e9t\u00e9 Purple Kush sont uniques et sp\u00e9ciaux \u2013 contrairement \u00e0 toute autre marijuana existante. Lorsque vous ouvrirez ce pot pour la premi\u00e8re fois, vos sens seront inond\u00e9s d\u2019un doux parfum de bonbon au raisin, m\u00e9lang\u00e9 \u00e0 de subtiles notes piquantes terreuses.<\/p>\n<p>La saveur de l&#039;herbe Purple Kush est le reflet de son ar\u00f4me, avec une saveur de vin incomparable qui vous transporte dans le vignoble o\u00f9 elle a \u00e9t\u00e9 fra\u00eechement r\u00e9colt\u00e9e. Mais son aspect visuel vibrant est plus impressionnant que le go\u00fbt et l\u2019odeur. Une gamme de roses, violets et rouges divins dans diff\u00e9rentes nuances allant du fonc\u00e9 au clair captiveront s\u00fbrement vos yeux alors qu&#039;ils scintillent et brillent.<\/p>\n<p>Au milieu d&#039;une mer de violettes, vous pouvez voir des feuilles de sucre qui vont du vert fonc\u00e9 au vert fluo et des pistils orange s&#039;\u00e9tendant comme des rayons vers le ciel. Les feuilles d\u2019eau \u00e9tonnent \u00e9galement par leurs combinaisons de couleurs saisissantes \u2013 allant du violet fonc\u00e9 \u00e0 l\u2019orange corail vif, ressemblant \u00e0 une peinture expressionniste artistique !<\/p>\n<p>Avec toutes ses caract\u00e9ristiques \u00e9poustouflantes et l\u2019influence apaisante qu\u2019elle a sur vous, Purple Kush est destin\u00e9e \u00e0 devenir une ic\u00f4ne en Californie et au-del\u00e0. Il est facile de comprendre pourquoi tant de gens l&#039;aiment !<\/p>\n<h2>Effets de la vari\u00e9t\u00e9 Purple Kush<\/h2>\n<p>La vari\u00e9t\u00e9 de marijuana Purple Kush est s\u00fbre de bouleverser votre monde, car elle offre une exp\u00e9rience paradoxale. Il a la capacit\u00e9 de d\u00e9tendre enti\u00e8rement le corps tout en stimulant et en \u00e9veillant l\u2019esprit \u00e0 un niveau \u00e9lev\u00e9 au-del\u00e0 de la simple conscience.<\/p>\n<p>Purple Kush est connue pour produire des effets oniriques, mais contrairement \u00e0 d\u2019autres produits \u00e0 base de cannabis, elle ne provoque ni anxi\u00e9t\u00e9 ni peur. Sa capacit\u00e9 unique \u00e0 calmer le corps et l\u2019esprit est ce qui distingue Purple Kush des autres. Vivez une relaxation sans entrave et sans aucun souci \u2013 c&#039;est le pouvoir de Purple Kush !<\/p>\n<p>Non seulement Purple Kush est exceptionnellement accessible et simple \u00e0 utiliser, mais elle a \u00e9galement le potentiel de vous rendre heureux, voire amus\u00e9. Vous pouvez ressentir un app\u00e9tit vorace (alerte fringale\u00a0!) ainsi qu&#039;une relaxation corporelle sans aucun brouillard c\u00e9r\u00e9bral ni confusion. Avec sa combinaison remarquable de clart\u00e9 mentale et de relaxation physique, Purple Kush se d\u00e9marque parmi les autres vari\u00e9t\u00e9s purement indica ; il tient toujours ses promesses !<\/p>\n<p>Avec l\u2019herbe Purple Kush, votre exp\u00e9rience du cannabis en soir\u00e9e passera au niveau sup\u00e9rieur. Il est parfait pour tout environnement social, que vous passiez un moment de d\u00e9tente avec des amis, lors d&#039;un rendez-vous intime ou m\u00eame lorsque vous passiez du temps de qualit\u00e9 avec quelqu&#039;un de sp\u00e9cial \u2013 il encourage une diminution des inhibitions et ouvre des voies vous menant \u00e0 un \u00e9tat de bonheur prolong\u00e9 qui ne fait que se renforcer au fil des heures.<\/p>\n<p>Pour ceux qui souffrent d\u2019insomnie, Purple Kush Weed peut \u00eatre une bou\u00e9e de sauvetage. Cela aidera \u00e0 d\u00e9tendre le corps et l\u2019esprit avant le coucher pour un sommeil incroyablement profond que vous pensiez peut-\u00eatre inaccessible dans votre \u00e9tat de troubles actuel.<\/p>\n<h2>Avantages m\u00e9dicaux de Purple Kush<\/h2>\n<p>La marijuana Purple Kush est un rem\u00e8de id\u00e9al pour plusieurs probl\u00e8mes m\u00e9dicaux, mais pas n\u00e9cessairement une option th\u00e9rapeutique principale en cas de maladies graves.<\/p>\n<p>Pensez \u00e0 Purple Kush si vous souffrez de sympt\u00f4mes tels que des naus\u00e9es, une perte d\u2019app\u00e9tit ou de l\u2019insomnie dus \u00e0 un probl\u00e8me de sant\u00e9. Si tel est le cas pour vos besoins m\u00e9dicinaux, il est conseill\u00e9 de prendre des doses plus importantes de la vari\u00e9t\u00e9 afin d&#039;obtenir tout son potentiel et de soulager l&#039;inconfort d\u00fb aux douleurs chroniques, \u00e0 l&#039;insomnie et au manque de faim.<\/p>\n<p>Pour b\u00e9n\u00e9ficier d\u2019un plus grand boost de Purple Kush, envisagez de prendre des formes alternatives comme des produits comestibles, de la r\u00e9sine vivante, des bonbons g\u00e9lifi\u00e9s ou du bubble hash. Ces produits infus\u00e9s \u00e0 la marijuana offrent une dose intense de THC qui peut durer des heures pour vous assurer de rester satisfait et \u00e0 l&#039;aise tout au long de la journ\u00e9e. De plus, voici quelques fa\u00e7ons amusantes d\u2019augmenter votre consommation de cannabis !<\/p>\n<p>\u00c0 l\u2019inverse, Purple Kush peut \u00e9galement contribuer \u00e0 aider les personnes souffrant de d\u00e9pression, de stress et d\u2019anxi\u00e9t\u00e9. Pourtant, s\u2019il est pris au-del\u00e0 de la posologie recommand\u00e9e, il peut en r\u00e9alit\u00e9 faire plus de mal que de bien aux personnes souffrant de probl\u00e8mes de sant\u00e9 mentale.<\/p>\n<p>Si vous souffrez de probl\u00e8mes de sant\u00e9 mentale, le cannabis peut provoquer plus facilement la parano\u00efa ou l&#039;anxi\u00e9t\u00e9, il est donc important d&#039;\u00eatre prudent lors de sa consommation. Commencez doucement et lentement en prenant une dose qui se situe dans votre zone de confort et que vous connaissez bien. Donnez-vous suffisamment de temps pour que les effets se manifestent avant d\u2019envisager d\u2019augmenter votre dose \u2013 attendez au moins une heure et continuez \u00e0 v\u00e9rifier comment vous vous sentez tout au long. Cela contribuera \u00e0 garantir une exp\u00e9rience agr\u00e9able sans aucun des effets secondaires ind\u00e9sirables inconfortables.<\/p>\n<h2>Effets secondaires de Purple Kush<\/h2>\n<p>Purple Kush est traditionnellement une vari\u00e9t\u00e9 de marijuana s\u00fbre \u00e0 consommer, car elle ne contient pas de propri\u00e9t\u00e9s stimulantes ou influenc\u00e9es par le sativa qui peuvent provoquer des sentiments de parano\u00efa, d&#039;anxi\u00e9t\u00e9 ou un stress accru. Les seuls effets secondaires physiques pouvant d\u00e9couler de la consommation sont minimes en comparaison.<\/p>\n<p>Un grand nombre d&#039;utilisateurs qui ont partag\u00e9 leurs exp\u00e9riences avec l&#039;herbe Purple Kush rapportent que le cottonmouth est la cons\u00e9quence n\u00e9gative la plus courante.<\/p>\n<p>Heureusement, il s\u2019agit de l\u2019effet secondaire mineur le plus probable li\u00e9 \u00e0 la consommation de marijuana et peut \u00eatre facilement r\u00e9solu avec une certaine planification \u00e0 l\u2019avance. Il est important que vous buviez beaucoup d&#039;eau avant, pendant et apr\u00e8s votre exp\u00e9rience de cannabis afin non seulement de rester hydrat\u00e9, mais \u00e9galement de stimuler \u00e0 nouveau la production de salive.<\/p>\n<p>Nous esp\u00e9rons que vous avez appr\u00e9ci\u00e9 la lecture de cette revue de vari\u00e9t\u00e9 Purple Kush et que vous l&#039;avez trouv\u00e9e \u00e0 la fois divertissante et \u00e9clairante. Ne manquez pas les effets percutants de Purple Kush \u2013 une vari\u00e9t\u00e9 de marijuana impressionnante !<\/p>\n<p>Sans aucun doute, le cannabis devrait occuper une place prioritaire dans l\u2019armoire \u00e0 pharmacie de tout patient MMJ, stoner et 420-lover. Il est de la plus haute importance de garder \u00e0 l&#039;esprit que la consommation de marijuana rel\u00e8ve de la seule responsabilit\u00e9 de l&#039;utilisateur et qu&#039;il faut donc faire preuve de prudence.<\/p>","protected":false},"excerpt":{"rendered":"<p>Purple Kush est une puissante combinaison de la c\u00e9l\u00e8bre Hindu Kush et de la Purple Afghani, toutes deux v\u00e9n\u00e9r\u00e9es pour leur force. Cette vari\u00e9t\u00e9 enti\u00e8rement indica a \u00e9t\u00e9 consid\u00e9r\u00e9e comme l&#039;une des 10 vari\u00e9t\u00e9s les plus puissantes au monde par High Times et pr\u00e9sente un niveau moyen de THC impressionnant qui varie de 22%. Imm\u00e9diatement apr\u00e8s la consommation, les utilisateurs sont envelopp\u00e9s par un effet c\u00e9r\u00e9bral euphorique qui dissout toute sensation de douleur physique tout en favorisant une l\u00e9g\u00e8re introspection. Lorsque vous ressentirez un d\u00e9licieux picotement r\u00e9chauffant de la t\u00eate aux pieds, vous deviendrez profond\u00e9ment d\u00e9tendu et sous s\u00e9datif. Au fur et \u00e0 mesure que les effets commencent \u00e0 s\u2019estomper, votre corps sera apais\u00e9 dans un sommeil r\u00e9parateur prolong\u00e9 qui \u00e9limine tout inconfort. En raison de ses propri\u00e9t\u00e9s exceptionnellement apaisantes, Purple Kush est r\u00e9guli\u00e8rement utilis\u00e9e par les patients souffrant de douleurs chroniques, d&#039;insomnie, de l\u00e9sions nerveuses ou de spasmes musculaires, entre autres troubles.<\/p>","protected":false},"featured_media":808344,"comment_status":"open","ping_status":"closed","template":"","meta":{"_acf_changed":false,"inline_featured_image":false},"product_brand":[],"product_cat":[966,1096,965],"product_tag":[],"class_list":{"0":"post-130667","1":"product","2":"type-product","3":"status-publish","4":"has-post-thumbnail","6":"product_cat-all-flower","7":"product_cat-indica","8":"product_cat-ounce-specials","9":"pa_weight-14-grams","10":"pa_weight-28-grams","12":"first","13":"outofstock","14":"taxable","15":"shipping-taxable","16":"purchasable","17":"product-type-variable"},"acf":[],"_links":{"self":[{"href":"https:\/\/dankbros.net\/fr\/wp-json\/wp\/v2\/product\/130667","targetHints":{"allow":["GET"]}}],"collection":[{"href":"https:\/\/dankbros.net\/fr\/wp-json\/wp\/v2\/product"}],"about":[{"href":"https:\/\/dankbros.net\/fr\/wp-json\/wp\/v2\/types\/product"}],"replies":[{"embeddable":true,"href":"https:\/\/dankbros.net\/fr\/wp-json\/wp\/v2\/comments?post=130667"}],"wp:featuredmedia":[{"embeddable":true,"href":"https:\/\/dankbros.net\/fr\/wp-json\/wp\/v2\/media\/808344"}],"wp:attachment":[{"href":"https:\/\/dankbros.net\/fr\/wp-json\/wp\/v2\/media?parent=130667"}],"wp:term":[{"taxonomy":"product_brand","embeddable":true,"href":"https:\/\/dankbros.net\/fr\/wp-json\/wp\/v2\/product_brand?post=130667"},{"taxonomy":"product_cat","embeddable":true,"href":"https:\/\/dankbros.net\/fr\/wp-json\/wp\/v2\/product_cat?post=130667"},{"taxonomy":"product_tag","embeddable":true,"href":"https:\/\/dankbros.net\/fr\/wp-json\/wp\/v2\/product_tag?post=130667"}],"curies":[{"name":"wp","href":"https:\/\/api.w.org\/{rel}","templated":true}]}}