{"id":131817,"date":"2024-06-22T16:18:14","date_gmt":"2024-06-22T16:18:14","guid":{"rendered":"https:\/\/dankbros.net\/product\/bubba-kush-indica\/"},"modified":"2025-02-23T21:45:42","modified_gmt":"2025-02-23T21:45:42","slug":"bubba-kush-indica","status":"publish","type":"product","link":"https:\/\/dankbros.net\/fr\/product\/bubba-kush-indica\/","title":{"rendered":"Bubba Kush &#8211; Indica"},"content":{"rendered":"","protected":false},"excerpt":{"rendered":"<p>Ne vous y trompez pas\u00a0; Bubba Kush *Indica* n&#039;est pas une vari\u00e9t\u00e9 courante. Initialement perfectionn\u00e9 dans le nord-ouest du Pacifique, c&#039;est d\u00e9sormais un incontournable d&#039;Amsterdam\u00a0! Produisant des niveaux de THC compris entre 15 et 30 %, cet hybride \u00e0 dominance indica offre aux consommateurs d&#039;\u00e9normes bienfaits physiques et mentaux \u2013 il a m\u00eame obtenu la troisi\u00e8me place parmi les meilleures sativas de Californie en 2012 ! Si vous recherchez quelque chose qui vous laisse \u00e0 la fois exalt\u00e9 et ancr\u00e9 ? Alors arr\u00eatez votre recherche \u2013 ne cherchez pas plus loin que Bubba Kush pour obtenir exactement ce dont vous avez besoin !<\/p>","protected":false},"featured_media":808478,"comment_status":"open","ping_status":"closed","template":"","meta":{"_acf_changed":false,"inline_featured_image":false},"product_brand":[],"product_cat":[966,1096,965],"product_tag":[],"class_list":{"0":"post-131817","1":"product","2":"type-product","3":"status-publish","4":"has-post-thumbnail","6":"product_cat-all-flower","7":"product_cat-indica","8":"product_cat-ounce-specials","10":"first","11":"outofstock","12":"taxable","13":"shipping-taxable","14":"purchasable","15":"product-type-variable"},"acf":[],"_links":{"self":[{"href":"https:\/\/dankbros.net\/fr\/wp-json\/wp\/v2\/product\/131817","targetHints":{"allow":["GET"]}}],"collection":[{"href":"https:\/\/dankbros.net\/fr\/wp-json\/wp\/v2\/product"}],"about":[{"href":"https:\/\/dankbros.net\/fr\/wp-json\/wp\/v2\/types\/product"}],"replies":[{"embeddable":true,"href":"https:\/\/dankbros.net\/fr\/wp-json\/wp\/v2\/comments?post=131817"}],"wp:featuredmedia":[{"embeddable":true,"href":"https:\/\/dankbros.net\/fr\/wp-json\/wp\/v2\/media\/808478"}],"wp:attachment":[{"href":"https:\/\/dankbros.net\/fr\/wp-json\/wp\/v2\/media?parent=131817"}],"wp:term":[{"taxonomy":"product_brand","embeddable":true,"href":"https:\/\/dankbros.net\/fr\/wp-json\/wp\/v2\/product_brand?post=131817"},{"taxonomy":"product_cat","embeddable":true,"href":"https:\/\/dankbros.net\/fr\/wp-json\/wp\/v2\/product_cat?post=131817"},{"taxonomy":"product_tag","embeddable":true,"href":"https:\/\/dankbros.net\/fr\/wp-json\/wp\/v2\/product_tag?post=131817"}],"curies":[{"name":"wp","href":"https:\/\/api.w.org\/{rel}","templated":true}]}}