{"id":13570,"date":"2025-10-17T14:31:21","date_gmt":"2025-10-17T14:31:21","guid":{"rendered":"https:\/\/dankbros.net\/product\/juliet-hash\/"},"modified":"2025-10-17T14:31:57","modified_gmt":"2025-10-17T14:31:57","slug":"juliet-hash","status":"publish","type":"product","link":"https:\/\/dankbros.net\/fr\/product\/juliet-hash\/","title":{"rendered":"Juliet Afghan Hash \u2013 Sativa"},"content":{"rendered":"<p>Inscrivez-vous pour acheter Juliet Afghan Hash *Sativa* en ligne. Nous offrons le jour m\u00eame quwalaty une livraison de mauvaises herbes \u00e0 Toronto et fournissons des services de vente par correspondance partout au Canada!. Vous n&#039;avez pas besoin d&#039;ordonnance m\u00e9dicale pour devenir membre d&#039;UberWeed\u00a0! Pour nous assurer que vous avez au moins 19 ans et que vous r\u00e9sidez au Canada, nous exigeons g\u00e9n\u00e9ralement une v\u00e9rification de l&#039;\u00e2ge, qui se fait g\u00e9n\u00e9ralement avec un permis de conduire.<\/p>","protected":false},"excerpt":{"rendered":"[block_thccbd_type]","protected":false},"featured_media":1148848,"comment_status":"closed","ping_status":"closed","template":"","meta":{"_acf_changed":false,"inline_featured_image":false},"product_brand":[],"product_cat":[946],"product_tag":[],"class_list":{"0":"post-13570","1":"product","2":"type-product","3":"status-publish","4":"has-post-thumbnail","6":"product_cat-hash","8":"first","9":"outofstock","10":"sale","11":"taxable","12":"shipping-taxable","13":"purchasable","14":"product-type-variable"},"acf":[],"_links":{"self":[{"href":"https:\/\/dankbros.net\/fr\/wp-json\/wp\/v2\/product\/13570","targetHints":{"allow":["GET"]}}],"collection":[{"href":"https:\/\/dankbros.net\/fr\/wp-json\/wp\/v2\/product"}],"about":[{"href":"https:\/\/dankbros.net\/fr\/wp-json\/wp\/v2\/types\/product"}],"replies":[{"embeddable":true,"href":"https:\/\/dankbros.net\/fr\/wp-json\/wp\/v2\/comments?post=13570"}],"wp:featuredmedia":[{"embeddable":true,"href":"https:\/\/dankbros.net\/fr\/wp-json\/wp\/v2\/media\/1148848"}],"wp:attachment":[{"href":"https:\/\/dankbros.net\/fr\/wp-json\/wp\/v2\/media?parent=13570"}],"wp:term":[{"taxonomy":"product_brand","embeddable":true,"href":"https:\/\/dankbros.net\/fr\/wp-json\/wp\/v2\/product_brand?post=13570"},{"taxonomy":"product_cat","embeddable":true,"href":"https:\/\/dankbros.net\/fr\/wp-json\/wp\/v2\/product_cat?post=13570"},{"taxonomy":"product_tag","embeddable":true,"href":"https:\/\/dankbros.net\/fr\/wp-json\/wp\/v2\/product_tag?post=13570"}],"curies":[{"name":"wp","href":"https:\/\/api.w.org\/{rel}","templated":true}]}}