{"id":14450,"date":"2025-10-17T14:38:10","date_gmt":"2025-10-17T14:38:10","guid":{"rendered":"https:\/\/dankbros.net\/product\/willo-gummies-500mg-thc-various-flavours\/"},"modified":"2025-10-17T14:38:54","modified_gmt":"2025-10-17T14:38:54","slug":"willo-gummies-500mg-thc-various-flavours","status":"publish","type":"product","link":"https:\/\/dankbros.net\/fr\/product\/willo-gummies-500mg-thc-various-flavours\/","title":{"rendered":"Willo 500mg THC Gummies"},"content":{"rendered":"<div>\n<div>\n<p>Saveurs disponibles\u00a0:<\/p>\n<p>Fraise (Indica)<\/p>\n<p>Litchi (Indica)<\/p>\n<p>Mangue P\u00eache (Indica)<\/p>\n<p>Punch Tropical (Sativa)<\/p>\n<p>&nbsp;<\/p>\n<p>\u2013 10 bonbons g\u00e9lifi\u00e9s\/sac x 50 mg chacun<\/p>\n<p>\u2013 500 mg de THC par sachet<\/p>\n<p>\u2013 Huile \u00e0 spectre complet CO2 hivernis\u00e9e<\/p>\n<p>&nbsp;<\/p>\n<p>*Il est recommand\u00e9 aux consommateurs de cannabis pour la premi\u00e8re fois de commencer avec une demi-gomme et d&#039;attendre les effets avant d&#039;augmenter lentement la dose. N&#039;oubliez pas que cela peut prendre 2 \u00e0 3 heures pour ressentir les effets.<\/p>\n<p><object width=\"300\" height=\"150\"><\/object><\/p>\n<\/div>\n<\/div>","protected":false},"excerpt":{"rendered":"<p>Saveurs disponibles : Fraise (Indica) Litchi (Indica) P\u00eache \u00e0 la mangue (Indica) Punch tropical (Sativa) \u2013 10 bonbons g\u00e9lifi\u00e9s\/sac x 50 mg chacun \u2013 500 mg de THC par sac \u2013 Huile \u00e0 spectre complet de CO2 pour l&#039;hiver * Il est recommand\u00e9 aux utilisateurs de cannabis pour la premi\u00e8re fois de commencer avec un demi-gomme et attendez les effets avant d&#039;augmenter lentement la dose. N&#039;oubliez pas que cela peut prendre [...]","protected":false},"featured_media":1148875,"comment_status":"closed","ping_status":"closed","template":"","meta":{"_acf_changed":false,"inline_featured_image":false},"product_brand":[],"product_cat":[343,952],"product_tag":[],"class_list":{"0":"post-14450","1":"product","2":"type-product","3":"status-publish","4":"has-post-thumbnail","6":"product_cat-edibles","7":"product_cat-candy","8":"pa_flavours-lychee","9":"pa_flavours-mango","10":"pa_flavours-strawberry","11":"pa_flavours-tropicana","13":"first","14":"instock","15":"taxable","16":"shipping-taxable","17":"purchasable","18":"product-type-variable"},"acf":[],"_links":{"self":[{"href":"https:\/\/dankbros.net\/fr\/wp-json\/wp\/v2\/product\/14450","targetHints":{"allow":["GET"]}}],"collection":[{"href":"https:\/\/dankbros.net\/fr\/wp-json\/wp\/v2\/product"}],"about":[{"href":"https:\/\/dankbros.net\/fr\/wp-json\/wp\/v2\/types\/product"}],"replies":[{"embeddable":true,"href":"https:\/\/dankbros.net\/fr\/wp-json\/wp\/v2\/comments?post=14450"}],"wp:featuredmedia":[{"embeddable":true,"href":"https:\/\/dankbros.net\/fr\/wp-json\/wp\/v2\/media\/1148875"}],"wp:attachment":[{"href":"https:\/\/dankbros.net\/fr\/wp-json\/wp\/v2\/media?parent=14450"}],"wp:term":[{"taxonomy":"product_brand","embeddable":true,"href":"https:\/\/dankbros.net\/fr\/wp-json\/wp\/v2\/product_brand?post=14450"},{"taxonomy":"product_cat","embeddable":true,"href":"https:\/\/dankbros.net\/fr\/wp-json\/wp\/v2\/product_cat?post=14450"},{"taxonomy":"product_tag","embeddable":true,"href":"https:\/\/dankbros.net\/fr\/wp-json\/wp\/v2\/product_tag?post=14450"}],"curies":[{"name":"wp","href":"https:\/\/api.w.org\/{rel}","templated":true}]}}