{"id":14835,"date":"2024-05-12T13:42:55","date_gmt":"2024-05-12T13:42:55","guid":{"rendered":"https:\/\/dankbros.net\/product\/mystery-oz\/"},"modified":"2025-02-23T21:46:25","modified_gmt":"2025-02-23T21:46:25","slug":"mystery-oz","status":"publish","type":"product","link":"https:\/\/dankbros.net\/fr\/product\/mystery-oz\/","title":{"rendered":"OZ MYST\u00c8RE"},"content":{"rendered":"<div>disponible en vari\u00e9t\u00e9s INDICA, HYBRID ET SATIVA - une once \u00e9valu\u00e9e entre $150-$180 pour seulement $130<\/div>\n<div><\/div>\n<div>ne peut pas \u00eatre m\u00e9lang\u00e9 et assorti avec d&#039;autres onces.<\/div>","protected":false},"excerpt":{"rendered":"<p>available in INDICA, HYBRID AND SATIVA strains &#8211; an ounce valued between $150-$180 for only $130 cannot be mixed and matched with other ounces.<\/p>","protected":false},"featured_media":757320,"comment_status":"closed","ping_status":"closed","template":"","meta":{"_acf_changed":false,"inline_featured_image":false},"product_brand":[],"product_cat":[966],"product_tag":[],"class_list":{"0":"post-14835","1":"product","2":"type-product","3":"status-publish","4":"has-post-thumbnail","6":"product_cat-all-flower","8":"first","9":"outofstock","10":"taxable","11":"shipping-taxable","12":"purchasable","13":"product-type-simple"},"acf":[],"_links":{"self":[{"href":"https:\/\/dankbros.net\/fr\/wp-json\/wp\/v2\/product\/14835","targetHints":{"allow":["GET"]}}],"collection":[{"href":"https:\/\/dankbros.net\/fr\/wp-json\/wp\/v2\/product"}],"about":[{"href":"https:\/\/dankbros.net\/fr\/wp-json\/wp\/v2\/types\/product"}],"replies":[{"embeddable":true,"href":"https:\/\/dankbros.net\/fr\/wp-json\/wp\/v2\/comments?post=14835"}],"wp:featuredmedia":[{"embeddable":true,"href":"https:\/\/dankbros.net\/fr\/wp-json\/wp\/v2\/media\/757320"}],"wp:attachment":[{"href":"https:\/\/dankbros.net\/fr\/wp-json\/wp\/v2\/media?parent=14835"}],"wp:term":[{"taxonomy":"product_brand","embeddable":true,"href":"https:\/\/dankbros.net\/fr\/wp-json\/wp\/v2\/product_brand?post=14835"},{"taxonomy":"product_cat","embeddable":true,"href":"https:\/\/dankbros.net\/fr\/wp-json\/wp\/v2\/product_cat?post=14835"},{"taxonomy":"product_tag","embeddable":true,"href":"https:\/\/dankbros.net\/fr\/wp-json\/wp\/v2\/product_tag?post=14835"}],"curies":[{"name":"wp","href":"https:\/\/api.w.org\/{rel}","templated":true}]}}