{"id":209130,"date":"2025-10-17T14:46:30","date_gmt":"2025-10-17T14:46:30","guid":{"rendered":"https:\/\/dankbros.net\/product\/dragonfly-love-oil-2\/"},"modified":"2025-10-17T14:46:36","modified_gmt":"2025-10-17T14:46:36","slug":"dragonfly-love-oil-2","status":"publish","type":"product","link":"https:\/\/dankbros.net\/fr\/product\/dragonfly-love-oil-2\/","title":{"rendered":"Gouttes de r\u00e9sine de propolis Dragonfire RED"},"content":{"rendered":"<div>\n<div class=\"dnXCYb\" tabindex=\"0\" role=\"button\" aria-controls=\"_2Q9hZJTTM5CYptQPpKOduAg_32\" aria-expanded=\"true\" data-hveid=\"CBEQAQ\">\n<div class=\"L3Ezfd\" data-ved=\"2ahUKEwjUo_fgoPX-AhUQjIkEHaRRB4cQuk56BAgREAI\">\n<p><span style=\"font-size: 14.4px;\">Les gens utilisent couramment la propolis pour <\/span><b style=\"font-size: 14.4px;\">diab\u00e8te, boutons de fi\u00e8vre, gonflement et plaies \u00e0 l&#039;int\u00e9rieur de la bouche<\/b><span style=\"font-size: 14.4px;\">. Il est \u00e9galement utilis\u00e9 pour les br\u00fblures, les aphtes, l&#039;herp\u00e8s g\u00e9nital et de nombreuses autres affections.<\/span><\/p>\n<p>Dosage recommand\u00e9:<br \/>\n30 \u00e0 40 gouttes par jour 2 \u00e0 3 fois par jour.<\/p>\n<\/div>\n<\/div>\n<\/div>","protected":false},"excerpt":{"rendered":"<p>People commonly use propolis for diabetes, cold sores, and swelling and sores inside the mouth. It&#8217;s also used for burns, canker sores, genital herpes, and many other conditions. Recommended dosage: 30-40 drops a day 2-3 times a day.<\/p>","protected":false},"featured_media":1148900,"comment_status":"open","ping_status":"closed","template":"","meta":{"_acf_changed":false,"inline_featured_image":false},"product_brand":[],"product_cat":[191,955],"product_tag":[],"class_list":{"0":"post-209130","1":"product","2":"type-product","3":"status-publish","4":"has-post-thumbnail","6":"product_cat-concentrates","7":"product_cat-self-care","9":"first","10":"outofstock","11":"sale","12":"taxable","13":"shipping-taxable","14":"purchasable","15":"product-type-simple"},"acf":[],"_links":{"self":[{"href":"https:\/\/dankbros.net\/fr\/wp-json\/wp\/v2\/product\/209130","targetHints":{"allow":["GET"]}}],"collection":[{"href":"https:\/\/dankbros.net\/fr\/wp-json\/wp\/v2\/product"}],"about":[{"href":"https:\/\/dankbros.net\/fr\/wp-json\/wp\/v2\/types\/product"}],"replies":[{"embeddable":true,"href":"https:\/\/dankbros.net\/fr\/wp-json\/wp\/v2\/comments?post=209130"}],"wp:featuredmedia":[{"embeddable":true,"href":"https:\/\/dankbros.net\/fr\/wp-json\/wp\/v2\/media\/1148900"}],"wp:attachment":[{"href":"https:\/\/dankbros.net\/fr\/wp-json\/wp\/v2\/media?parent=209130"}],"wp:term":[{"taxonomy":"product_brand","embeddable":true,"href":"https:\/\/dankbros.net\/fr\/wp-json\/wp\/v2\/product_brand?post=209130"},{"taxonomy":"product_cat","embeddable":true,"href":"https:\/\/dankbros.net\/fr\/wp-json\/wp\/v2\/product_cat?post=209130"},{"taxonomy":"product_tag","embeddable":true,"href":"https:\/\/dankbros.net\/fr\/wp-json\/wp\/v2\/product_tag?post=209130"}],"curies":[{"name":"wp","href":"https:\/\/api.w.org\/{rel}","templated":true}]}}