{"id":267320,"date":"2025-10-17T14:24:07","date_gmt":"2025-10-17T14:24:07","guid":{"rendered":"https:\/\/dankbros.net\/product\/rolling-papers\/"},"modified":"2025-10-17T14:24:20","modified_gmt":"2025-10-17T14:24:20","slug":"rolling-papers","status":"publish","type":"product","link":"https:\/\/dankbros.net\/fr\/product\/rolling-papers\/","title":{"rendered":"Rolling Papers &#8211; Standard Size"},"content":{"rendered":"<p>Le papier \u00e0 rouler, \u00e9galement appel\u00e9 flan, papier \u00e0 joint ou papier \u00e0 cigarette, est indispensable pour enrouler <a href=\"https:\/\/gasdank.com\/\" target=\"_blank\" rel=\"noopener\">cannabis<\/a>. These thin sheets of hemp, rice straw wood pulp or flax absorb the moisture from your marijuana and help you craft perfect joints by hand-rolling or machine-rolling. With these indispensable materials in tow you can be prepared to roll up a great smoke anytime!<\/p>\n<p>Cherchez-vous \u00e0 am\u00e9liorer votre exp\u00e9rience du cannabis ? Ne cherchez pas plus loin que les feuilles \u00e0 rouler, vendues en petits paquets de carton et disponibles en diff\u00e9rentes dimensions entre 70 et 110 mm. Non seulement ils procurent une sensation de fum\u00e9e douce, mais vous pouvez \u00e9galement choisir parmi de nombreuses saveurs comme la myrtille, le double chocolat, le raisin ou l&#039;ananas \u2013 donnant \u00e0 chaque bouff\u00e9e un piquant suppl\u00e9mentaire !<\/p>\n<h2>\u00a0Comment sont fabriqu\u00e9s les feuilles \u00e0 rouler ?<\/h2>\n<p>Le papier \u00e0 lettres est g\u00e9n\u00e9ralement fabriqu\u00e9 \u00e0 partir de bois, mais les papiers \u00e0 rouler sont rarement fabriqu\u00e9s \u00e0 partir de ce mat\u00e9riau. Les fibres non ligneuses telles que le chanvre, le lin et la paille de riz sont beaucoup plus populaires \u00e0 cette fin en raison de leur temps de combustion plus lent lorsqu&#039;elles sont utilis\u00e9es pour le fumage. En raison de ces caract\u00e9ristiques de combustion longue, les substances non ligneuses constituent le choix id\u00e9al pour ceux qui recherchent une exp\u00e9rience de cigarette agr\u00e9able.<\/p>\n<p>Les papiers \u00e0 rouler sont fabriqu\u00e9s \u00e0 partir de fibres comme le chanvre, le lin et d&#039;autres plantes qui br\u00fblent plus lentement que la fibre de bois \u00e0 partir de laquelle la plupart des papiers sont cr\u00e9\u00e9s. Les fibres subissent un processus de pressage pour les rendre incroyablement fines avant d&#039;\u00eatre combin\u00e9es avec des produits chimiques, comme le carbonate de calcium, l&#039;oxyde de titane, l&#039;eau de Javel, les colorants et le nitrate de potassium, pour ajuster des facteurs tels que la coloration du papier lui-m\u00eame ou la rapidit\u00e9 avec laquelle il br\u00fble. avec une saveur agr\u00e9able. Aujourd\u2019hui, de plus en plus de gens pr\u00e9f\u00e8rent les feuilles \u00e0 rouler enti\u00e8rement naturelles en raison de leur attrait naturel.<\/p>\n<h2>Le papier \u00e0 rouler est-il ill\u00e9gal ?<\/h2>\n<p>Les feuilles \u00e0 rouler ne sont peut-\u00eatre pas interdites, mais selon l&#039;endroit o\u00f9 vous habitez, la substance qui est enroul\u00e9e \u00e0 l&#039;int\u00e9rieur peut \u00eatre potentiellement ill\u00e9gale.<\/p>\n<h2>Les feuilles \u00e0 rouler en chanvre sont-elles meilleures ?<\/h2>\n<p>Les questions sur le meilleur type de papier \u00e0 rouler sont toujours subjectives. Les fumeurs de cannabis qui roulent fr\u00e9quemment des joints et des spliffs ont leurs propres types pr\u00e9f\u00e9r\u00e9s pour diverses raisons, telles que la facilit\u00e9 de travail avec, la saveur de la fum\u00e9e qu&#039;ils produisent ou m\u00eame la fa\u00e7on dont ils br\u00fblent. En fin de compte, les pr\u00e9f\u00e9rences personnelles jouent un r\u00f4le important dans le choix de votre papier \u00e0 rouler pr\u00e9f\u00e9r\u00e9 !<\/p>\n<p>Pour ceux qui cherchent \u00e0 tirer le meilleur parti de leur exp\u00e9rience de consommation de cannabis, les feuilles \u00e0 rouler en chanvre peuvent \u00eatre un excellent moyen de composer l&#039;int\u00e9gralit\u00e9 du joint avec des produits d\u00e9riv\u00e9s du cannabis. Par ailleurs, de nombreux consommateurs optent \u00e9galement pour des wraps \u00e0 base de feuilles de tabac afin de rouler et fumer des blunts qui ne manqueront pas d&#039;agr\u00e9menter leur s\u00e9ance.<\/p>\n<p>Registrate to buy Rolling Papers online. We offer same day quwalaty a weed delivery toronto and provide mail order services across Canada!. You do not need a doctor&#8217;s prescription to become a member of UberWeed! To ensure that you are at least 19 years old and a resident of Canada, we usually demand age verification, which is generally done with a drivers license.<\/p>","protected":false},"excerpt":{"rendered":"<p>L&#039;essence du papier \u00e0 rouler est la meilleure fa\u00e7on de \u00ab rouler un joint \u00bb. Son papier \u00e9pais le rend facile et pratique \u00e0 fumer. Il est disponible \u00e0 l&#039;unit\u00e9, en paquets de 12 ou en caisses en vrac.<\/p>\n<p>Le papier \u00e0 rouler, \u00e9galement connu sous le nom de papier vierge, papier \u00e0 joint ou papier \u00e0 cigarette, est un incontournable pour rouler la marijuana. Ces fines feuilles de chanvre, de p\u00e2te de bois de paille de riz ou de lin absorbent l&#039;humidit\u00e9 de votre cannabis et facilitent la r\u00e9alisation de joints parfaits en les roulant \u00e0 la main ou \u00e0 la machine. Avec ces mat\u00e9riaux essentiels en remorque, vous pourrez profiter d&#039;une fum\u00e9e incroyable \u00e0 tout moment ! Lors de la fabrication du papier \u00e0 lettres, le bois est souvent le mat\u00e9riau de choix. Pourtant, lorsqu\u2019il s\u2019agit de papier \u00e0 rouler, ces mat\u00e9riaux doivent br\u00fbler plus lentement et plus uniform\u00e9ment pour une exp\u00e9rience de fumage agr\u00e9able \u2013 c\u2019est pourquoi les fibres non ligneuses telles que le chanvre, le lin et la paille de riz sont devenues l\u2019option pr\u00e9f\u00e9r\u00e9e des fumeurs. Gr\u00e2ce \u00e0 leur temps de combustion lent et \u00e0 leur taux de combustion uniforme, les utilisateurs b\u00e9n\u00e9ficieront d&#039;une s\u00e9ance de cigarette agr\u00e9able \u00e0 chaque fois !<\/p>","protected":false},"featured_media":1148818,"comment_status":"open","ping_status":"closed","template":"","meta":{"_acf_changed":false,"inline_featured_image":false},"product_brand":[],"product_cat":[973],"product_tag":[],"class_list":{"0":"post-267320","1":"product","2":"type-product","3":"status-publish","4":"has-post-thumbnail","6":"product_cat-accessories","7":"pa_variations-single-pack","8":"pa_variations-two-pack","10":"first","11":"instock","12":"taxable","13":"shipping-taxable","14":"purchasable","15":"product-type-variable"},"acf":[],"_links":{"self":[{"href":"https:\/\/dankbros.net\/fr\/wp-json\/wp\/v2\/product\/267320","targetHints":{"allow":["GET"]}}],"collection":[{"href":"https:\/\/dankbros.net\/fr\/wp-json\/wp\/v2\/product"}],"about":[{"href":"https:\/\/dankbros.net\/fr\/wp-json\/wp\/v2\/types\/product"}],"replies":[{"embeddable":true,"href":"https:\/\/dankbros.net\/fr\/wp-json\/wp\/v2\/comments?post=267320"}],"wp:featuredmedia":[{"embeddable":true,"href":"https:\/\/dankbros.net\/fr\/wp-json\/wp\/v2\/media\/1148818"}],"wp:attachment":[{"href":"https:\/\/dankbros.net\/fr\/wp-json\/wp\/v2\/media?parent=267320"}],"wp:term":[{"taxonomy":"product_brand","embeddable":true,"href":"https:\/\/dankbros.net\/fr\/wp-json\/wp\/v2\/product_brand?post=267320"},{"taxonomy":"product_cat","embeddable":true,"href":"https:\/\/dankbros.net\/fr\/wp-json\/wp\/v2\/product_cat?post=267320"},{"taxonomy":"product_tag","embeddable":true,"href":"https:\/\/dankbros.net\/fr\/wp-json\/wp\/v2\/product_tag?post=267320"}],"curies":[{"name":"wp","href":"https:\/\/api.w.org\/{rel}","templated":true}]}}