{"id":271964,"date":"2024-10-09T17:06:54","date_gmt":"2024-10-09T17:06:54","guid":{"rendered":"https:\/\/dankbros.net\/product\/willo-thc-twix-bars-300mg\/"},"modified":"2024-10-09T17:10:32","modified_gmt":"2024-10-09T17:10:32","slug":"willo-thc-twix-bars-300mg","status":"publish","type":"product","link":"https:\/\/dankbros.net\/fr\/product\/willo-thc-twix-bars-300mg\/","title":{"rendered":"Barres Willo THC Twix 300mg"},"content":{"rendered":"<p>We are proud to introduce our delicious THC Infused Milk Chocolate Covered Caramel Crunch! These candy snacks are perfect for those who enjoy the classic taste of chocolate and caramel, with a little something extra. Each piece contains 50mg of Full Spectrum THC oil, making them perfect for recreational or medicinal use. Our chocolate is made with only the finest Canadian Milk Chocolates and is perfectly cooked to create a delicious and potent treat.<\/p>\n<p>\u2013 6 pieces\/bag x 50mg each<\/p>\n<p>\u2013 300mg THC per bag<\/p>\n<p>\u2013 Winterized CO2 Full Spectrum Oil<\/p>\n<p>\u2013 Premium Canadian Milk Chocolate<\/p>\n<p>Ingredients: Milk Chocolate, Enriched Wheat Flour, Palm Oil, Corn Syrup, Sugar, Icing Sugar, Milk Ingredients, Dextrose, Salt, Cocoa Powder, Soy Lecithin, Grapeseed Oil, Sunflower Lecithin, THC 87% CO2 Full Spectrum Winterized Oil, Modified Corn Starch, Sodium Bicarbonate, Artificial Flavour.<\/p>\n<p>*Peut contenir des traces de lait, de bl\u00e9 et de soja<\/p>\n<p>*Il est recommand\u00e9 aux nouveaux consommateurs de cannabis de commencer avec un demi-biscuit et d&#039;attendre les effets avant d&#039;augmenter lentement la dose. N&#039;oubliez pas que cela peut prendre 2 \u00e0 3 heures pour ressentir les effets.<span class=\"Apple-converted-space\">\u00a0<\/span><\/p>\n<p>Stockage\u00a0: Conserver dans un endroit frais et sec, \u00e0 l&#039;abri de la chaleur et de la lumi\u00e8re directe du soleil (comme le r\u00e9frig\u00e9rateur\u00a0!)<\/p>","protected":false},"excerpt":{"rendered":"<p>We are proud to introduce our delicious THC Infused Milk Chocolate Covered Caramel Crunch! These candy snacks are perfect for those who enjoy the classic taste of chocolate and caramel, with a little something extra. Each piece contains 50mg of Full Spectrum THC oil, making them perfect for recreational or medicinal use. Our chocolate is [&#8230;]","protected":false},"featured_media":940962,"comment_status":"open","ping_status":"closed","template":"","meta":{"_acf_changed":false,"inline_featured_image":false},"product_brand":[],"product_cat":[343,436],"product_tag":[],"class_list":{"0":"post-271964","1":"product","2":"type-product","3":"status-publish","4":"has-post-thumbnail","6":"product_cat-edibles","7":"product_cat-chocolates","8":"pa_variations-indica","9":"pa_variations-sativa","11":"first","12":"outofstock","13":"taxable","14":"shipping-taxable","15":"purchasable","16":"product-type-variable"},"acf":[],"_links":{"self":[{"href":"https:\/\/dankbros.net\/fr\/wp-json\/wp\/v2\/product\/271964","targetHints":{"allow":["GET"]}}],"collection":[{"href":"https:\/\/dankbros.net\/fr\/wp-json\/wp\/v2\/product"}],"about":[{"href":"https:\/\/dankbros.net\/fr\/wp-json\/wp\/v2\/types\/product"}],"replies":[{"embeddable":true,"href":"https:\/\/dankbros.net\/fr\/wp-json\/wp\/v2\/comments?post=271964"}],"wp:featuredmedia":[{"embeddable":true,"href":"https:\/\/dankbros.net\/fr\/wp-json\/wp\/v2\/media\/940962"}],"wp:attachment":[{"href":"https:\/\/dankbros.net\/fr\/wp-json\/wp\/v2\/media?parent=271964"}],"wp:term":[{"taxonomy":"product_brand","embeddable":true,"href":"https:\/\/dankbros.net\/fr\/wp-json\/wp\/v2\/product_brand?post=271964"},{"taxonomy":"product_cat","embeddable":true,"href":"https:\/\/dankbros.net\/fr\/wp-json\/wp\/v2\/product_cat?post=271964"},{"taxonomy":"product_tag","embeddable":true,"href":"https:\/\/dankbros.net\/fr\/wp-json\/wp\/v2\/product_tag?post=271964"}],"curies":[{"name":"wp","href":"https:\/\/api.w.org\/{rel}","templated":true}]}}