{"id":271968,"date":"2025-01-15T14:58:37","date_gmt":"2025-01-15T14:58:37","guid":{"rendered":"https:\/\/dankbros.net\/product\/willo-thc-oreos-500mg\/"},"modified":"2025-01-15T14:59:13","modified_gmt":"2025-01-15T14:59:13","slug":"willo-thc-oreos-500mg","status":"publish","type":"product","link":"https:\/\/dankbros.net\/fr\/product\/willo-thc-oreos-500mg\/","title":{"rendered":"Willo THC Or\u00e9os 500mg"},"content":{"rendered":"<p>\u00c0 la recherche d\u2019une exp\u00e9rience comestible hors du commun ? Ne cherchez pas plus loin que les incroyables biscuits enrob\u00e9s de chocolat au lait infus\u00e9 au THC de Willo\u00a0! Chaque d\u00e9licieux morceau est infus\u00e9 de 100 mg d\u2019huile de THC \u00e0 spectre complet, ce qui en fait le moyen id\u00e9al pour profiter d\u2019un effet puissant. Les saveurs se combinent parfaitement pour cr\u00e9er une friandise riche et d\u00e9cadente, tandis que l&#039;ajout de THC am\u00e8ne les choses \u00e0 un tout autre niveau. Que vous les d\u00e9gustiez seul ou que vous les partagiez entre amis, ces d\u00e9lices chocolat\u00e9s sauront vous satisfaire \u00e0 coup s\u00fbr. Alors n\u2019h\u00e9sitez plus et vivez une exp\u00e9rience inoubliable avec ces produits comestibles uniques en leur genre.<\/p>\n<p>\u2013 5 biscuits\/sachet x 100 mg chacun<\/p>\n<p>\u2013 500 mg de THC par sachet<\/p>\n<p>\u2013 Huile \u00e0 spectre complet CO2 hivernis\u00e9e<\/p>\n<p>\u2013 Chocolat au lait canadien de qualit\u00e9 sup\u00e9rieure<\/p>\n<p>Ingr\u00e9dients : Chocolat au lait, farine de bl\u00e9, sucre, huile de palme modifi\u00e9e, huile v\u00e9g\u00e9tale, cacao, glucose-fructose, sel, l\u00e9cithine de soja, huile de p\u00e9pins de raisin, l\u00e9cithine de tournesol, huile hivernis\u00e9e \u00e0 spectre complet THC 87% CO2, bicarbonate de soude, bicarbonate d&#039;ammonium, non sucr\u00e9. Chocolat, ar\u00f4me artificiel<\/p>\n<p>*Peut contenir des traces de lait, de bl\u00e9 et de soja<\/p>\n<p>*Il est recommand\u00e9 aux nouveaux consommateurs de cannabis de commencer avec un demi-biscuit et d&#039;attendre les effets avant d&#039;augmenter lentement la dose. N&#039;oubliez pas que cela peut prendre 2 \u00e0 3 heures pour ressentir les effets.<span class=\"Apple-converted-space\">\u00a0<\/span><\/p>\n<p>Stockage\u00a0: Conserver dans un endroit frais et sec, \u00e0 l&#039;abri de la chaleur et de la lumi\u00e8re directe du soleil (comme le r\u00e9frig\u00e9rateur\u00a0!)<\/p>","protected":false},"excerpt":{"rendered":"<p>Looking for an out-of-this-world edible experience? Look no further than Willo\u2019s incredible THC Infused Milk Chocolate Covered Cookies! Each delicious piece is infused with 100mg of Full Spectrum THC oil, making them the perfect way to enjoy a powerful high. Flavours combine perfectly to create a rich and decadent treat, while the addition of THC [&#8230;]","protected":false},"featured_media":0,"comment_status":"open","ping_status":"closed","template":"","meta":{"_acf_changed":false,"inline_featured_image":false},"product_brand":[],"product_cat":[343,1095],"product_tag":[],"class_list":{"0":"post-271968","1":"product","2":"type-product","3":"status-publish","5":"product_cat-edibles","6":"product_cat-cookies","7":"pa_variations-indica","8":"pa_variations-sativa","10":"first","11":"outofstock","12":"taxable","13":"shipping-taxable","14":"purchasable","15":"product-type-variable"},"acf":[],"_links":{"self":[{"href":"https:\/\/dankbros.net\/fr\/wp-json\/wp\/v2\/product\/271968","targetHints":{"allow":["GET"]}}],"collection":[{"href":"https:\/\/dankbros.net\/fr\/wp-json\/wp\/v2\/product"}],"about":[{"href":"https:\/\/dankbros.net\/fr\/wp-json\/wp\/v2\/types\/product"}],"replies":[{"embeddable":true,"href":"https:\/\/dankbros.net\/fr\/wp-json\/wp\/v2\/comments?post=271968"}],"wp:attachment":[{"href":"https:\/\/dankbros.net\/fr\/wp-json\/wp\/v2\/media?parent=271968"}],"wp:term":[{"taxonomy":"product_brand","embeddable":true,"href":"https:\/\/dankbros.net\/fr\/wp-json\/wp\/v2\/product_brand?post=271968"},{"taxonomy":"product_cat","embeddable":true,"href":"https:\/\/dankbros.net\/fr\/wp-json\/wp\/v2\/product_cat?post=271968"},{"taxonomy":"product_tag","embeddable":true,"href":"https:\/\/dankbros.net\/fr\/wp-json\/wp\/v2\/product_tag?post=271968"}],"curies":[{"name":"wp","href":"https:\/\/api.w.org\/{rel}","templated":true}]}}