{"id":272347,"date":"2024-05-12T14:08:04","date_gmt":"2024-05-12T14:08:04","guid":{"rendered":"https:\/\/dankbros.net\/product\/pink-gushers\/"},"modified":"2025-02-23T21:46:24","modified_gmt":"2025-02-23T21:46:24","slug":"pink-gushers","status":"publish","type":"product","link":"https:\/\/dankbros.net\/fr\/product\/pink-gushers\/","title":{"rendered":"Gushers roses"},"content":{"rendered":"<p>Le croisement des vari\u00e9t\u00e9s traditionnelles Gelato #41 X Triangle Kush donne des Pink Gushers. Le profil de saveur de Gushers, qui tire son nom du d\u00e9licieux bonbon, pr\u00e9sente un m\u00e9lange de fruits tropicaux acidul\u00e9s et de biscuits riches et cr\u00e9meux dans chaque bouff\u00e9e. L&#039;ar\u00f4me a le m\u00eame profil, mais il pr\u00e9sente \u00e9galement des notes de raisin \u00e9pic\u00e9 et une nuance d&#039;herbes. L\u2019effet Pink Gushers a des effets extr\u00eamement apaisants qui conviennent mieux aux nuits paresseuses pass\u00e9es \u00e0 la maison avec des amis \u00e0 regarder Netflix. Ce n&#039;est pas aussi brillant que la saveur. Le d\u00e9but de l\u2019effet est caract\u00e9ris\u00e9 par une bouff\u00e9e de bonheur picotant qui remplit l\u2019arri\u00e8re de la t\u00eate de picotements l\u00e9g\u00e8rement sensuels. Cela se propage progressivement au reste de votre corps, vous laissant assez excit\u00e9 et compl\u00e8tement \u00e0 l\u2019aise. Dans cet \u00e9tat, vous ne vous sentirez pas fatigu\u00e9 ; au contraire, vous vous sentirez compl\u00e8tement \u00e0 l&#039;aise avec tout ce qui se passe autour de vous. Selon les rapports, Pink Gushers est id\u00e9al pour traiter la d\u00e9pression, la douleur chronique et le stress ou l&#039;anxi\u00e9t\u00e9 persistants. Ce bourgeon contient de longues p\u00e9pites vert olive avec des feuilles vert brillant, une \u00e9paisse couche de petits trichomes cristallins ambr\u00e9s et de nombreux poils fins ambr\u00e9s.<\/p>\n<p>THC28-30%<\/p>\n<p>&nbsp;<\/p>\n<p>&nbsp;<\/p>\n<p>&nbsp;<\/p>","protected":false},"excerpt":{"rendered":"<p>Crossing the traditional Gelato #41 X Triangle Kush strains results in Pink Gushers. The flavour profile of Gushers, which takes its name from the delectable candy, features a blend of tart tropical fruits and rich, creamy biscuits in every puff. The aroma has the same profile, but it also has hints of spicy grape and [&#8230;]","protected":false},"featured_media":757716,"comment_status":"open","ping_status":"closed","template":"","meta":{"_acf_changed":false,"inline_featured_image":false},"product_brand":[],"product_cat":[966,1096],"product_tag":[],"class_list":{"0":"post-272347","1":"product","2":"type-product","3":"status-publish","4":"has-post-thumbnail","6":"product_cat-all-flower","7":"product_cat-indica","8":"pa_weight-1g","9":"pa_weight-3-5g","10":"pa_weight-7g","11":"pa_weight-14g","12":"pa_weight-28g","14":"first","15":"outofstock","16":"taxable","17":"shipping-taxable","18":"purchasable","19":"product-type-variable"},"acf":[],"_links":{"self":[{"href":"https:\/\/dankbros.net\/fr\/wp-json\/wp\/v2\/product\/272347","targetHints":{"allow":["GET"]}}],"collection":[{"href":"https:\/\/dankbros.net\/fr\/wp-json\/wp\/v2\/product"}],"about":[{"href":"https:\/\/dankbros.net\/fr\/wp-json\/wp\/v2\/types\/product"}],"replies":[{"embeddable":true,"href":"https:\/\/dankbros.net\/fr\/wp-json\/wp\/v2\/comments?post=272347"}],"wp:featuredmedia":[{"embeddable":true,"href":"https:\/\/dankbros.net\/fr\/wp-json\/wp\/v2\/media\/757716"}],"wp:attachment":[{"href":"https:\/\/dankbros.net\/fr\/wp-json\/wp\/v2\/media?parent=272347"}],"wp:term":[{"taxonomy":"product_brand","embeddable":true,"href":"https:\/\/dankbros.net\/fr\/wp-json\/wp\/v2\/product_brand?post=272347"},{"taxonomy":"product_cat","embeddable":true,"href":"https:\/\/dankbros.net\/fr\/wp-json\/wp\/v2\/product_cat?post=272347"},{"taxonomy":"product_tag","embeddable":true,"href":"https:\/\/dankbros.net\/fr\/wp-json\/wp\/v2\/product_tag?post=272347"}],"curies":[{"name":"wp","href":"https:\/\/api.w.org\/{rel}","templated":true}]}}