{"id":272354,"date":"2024-05-12T14:08:11","date_gmt":"2024-05-12T14:08:11","guid":{"rendered":"https:\/\/dankbros.net\/product\/funky-charms\/"},"modified":"2025-02-23T21:46:24","modified_gmt":"2025-02-23T21:46:24","slug":"funky-charms","status":"publish","type":"product","link":"https:\/\/dankbros.net\/fr\/product\/funky-charms\/","title":{"rendered":"Citron Funk \u2013 Hybride"},"content":{"rendered":"<p>croisement des vari\u00e9t\u00e9s bien connues Grease Monkey X Rainbow Chip de Funky Charms. Connue pour sa saveur all\u00e9chante et son effet nerveux et juv\u00e9nile. Comme les c\u00e9r\u00e9ales du m\u00eame nom, Funky Charms a une saveur de fruit sucr\u00e9e et sucr\u00e9e avec beaucoup de nuances de chocolat et de vanille. L&#039;ar\u00f4me est tout aussi all\u00e9chant, avec des notes de chocolat, de vanille et d&#039;agrumes acidul\u00e9s rehauss\u00e9es par un menthol \u00e9pic\u00e9 et \u00e2cre. Lorsque vous expirez, l&#039;effet Funky Charms se produira rapidement, affectant \u00e0 la fois votre corps et votre esprit. Votre esprit sera stimul\u00e9 et vous b\u00e9n\u00e9ficierez d&#039;un afflux d&#039;\u00e9nergie sociable et de cr\u00e9ativit\u00e9, id\u00e9al pour les groupes avec des amis et des inconnus. Cette puissante augmentation est accompagn\u00e9e d&#039;un s\u00e9datif physique apaisant qui commence comme un picotement stimulant avant de prendre pleinement effet et vous envoyant dans un coma physique. Les personnes exp\u00e9riment\u00e9es qui souffrent de maladies telles que la fatigue chronique, la d\u00e9pression, les sautes d&#039;humeur, l&#039;insomnie et la douleur chronique choisissent fr\u00e9quemment Funky Charms comme traitement. Avec de fins poils orange, des nuances dor\u00e9es et de minuscules trichomes de cristal blanc dor\u00e9 glac\u00e9, ce bourgeon a de grandes p\u00e9pites vert \u00e9meraude en forme de losange.<\/p>\n<p>THC28-30%<\/p>\n<p>&nbsp;<\/p>\n<p>&nbsp;<\/p>\n<p>&nbsp;<\/p>\n<p>&nbsp;<\/p>\n<p>&nbsp;<\/p>","protected":false},"excerpt":{"rendered":"<p>crossover of the well-known Grease Monkey X Rainbow Chip varieties by Funky Charms. Known for its mouthwatering flavour and edgy, youthful high.Like the cereal by the same name, Funky Charms has a sweet, sugary fruit flavour with lots of chocolate and nutty vanilla undertones. The aroma is equally mouthwatering, with notes of chocolate, vanilla, and [&#8230;]","protected":false},"featured_media":757717,"comment_status":"open","ping_status":"closed","template":"","meta":{"_acf_changed":false,"inline_featured_image":false},"product_brand":[],"product_cat":[1837,966,943],"product_tag":[],"class_list":{"0":"post-272354","1":"product","2":"type-product","3":"status-publish","4":"has-post-thumbnail","6":"product_cat-buy-one-oz-get-second-oz-50-off","7":"product_cat-all-flower","8":"product_cat-hybrid-infused-flower","9":"pa_weight-1g","10":"pa_weight-3-5g","11":"pa_weight-7g","12":"pa_weight-14g","13":"pa_weight-28g","15":"first","16":"outofstock","17":"taxable","18":"shipping-taxable","19":"purchasable","20":"product-type-variable"},"acf":[],"_links":{"self":[{"href":"https:\/\/dankbros.net\/fr\/wp-json\/wp\/v2\/product\/272354","targetHints":{"allow":["GET"]}}],"collection":[{"href":"https:\/\/dankbros.net\/fr\/wp-json\/wp\/v2\/product"}],"about":[{"href":"https:\/\/dankbros.net\/fr\/wp-json\/wp\/v2\/types\/product"}],"replies":[{"embeddable":true,"href":"https:\/\/dankbros.net\/fr\/wp-json\/wp\/v2\/comments?post=272354"}],"wp:featuredmedia":[{"embeddable":true,"href":"https:\/\/dankbros.net\/fr\/wp-json\/wp\/v2\/media\/757717"}],"wp:attachment":[{"href":"https:\/\/dankbros.net\/fr\/wp-json\/wp\/v2\/media?parent=272354"}],"wp:term":[{"taxonomy":"product_brand","embeddable":true,"href":"https:\/\/dankbros.net\/fr\/wp-json\/wp\/v2\/product_brand?post=272354"},{"taxonomy":"product_cat","embeddable":true,"href":"https:\/\/dankbros.net\/fr\/wp-json\/wp\/v2\/product_cat?post=272354"},{"taxonomy":"product_tag","embeddable":true,"href":"https:\/\/dankbros.net\/fr\/wp-json\/wp\/v2\/product_tag?post=272354"}],"curies":[{"name":"wp","href":"https:\/\/api.w.org\/{rel}","templated":true}]}}