{"id":342788,"date":"2025-10-05T21:52:13","date_gmt":"2025-10-05T21:52:13","guid":{"rendered":"https:\/\/dankbros.net\/product\/bruce-banner-3\/"},"modified":"2026-01-29T16:25:02","modified_gmt":"2026-01-29T16:25:02","slug":"bruce-banner-3","status":"publish","type":"product","link":"https:\/\/dankbros.net\/fr\/product\/bruce-banner-3\/","title":{"rendered":"Bruce banni\u00e8re #3"},"content":{"rendered":"<h2><span style=\"font-weight: 400\">Bruce banni\u00e8re #3<\/span><\/h2>\n<p><span style=\"font-weight: 400\">Pr\u00e9sentation de Bruce Banner #3, le gros frappeur de Delta 9 Labs. Cet hybride \u00e0 dominante sativa est un croisement entre <span style=\"color: #046738\"><strong>OG Kush<\/strong><\/span> et <span style=\"color: #046738\"><strong>Diesel aux fraises<\/strong><\/span>, and is the most potent of all the Bruce Banner phenotypes. This powerful strain has earned its name with an average THC content of 23% to 29%, and was the winner of the Denver US Cannabis Cup and placed in the High Times Cannabis Cup&#8217;s Earth\u2019s Strongest Strains twice. <\/span><\/p>\n<h3><span style=\"font-weight: 400\">Effets de Bruce Banner #3<\/span><\/h3>\n<p><span style=\"font-weight: 400\">En fumant la Bruce Banner #3, les utilisateurs peuvent s&#039;attendre \u00e0 une pouss\u00e9e c\u00e9r\u00e9brale forte et euphorique qui les fera se sentir cr\u00e9atifs, \u00e9nergiques et exalt\u00e9s. Cette vague de <strong><span style=\"color: #046738\">bonheur et euphorie<\/span><\/strong> apportera beaucoup de rires et de sociabilit\u00e9, ce qui en fait une excellente vari\u00e9t\u00e9 pour les groupes. Il est \u00e9galement utile dans la gestion du stress, de la d\u00e9pression, du SSPT et de la fatigue, tandis que sa relaxation corporelle peut aider \u00e0 soulager les douleurs chroniques et les tensions musculaires. <\/span><\/p>\n<h3><span style=\"font-weight: 400\">Teneur en THC<\/span><\/h3>\n<p><span style=\"font-weight: 400\">Le Bruce Banner original \u00e9tait moins \u00e0 dominante sativa avec un rapport 60%: 40% par rapport \u00e0 l&#039;indica, bien qu&#039;il ait toujours des propri\u00e9t\u00e9s assez impressionnantes avec du THC \u00e0 24% \u2013 29%, 1%.<\/p>","protected":false},"excerpt":{"rendered":"<p>Bruce Banner #3 est l&#039;un des trois ph\u00e9notypes rares de Bruce Banner cr\u00e9\u00e9s par Delta 9 Labs comme un croisement entre OG Kush et Strawberry Diesel. Nomm\u00e9 d&#039;apr\u00e8s son effet puissant et d\u00e9bilitant et sa force qu&#039;il partage avec la b\u00eate verte elle-m\u00eame.<\/p>\n<table class=\"shop_attributes\">\n<tbody>\n<tr>\n<th style=\"text-align: left\"><span style=\"color: #046738\">TAILLE DES BOUTONS<\/span><\/th>\n<td style=\"text-align: left\">Grand \u2013 Tr\u00e8s grand<\/td>\n<\/tr>\n<tr>\n<th style=\"text-align: left\"><span style=\"color: #046738\">GRADE<\/span><\/th>\n<td style=\"text-align: left\">AAA+<\/td>\n<\/tr>\n<tr>\n<th style=\"text-align: left\"><span style=\"color: #046738\">LIGN\u00c9E<\/span><\/th>\n<td style=\"text-align: left\">OG Kush x Fraise Diesel<\/td>\n<\/tr>\n<tr>\n<th style=\"text-align: left\"><span style=\"color: #046738\">EFFETS<\/span><\/th>\n<td style=\"text-align: left\">Euphorique, exalt\u00e9, \u00e9nergique et cr\u00e9atif<\/td>\n<\/tr>\n<tr>\n<th style=\"text-align: left\"><span style=\"color: #046738\">CLASSIFICATION<\/span><\/th>\n<td style=\"text-align: left\">\u00c0 dominante Sativa<\/td>\n<\/tr>\n<tr>\n<th style=\"text-align: left\"><span style=\"color: #046738\">PROFIL TERP\u00c8NE<\/span><\/th>\n<td class=\"wysiwyg-tmp-selected-cell\" style=\"text-align: left\">Doux, baies, diesel et piquant<\/td>\n<\/tr>\n<\/tbody>\n<\/table>","protected":false},"featured_media":1150638,"comment_status":"closed","ping_status":"closed","template":"","meta":{"_acf_changed":false,"inline_featured_image":false},"product_brand":[],"product_cat":[2156],"product_tag":[],"class_list":{"0":"post-342788","1":"product","2":"type-product","3":"status-publish","4":"has-post-thumbnail","6":"product_cat-all-products","8":"first","9":"outofstock","10":"purchasable","11":"product-type-simple"},"acf":[],"_links":{"self":[{"href":"https:\/\/dankbros.net\/fr\/wp-json\/wp\/v2\/product\/342788","targetHints":{"allow":["GET"]}}],"collection":[{"href":"https:\/\/dankbros.net\/fr\/wp-json\/wp\/v2\/product"}],"about":[{"href":"https:\/\/dankbros.net\/fr\/wp-json\/wp\/v2\/types\/product"}],"replies":[{"embeddable":true,"href":"https:\/\/dankbros.net\/fr\/wp-json\/wp\/v2\/comments?post=342788"}],"wp:featuredmedia":[{"embeddable":true,"href":"https:\/\/dankbros.net\/fr\/wp-json\/wp\/v2\/media\/1150638"}],"wp:attachment":[{"href":"https:\/\/dankbros.net\/fr\/wp-json\/wp\/v2\/media?parent=342788"}],"wp:term":[{"taxonomy":"product_brand","embeddable":true,"href":"https:\/\/dankbros.net\/fr\/wp-json\/wp\/v2\/product_brand?post=342788"},{"taxonomy":"product_cat","embeddable":true,"href":"https:\/\/dankbros.net\/fr\/wp-json\/wp\/v2\/product_cat?post=342788"},{"taxonomy":"product_tag","embeddable":true,"href":"https:\/\/dankbros.net\/fr\/wp-json\/wp\/v2\/product_tag?post=342788"}],"curies":[{"name":"wp","href":"https:\/\/api.w.org\/{rel}","templated":true}]}}