{"id":343222,"date":"2025-10-07T22:04:54","date_gmt":"2025-10-07T22:04:54","guid":{"rendered":"https:\/\/dankbros.net\/product\/black-cherry-soda\/"},"modified":"2025-10-07T22:04:55","modified_gmt":"2025-10-07T22:04:55","slug":"black-cherry-soda","status":"publish","type":"product","link":"https:\/\/dankbros.net\/fr\/product\/black-cherry-soda\/","title":{"rendered":"Black Cherry Soda"},"content":{"rendered":"<h2>Black Cherry Soda<\/h2>\n<p>Introducing the unique and exquisite Black Cherry Soda strain! This vibrant and beautiful sativa-dominant hybrid is named for its intense fruity smell and distinct purple tones. Its exact lineage is unknown, but its high THC content has made it a popular choice for breeding, with popular offshoots such as Black Dahlia and Ace of Spades. Perfect for a boost of energy and mood, this strain has a sweet flavour profile that will tantalize your senses. The high potency gives users a stimulating mental and physical experience, making it the perfect choice for recreational and medicinal users alike.<\/p>\n<h3>Effets<\/h3>\n<p>The most common effect of Black Cherry Soda is a deep relaxation that creeps from your head down to your ears and shoulders with a tingling sensation. You will still remain alert and focused, making it ideal for daytime use. Euphoria, enthusiasm, happiness, and creativity are common feelings associated with this strain, providing relief from anxiety, depression, and stress. While the body high is relatively mild, minor negative effects such as dry mouth and eyes may occur.<\/p>\n<h3>Teneur en THC<\/h3>\n<p>Black Cherry Soda has a sativa\/indica ratio of 80:20, making the sativa effects quite dominant. It also contains about 1% of <span style=\"color: #046738;\"><strong>CDB<\/strong><\/span>, which helps to alleviate stress and minor pains. Its THC content averages 18%-22%, but has been tested to reach as high as 30%!<\/p>\n<h3>Appearance &amp; Aroma<\/h3>\n<p>The Black Cherry Soda strain has a sweet and fruity aroma, with hints of berry and pepper, as well as earthiness and a creamy, soda pop-like taste. Its appearance is quite unique, with its flowers densely packed and displaying shades of reddish-purple, like black cherries, ranging from light to dark, sometimes with very little green or with specks of orange. This beautiful colouration is thanks to the presence of anthocyanins in the cannabis buds during the plant\u2019s growth period.<\/p>","protected":false},"excerpt":{"rendered":"<p>Black Cherry Soda est un puissant hybride \u00e0 dominante sativa. Nomm\u00e9 pour ses teintes de cerise noire d'un violet rouge\u00e2tre profond.<\/p>\n<table class=\"shop_attributes\" style=\"height: 119px;\">\n<tbody>\n<tr>\n<th style=\"text-align: left;\"><span style=\"color: #046738;\">Bud Size<\/span><\/th>\n<td style=\"text-align: left;\">Medium<\/td>\n<\/tr>\n<tr>\n<th style=\"text-align: left;\"><span style=\"color: #046738;\">Grade<\/span><\/th>\n<td style=\"text-align: left;\">AAA+<\/td>\n<\/tr>\n<tr>\n<th style=\"text-align: left;\"><span style=\"color: #046738;\">Lineage<\/span><\/th>\n<td style=\"text-align: left;\">Inconnu<\/td>\n<\/tr>\n<tr>\n<th style=\"text-align: left;\"><span style=\"color: #046738;\">Effets<\/span><\/th>\n<td style=\"text-align: left;\">Uplifted, Relaxed, Euphoric &amp; Sleepy<\/td>\n<\/tr>\n<tr>\n<th style=\"text-align: left;\"><span style=\"color: #046738;\">CLASSIFICATION<\/span><\/th>\n<td style=\"text-align: left;\">\u00c0 dominante Sativa<\/td>\n<\/tr>\n<tr>\n<th style=\"text-align: left;\"><span style=\"color: #046738;\">Terpene Profile<\/span><\/th>\n<td class=\"wysiwyg-tmp-selected-cell\" style=\"text-align: left;\">Earthy, Berries, Woody &amp; Grapes<\/td>\n<\/tr>\n<\/tbody>\n<\/table>","protected":false},"featured_media":1149119,"comment_status":"closed","ping_status":"closed","template":"","meta":{"_acf_changed":false,"inline_featured_image":false},"product_brand":[],"product_cat":[2156,2157,2158,2159,1315],"product_tag":[],"class_list":{"0":"post-343222","1":"product","2":"type-product","3":"status-publish","4":"has-post-thumbnail","6":"product_cat-all-products","7":"product_cat-hybrid","8":"product_cat-sativa-dominant","9":"product_cat-the-green-room","10":"product_cat-work","12":"first","13":"outofstock","14":"product-type-simple"},"acf":[],"_links":{"self":[{"href":"https:\/\/dankbros.net\/fr\/wp-json\/wp\/v2\/product\/343222","targetHints":{"allow":["GET"]}}],"collection":[{"href":"https:\/\/dankbros.net\/fr\/wp-json\/wp\/v2\/product"}],"about":[{"href":"https:\/\/dankbros.net\/fr\/wp-json\/wp\/v2\/types\/product"}],"replies":[{"embeddable":true,"href":"https:\/\/dankbros.net\/fr\/wp-json\/wp\/v2\/comments?post=343222"}],"wp:featuredmedia":[{"embeddable":true,"href":"https:\/\/dankbros.net\/fr\/wp-json\/wp\/v2\/media\/1149119"}],"wp:attachment":[{"href":"https:\/\/dankbros.net\/fr\/wp-json\/wp\/v2\/media?parent=343222"}],"wp:term":[{"taxonomy":"product_brand","embeddable":true,"href":"https:\/\/dankbros.net\/fr\/wp-json\/wp\/v2\/product_brand?post=343222"},{"taxonomy":"product_cat","embeddable":true,"href":"https:\/\/dankbros.net\/fr\/wp-json\/wp\/v2\/product_cat?post=343222"},{"taxonomy":"product_tag","embeddable":true,"href":"https:\/\/dankbros.net\/fr\/wp-json\/wp\/v2\/product_tag?post=343222"}],"curies":[{"name":"wp","href":"https:\/\/api.w.org\/{rel}","templated":true}]}}