{"id":343926,"date":"2025-10-11T22:12:03","date_gmt":"2025-10-11T22:12:03","guid":{"rendered":"https:\/\/dankbros.net\/product\/cbd-coffee-scrub-organa\/"},"modified":"2025-10-11T22:12:04","modified_gmt":"2025-10-11T22:12:04","slug":"cbd-coffee-scrub-organa","status":"publish","type":"product","link":"https:\/\/dankbros.net\/fr\/product\/cbd-coffee-scrub-organa\/","title":{"rendered":"CBD Coffee Scrub (Organa)"},"content":{"rendered":"<h1>CBD Coffee Scrub (Organa)<\/h1>\n<p>Organa is proud to present their CBD Coffee Scrub, formulated to refresh your skin and give it a gentle exfoliation. Our scrub contains a blend of beneficial ingredients including Epsom Salt, CBD Blend Oil, Vitamin E Oil, Chamomile, and Turmeric, all of which contain skin softening, anti-inflammatory, and antioxidant properties. To use, pour \u00bc cup of the scrub into your bath and soak for 10-15 minutes. Avoid contact with eyes. Keep out of reach of children and store in a cool, dry place. Our scrub is crafted with all natural, NON-GMO ingredients and is fair trade and NEVER tested on animals. Each container contains 140 grams and 50 mg of CBD.<\/p>","protected":false},"excerpt":{"rendered":"<p>Organais est fier de vous pr\u00e9senter son Gommage au Caf\u00e9 CBD. Formul\u00e9 pour nettoyer notre peau et l'exfolier. 140 grammes 50 mg CBD<\/p>","protected":false},"featured_media":1149323,"comment_status":"closed","ping_status":"closed","template":"","meta":{"_acf_changed":false,"inline_featured_image":false},"product_brand":[],"product_cat":[2227,2228,1315],"product_tag":[],"class_list":{"0":"post-343926","1":"product","2":"type-product","3":"status-publish","4":"has-post-thumbnail","6":"product_cat-cbd-tincture-topicals","7":"product_cat-organa","8":"product_cat-work","10":"first","11":"outofstock","12":"purchasable","13":"product-type-simple"},"acf":[],"_links":{"self":[{"href":"https:\/\/dankbros.net\/fr\/wp-json\/wp\/v2\/product\/343926","targetHints":{"allow":["GET"]}}],"collection":[{"href":"https:\/\/dankbros.net\/fr\/wp-json\/wp\/v2\/product"}],"about":[{"href":"https:\/\/dankbros.net\/fr\/wp-json\/wp\/v2\/types\/product"}],"replies":[{"embeddable":true,"href":"https:\/\/dankbros.net\/fr\/wp-json\/wp\/v2\/comments?post=343926"}],"wp:featuredmedia":[{"embeddable":true,"href":"https:\/\/dankbros.net\/fr\/wp-json\/wp\/v2\/media\/1149323"}],"wp:attachment":[{"href":"https:\/\/dankbros.net\/fr\/wp-json\/wp\/v2\/media?parent=343926"}],"wp:term":[{"taxonomy":"product_brand","embeddable":true,"href":"https:\/\/dankbros.net\/fr\/wp-json\/wp\/v2\/product_brand?post=343926"},{"taxonomy":"product_cat","embeddable":true,"href":"https:\/\/dankbros.net\/fr\/wp-json\/wp\/v2\/product_cat?post=343926"},{"taxonomy":"product_tag","embeddable":true,"href":"https:\/\/dankbros.net\/fr\/wp-json\/wp\/v2\/product_tag?post=343926"}],"curies":[{"name":"wp","href":"https:\/\/api.w.org\/{rel}","templated":true}]}}