{"id":344289,"date":"2025-10-12T22:14:13","date_gmt":"2025-10-12T22:14:13","guid":{"rendered":"https:\/\/dankbros.net\/product\/purple-voodoo\/"},"modified":"2025-10-12T22:14:14","modified_gmt":"2025-10-12T22:14:14","slug":"purple-voodoo","status":"publish","type":"product","link":"https:\/\/dankbros.net\/fr\/product\/purple-voodoo\/","title":{"rendered":"Vaudou violet"},"content":{"rendered":"<h2>Informations sur la vari\u00e9t\u00e9 Purple Voodoo<\/h2>\n<p>Si vous souhaitez exp\u00e9rimenter une v\u00e9ritable magie, ne cherchez pas plus loin que <strong>Vaudou violet<\/strong>, the deliciously dank hybrid strain descended from the purp family. Composed of the head-spinning mix of Purple Doja, Purple Urkle, and Purple Diesel, this strain is a California Bean Bank original, and it\u2019s easy to see why it\u2019s become so widely loved!<\/p>\n<p>Un m\u00e9lange \u00e9quilibr\u00e9 de Sativa et Indica, <strong>Vaudou violet<\/strong> est une vari\u00e9t\u00e9 puissante avec une exp\u00e9rience c\u00e9r\u00e9brale engageante. Que vous recherchiez une explosion d&#039;\u00e9nergie cr\u00e9ative ou que vous recherchiez simplement un soulagement des sympt\u00f4mes de d\u00e9pression, d&#039;anxi\u00e9t\u00e9 et de stress, Purple Voodoo a ce qu&#039;il vous faut !<\/p>\n<h3>Apparence, saveur et effets<\/h3>\n<p>Purple Voodoo a un s\u00e9rieux attrait pour les sacs ! Ses g\u00e9n\u00e9reuses taches de teintes violettes et rouges sont compens\u00e9es par des poils orange fluo, et ses t\u00eates chatoyantes vous attireront \u00e0 regarder de plus pr\u00e8s !<\/p>\n<p>\u00c0 l\u2019inspiration, vous serez accueilli par un parfum de raisin juteux. Cet ar\u00f4me all\u00e9chant se retrouve dans la fum\u00e9e, ce qui en fait une vari\u00e9t\u00e9 de r\u00eave pour un vaporisateur ou un c\u00f4ne.<\/p>\n<p>Les niveaux de THC de cette vari\u00e9t\u00e9 commencent \u00e0 12% et peuvent atteindre jusqu&#039;\u00e0 16%, mais ne vous laissez pas tromper par ces chiffres. Purple Voodoo n\u2019est pas en reste et ses effets commencent presque imm\u00e9diatement apr\u00e8s avoir touch\u00e9 un joint. Ses effets c\u00e9r\u00e9braux enivrants engageront votre esprit comme jamais auparavant, et avec des doses plus \u00e9lev\u00e9es, vous pourrez m\u00eame ressentir de l\u00e9gers effets psych\u00e9d\u00e9liques !<\/p>\n<p>L&#039;effet est avant tout une exp\u00e9rience \u00e9nergisante, ajoutant du peps \u00e0 la d\u00e9marche de tout fumeur. \u00c0 mesure que l&#039;effet se prolonge, la douce relaxation deviendra plus s\u00e9dative, ce qui entra\u00eenera un effet corporel profond et une sensation de soulagement de la fatigue. <\/p>\n<h4>Avantages m\u00e9dicaux du vaudou violet<\/h4>\n<p>Douleur, d\u00e9pression, anxi\u00e9t\u00e9, stress, fatigue, inflammation<\/p>","protected":false},"excerpt":{"rendered":"<p>Ici pour exercer sa magie sur vous, Purple Voodoo active l&#039;esprit et fait monter votre niveau d&#039;\u00e9nergie ! Son puissant punch c\u00e9r\u00e9bral en fait un excellent choix en mati\u00e8re de vari\u00e9t\u00e9s induisant la cr\u00e9ativit\u00e9. En d\u2019autres termes, pr\u00e9parez-vous \u00e0 \u00eatre enchant\u00e9 alors que Purple Voodoo attire et active votre esprit\u00a0!<\/p>","protected":false},"featured_media":1149412,"comment_status":"closed","ping_status":"closed","template":"","meta":{"_acf_changed":false,"inline_featured_image":false},"product_brand":[],"product_cat":[1315],"product_tag":[],"class_list":{"0":"post-344289","1":"product","2":"type-product","3":"status-publish","4":"has-post-thumbnail","6":"product_cat-work","8":"first","9":"outofstock","10":"purchasable","11":"product-type-simple"},"acf":[],"_links":{"self":[{"href":"https:\/\/dankbros.net\/fr\/wp-json\/wp\/v2\/product\/344289","targetHints":{"allow":["GET"]}}],"collection":[{"href":"https:\/\/dankbros.net\/fr\/wp-json\/wp\/v2\/product"}],"about":[{"href":"https:\/\/dankbros.net\/fr\/wp-json\/wp\/v2\/types\/product"}],"replies":[{"embeddable":true,"href":"https:\/\/dankbros.net\/fr\/wp-json\/wp\/v2\/comments?post=344289"}],"wp:featuredmedia":[{"embeddable":true,"href":"https:\/\/dankbros.net\/fr\/wp-json\/wp\/v2\/media\/1149412"}],"wp:attachment":[{"href":"https:\/\/dankbros.net\/fr\/wp-json\/wp\/v2\/media?parent=344289"}],"wp:term":[{"taxonomy":"product_brand","embeddable":true,"href":"https:\/\/dankbros.net\/fr\/wp-json\/wp\/v2\/product_brand?post=344289"},{"taxonomy":"product_cat","embeddable":true,"href":"https:\/\/dankbros.net\/fr\/wp-json\/wp\/v2\/product_cat?post=344289"},{"taxonomy":"product_tag","embeddable":true,"href":"https:\/\/dankbros.net\/fr\/wp-json\/wp\/v2\/product_tag?post=344289"}],"curies":[{"name":"wp","href":"https:\/\/api.w.org\/{rel}","templated":true}]}}