{"id":344408,"date":"2025-10-12T22:14:34","date_gmt":"2025-10-12T22:14:34","guid":{"rendered":"https:\/\/dankbros.net\/product\/forbidden-fruit-2\/"},"modified":"2025-10-12T22:14:35","modified_gmt":"2025-10-12T22:14:35","slug":"forbidden-fruit-2","status":"publish","type":"product","link":"https:\/\/dankbros.net\/fr\/product\/forbidden-fruit-2\/","title":{"rendered":"Forbidden Fruit"},"content":{"rendered":"<h2>Forbidden Fruit Strain Information<\/h2>\n<p>Adam and Eve had nothing on the Forbidden Fruit strain! Combining the legendary strains of Cherry Pie and Tangie, this indica-dominant hybrid boasts a tantalizing aroma and terpene profile that\u2019ll knock your socks off. With an average THC content of 24 to 26%, Forbidden Fruit\u2019s large, chunky nugs deliver calming and sedative effects that\u2019ll help you relax after a long day. Best enjoyed as a nightcap before bed or as a nighttime treat, Forbidden Fruit\u2019s smooth and fruity smoke will have you feeling like you\u2019ve found paradise!<\/p>\n<h3>Ar\u00f4me<\/h3>\n<p>Forbidden Fruit\u2019s complex terpene profile has the best of both worlds. From its Tangie parent, its aroma is filled with notes of citrus and lemon, while its Cherry Pie parent gives it a much-needed brightness in the form of sour cherries, tangy tropical fruit, and fresh pine. <\/p>\n<h3>Flavour<\/h3>\n<p>The flavour of Forbidden Fruit will have you hooked from the first inhale. Expect a brilliant combination of sweet stonefruit and tangy citrus, with just a hint of pine and musk. As you circulate the smoke, you\u2019ll also taste touches of earth and skunk. Finally, the exhale will leave you with a refreshing aftertaste that\u2019s both smooth and musky.<\/p>\n<h3>Apparence<\/h3>\n<p>Forbidden Fruit\u2019s buds are dense and long-cylindrical in shape. On the surface of the buds, you\u2019ll find a thin splattering of bright-orange hairs, a thick dusting of forest-green trichomes, and deep-green leaves. Together, all of these features give Forbidden Fruit a divine garden-like appearance.<\/p>\n<h2>Forbidden Fruit Strain Effects<\/h2>\n<p>The effects of Forbidden Fruit will leave you feeling like you\u2019ve found paradise. After the first toke, you\u2019ll enter a chill and relaxed state of mind that\u2019s perfect for unwinding after a long day. As the effects progress, the head high builds into a body high that slowly creeps<\/p>","protected":false},"excerpt":{"rendered":"<p>Une d\u00e9licieuse combinaison entre les vari\u00e9t\u00e9s de Cherry Pie et Tangie, Forbidden Fruit est un puissant hybride \u00e0 dominance indica.<\/p>","protected":false},"featured_media":1149442,"comment_status":"closed","ping_status":"closed","template":"","meta":{"_acf_changed":false,"inline_featured_image":false},"product_brand":[],"product_cat":[1315],"product_tag":[],"class_list":{"0":"post-344408","1":"product","2":"type-product","3":"status-publish","4":"has-post-thumbnail","6":"product_cat-work","7":"pa_thc-24-30","9":"first","10":"outofstock","11":"purchasable","12":"product-type-simple"},"acf":[],"_links":{"self":[{"href":"https:\/\/dankbros.net\/fr\/wp-json\/wp\/v2\/product\/344408","targetHints":{"allow":["GET"]}}],"collection":[{"href":"https:\/\/dankbros.net\/fr\/wp-json\/wp\/v2\/product"}],"about":[{"href":"https:\/\/dankbros.net\/fr\/wp-json\/wp\/v2\/types\/product"}],"replies":[{"embeddable":true,"href":"https:\/\/dankbros.net\/fr\/wp-json\/wp\/v2\/comments?post=344408"}],"wp:featuredmedia":[{"embeddable":true,"href":"https:\/\/dankbros.net\/fr\/wp-json\/wp\/v2\/media\/1149442"}],"wp:attachment":[{"href":"https:\/\/dankbros.net\/fr\/wp-json\/wp\/v2\/media?parent=344408"}],"wp:term":[{"taxonomy":"product_brand","embeddable":true,"href":"https:\/\/dankbros.net\/fr\/wp-json\/wp\/v2\/product_brand?post=344408"},{"taxonomy":"product_cat","embeddable":true,"href":"https:\/\/dankbros.net\/fr\/wp-json\/wp\/v2\/product_cat?post=344408"},{"taxonomy":"product_tag","embeddable":true,"href":"https:\/\/dankbros.net\/fr\/wp-json\/wp\/v2\/product_tag?post=344408"}],"curies":[{"name":"wp","href":"https:\/\/api.w.org\/{rel}","templated":true}]}}