{"id":344566,"date":"2025-10-13T22:16:04","date_gmt":"2025-10-13T22:16:04","guid":{"rendered":"https:\/\/dankbros.net\/product\/glueberry-og-2\/"},"modified":"2025-10-13T22:16:08","modified_gmt":"2025-10-13T22:16:08","slug":"glueberry-og-2","status":"publish","type":"product","link":"https:\/\/dankbros.net\/fr\/product\/glueberry-og-2\/","title":{"rendered":"Glueberry OG"},"content":{"rendered":"<h1>Glueberry OG Strain Information<\/h1>\n<p>Experience an uplifting and calming sensation with Glueberry OG, a hybrid strain created by crossing Gorilla Glue, OG Kush and Blueberry. This strain is renowned for its potent effects and sweet flavor. Glueberry OG will invigorate your mind with euphoria before transitioning into a hazy state. A relaxing, yet stimulating physical high soon follows, leaving you immovable for hours. With an average THC level of 15-20%, Glueberry OG is often used to treat chronic stress, PTSD, depression and migraines. Enjoy the sweet, fruity aroma of blueberries with light citrus and woody undertones. Its buds are bright neon green with vivid orange hairs and a coating of frosty white trichomes. Enjoy the benefits of Glueberry OG today and relax into a blissful state.<\/p>","protected":false},"excerpt":{"rendered":"<p>Glueberry OG est une vari\u00e9t\u00e9 hybride uniform\u00e9ment \u00e9quilibr\u00e9e cr\u00e9\u00e9e en croisant les fameuses vari\u00e9t\u00e9s Gorilla Glue, OG Kush et Blueberry.<\/p>","protected":false},"featured_media":1149484,"comment_status":"closed","ping_status":"closed","template":"","meta":{"_acf_changed":false,"inline_featured_image":false},"product_brand":[],"product_cat":[1315],"product_tag":[],"class_list":{"0":"post-344566","1":"product","2":"type-product","3":"status-publish","4":"has-post-thumbnail","6":"product_cat-work","7":"pa_thc-15-20","9":"first","10":"outofstock","11":"purchasable","12":"product-type-simple"},"acf":[],"_links":{"self":[{"href":"https:\/\/dankbros.net\/fr\/wp-json\/wp\/v2\/product\/344566","targetHints":{"allow":["GET"]}}],"collection":[{"href":"https:\/\/dankbros.net\/fr\/wp-json\/wp\/v2\/product"}],"about":[{"href":"https:\/\/dankbros.net\/fr\/wp-json\/wp\/v2\/types\/product"}],"replies":[{"embeddable":true,"href":"https:\/\/dankbros.net\/fr\/wp-json\/wp\/v2\/comments?post=344566"}],"wp:featuredmedia":[{"embeddable":true,"href":"https:\/\/dankbros.net\/fr\/wp-json\/wp\/v2\/media\/1149484"}],"wp:attachment":[{"href":"https:\/\/dankbros.net\/fr\/wp-json\/wp\/v2\/media?parent=344566"}],"wp:term":[{"taxonomy":"product_brand","embeddable":true,"href":"https:\/\/dankbros.net\/fr\/wp-json\/wp\/v2\/product_brand?post=344566"},{"taxonomy":"product_cat","embeddable":true,"href":"https:\/\/dankbros.net\/fr\/wp-json\/wp\/v2\/product_cat?post=344566"},{"taxonomy":"product_tag","embeddable":true,"href":"https:\/\/dankbros.net\/fr\/wp-json\/wp\/v2\/product_tag?post=344566"}],"curies":[{"name":"wp","href":"https:\/\/api.w.org\/{rel}","templated":true}]}}