{"id":86582,"date":"2025-10-17T14:21:03","date_gmt":"2025-10-17T14:21:03","guid":{"rendered":"https:\/\/dankbros.net\/product\/backwoods-honey-bourbon-2\/"},"modified":"2025-10-17T14:21:04","modified_gmt":"2025-10-17T14:21:04","slug":"backwoods-honey-bourbon-2","status":"publish","type":"product","link":"https:\/\/dankbros.net\/fr\/product\/backwoods-honey-bourbon-2\/","title":{"rendered":"Honey Bourbon Backwoods Cigars &#8211; 5 Pack"},"content":{"rendered":"<p>Registrate to buy Backwoods Honey bourbon online. We offer same day quwalaty a weed delivery toronto and provide mail order services across Canada!. You do not need a doctor&#8217;s prescription to become a member of UberWeed! To ensure that you are at least 19 years old and a resident of Canada, we usually demand age verification, which is generally done with a drivers license.<\/p>","protected":false},"excerpt":{"rendered":"<p>Les cigares Backwoods Dark Stout sont un cigare de style cigarillo envelopp\u00e9 d&#039;un Connecticut Broadleaf enti\u00e8rement naturel. Ce m\u00e9lange comprend une enveloppe de feuilles de tabac homog\u00e9n\u00e9is\u00e9es et des charges de graines cubaines du bassin des Cara\u00efbes. Les cigares Dark Stouts sont con\u00e7us avec un corps effil\u00e9, une t\u00eate inachev\u00e9e et des extr\u00e9mit\u00e9s effiloch\u00e9es. Un cigare Backwoods est de calibre 27 et mesure environ 4 pouces de longueur.<br \/>\nBackwoods Honey Bourbon est un cigare rapide et bien fumant. Honey Bourbon combine les d\u00e9licieuses saveurs d&#039;un miel doux et dor\u00e9 avec un bourbon riche et onctueux du Kentucky pour cr\u00e9er une pause fumeur unique et satisfaisante.<br \/>\nDark Stout a un effet super calmant qui vous remplit d&#039;un sentiment de pure aisance et de bonheur \u00e0 la fois dans l&#039;esprit et dans le corps, qui dure des heures et des heures. Le high commence par un effet c\u00e9r\u00e9bral \u00e9lev\u00e9 qui vous remplit d&#039;euphorie et de bonheur purs, \u00e9liminant facilement toutes pens\u00e9es n\u00e9gatives ou rapides. Au fur et \u00e0 mesure que votre esprit s&#039;am\u00e9liore, votre corps commencera \u00e0 s&#039;installer dans un \u00e9tat l\u00e9g\u00e8rement clou\u00e9 au canap\u00e9 qui vous laissera totalement d\u00e9tendu et \u00e0 l&#039;aise avec le monde qui vous entoure. La descente est souvent somnolente, vous laissant somnoler par intermittence. avant de vous \u00e9vanouir dans un sommeil long et paisible. Les cigares Backwoods Dark Stout ont un niveau moyen de THC de 22-23%.<\/p>","protected":false},"featured_media":1148787,"comment_status":"closed","ping_status":"closed","template":"","meta":{"_acf_changed":false,"inline_featured_image":false},"product_brand":[],"product_cat":[3656,973],"product_tag":[],"class_list":{"0":"post-86582","1":"product","2":"type-product","3":"status-publish","4":"has-post-thumbnail","6":"product_cat-backwoods-2","7":"product_cat-accessories","9":"first","10":"instock","11":"taxable","12":"shipping-taxable","13":"purchasable","14":"product-type-simple"},"acf":[],"_links":{"self":[{"href":"https:\/\/dankbros.net\/fr\/wp-json\/wp\/v2\/product\/86582","targetHints":{"allow":["GET"]}}],"collection":[{"href":"https:\/\/dankbros.net\/fr\/wp-json\/wp\/v2\/product"}],"about":[{"href":"https:\/\/dankbros.net\/fr\/wp-json\/wp\/v2\/types\/product"}],"replies":[{"embeddable":true,"href":"https:\/\/dankbros.net\/fr\/wp-json\/wp\/v2\/comments?post=86582"}],"wp:featuredmedia":[{"embeddable":true,"href":"https:\/\/dankbros.net\/fr\/wp-json\/wp\/v2\/media\/1148787"}],"wp:attachment":[{"href":"https:\/\/dankbros.net\/fr\/wp-json\/wp\/v2\/media?parent=86582"}],"wp:term":[{"taxonomy":"product_brand","embeddable":true,"href":"https:\/\/dankbros.net\/fr\/wp-json\/wp\/v2\/product_brand?post=86582"},{"taxonomy":"product_cat","embeddable":true,"href":"https:\/\/dankbros.net\/fr\/wp-json\/wp\/v2\/product_cat?post=86582"},{"taxonomy":"product_tag","embeddable":true,"href":"https:\/\/dankbros.net\/fr\/wp-json\/wp\/v2\/product_tag?post=86582"}],"curies":[{"name":"wp","href":"https:\/\/api.w.org\/{rel}","templated":true}]}}