{"id":86587,"date":"2025-10-17T14:21:03","date_gmt":"2025-10-17T14:21:03","guid":{"rendered":"https:\/\/dankbros.net\/product\/bubba-crunch-indica\/"},"modified":"2025-10-17T14:21:09","modified_gmt":"2025-10-17T14:21:09","slug":"bubba-crunch-indica","status":"publish","type":"product","link":"https:\/\/dankbros.net\/fr\/product\/bubba-crunch-indica\/","title":{"rendered":"Bubba Crunch &#8211; Indica"},"content":{"rendered":"<p>Indica strain, sold in 1oz only. Boasts a skunky odor with hints of vanilla and leaves a peppery aftertaste, very helpful for those suffering with anxiety and depression.<\/p>\n<p>Bubba Crunch est une vari\u00e9t\u00e9 douce et terreuse qui vous clouera au canap\u00e9 en un rien de temps. Cette souche est 100% indica, donc si vous cherchez quelque chose pour vous aider avec l&#039;insomnie, la d\u00e9pression, le stress ou le TDA\/TDAH, ne cherchez pas plus loin. Bubba Crunch est compos\u00e9e de g\u00e9n\u00e9tiques Hindu Kush et a peu de documentation sur son origine. Cependant, il est probable qu&#039;il provienne des montagnes de l&#039;Hindu Kush - nous pouvons le dire par son go\u00fbt terreux et son parfum de pin lorsqu&#039;il est fum\u00e9. Lorsqu&#039;il est fum\u00e9, Bubba Crunch am\u00e8nera les utilisateurs \u00e0 se sentir d\u00e9tendus mais pas somnolents - c&#039;est un excellent choix si vous voulez vous d\u00e9tendre apr\u00e8s une longue journ\u00e9e mais ne pas vous endormir avant minuit ! La teneur en THC de cette vari\u00e9t\u00e9 varie de 18 \u00e0 22%. Les bourgeons de Bubba Crunch sont presque aussi collants que le chewing-gum lui-m\u00eame en raison de l&#039;abondance de trichomes qui les recouvrent ; cela les rend faciles \u00e0 s\u00e9parer pour broyer ou rouler dans les joints sans en avoir trop sur les mains par la suite<\/p>","protected":false},"excerpt":{"rendered":"[block_thccbd_type]","protected":false},"featured_media":1148788,"comment_status":"closed","ping_status":"closed","template":"","meta":{"_acf_changed":false,"inline_featured_image":false},"product_brand":[],"product_cat":[966,1096,965],"product_tag":[136],"class_list":{"0":"post-86587","1":"product","2":"type-product","3":"status-publish","4":"has-post-thumbnail","6":"product_cat-all-flower","7":"product_cat-indica","8":"product_cat-ounce-specials","9":"product_tag-indica","10":"pa_weight-14g","11":"pa_weight-28g","13":"first","14":"outofstock","15":"taxable","16":"shipping-taxable","17":"purchasable","18":"product-type-variable"},"acf":[],"_links":{"self":[{"href":"https:\/\/dankbros.net\/fr\/wp-json\/wp\/v2\/product\/86587","targetHints":{"allow":["GET"]}}],"collection":[{"href":"https:\/\/dankbros.net\/fr\/wp-json\/wp\/v2\/product"}],"about":[{"href":"https:\/\/dankbros.net\/fr\/wp-json\/wp\/v2\/types\/product"}],"replies":[{"embeddable":true,"href":"https:\/\/dankbros.net\/fr\/wp-json\/wp\/v2\/comments?post=86587"}],"wp:featuredmedia":[{"embeddable":true,"href":"https:\/\/dankbros.net\/fr\/wp-json\/wp\/v2\/media\/1148788"}],"wp:attachment":[{"href":"https:\/\/dankbros.net\/fr\/wp-json\/wp\/v2\/media?parent=86587"}],"wp:term":[{"taxonomy":"product_brand","embeddable":true,"href":"https:\/\/dankbros.net\/fr\/wp-json\/wp\/v2\/product_brand?post=86587"},{"taxonomy":"product_cat","embeddable":true,"href":"https:\/\/dankbros.net\/fr\/wp-json\/wp\/v2\/product_cat?post=86587"},{"taxonomy":"product_tag","embeddable":true,"href":"https:\/\/dankbros.net\/fr\/wp-json\/wp\/v2\/product_tag?post=86587"}],"curies":[{"name":"wp","href":"https:\/\/api.w.org\/{rel}","templated":true}]}}