{"id":86590,"date":"2025-10-17T14:21:07","date_gmt":"2025-10-17T14:21:07","guid":{"rendered":"https:\/\/dankbros.net\/product\/captain-chronic-sativa\/"},"modified":"2025-10-17T14:26:55","modified_gmt":"2025-10-17T14:26:55","slug":"captain-chronic-sativa","status":"publish","type":"product","link":"https:\/\/dankbros.net\/fr\/product\/captain-chronic-sativa\/","title":{"rendered":"Captain Chronic &#8211; Sativa"},"content":{"rendered":"<p>Captain Chronic is a triple hybrid between Skunk #1, Northern Lights, and AK47. It grows in smallish flowers that are densely clumped together like green popcorn puffs, very Indica-like in terms of structure. The buds are chunky and dense, with a sweet and earthy aroma that hits your nostrils like a tidal wave on the first inhale. The inhale is smooth and easy, with just enough carbonation to make it seem like you&#8217;re drinking a soda or eating candy. The effect is relaxing but not sedating\u2014you&#8217;ll feel buzzed without feeling sleepy or foggy-headed. Your mind will be clear enough that you can focus on whatever task needs completing (or just enjoy yourself) but not so clear that you&#8217;ll forget why you&#8217;re doing it (or where). Captain Chronic is an excellent choice for daytime use: whether you&#8217;re looking to get work done or hang out with friends, this strain will keep you feeling good while helping you get there!<\/p>","protected":false},"excerpt":{"rendered":"<p>Doux et citronn\u00e9. Id\u00e9al pour l&#039;\u00e9nergie et la cr\u00e9ativit\u00e9.<\/p>","protected":false},"featured_media":1148789,"comment_status":"closed","ping_status":"closed","template":"","meta":{"_acf_changed":false,"inline_featured_image":false},"product_brand":[],"product_cat":[1699,966,965,945],"product_tag":[129],"class_list":{"0":"post-86590","1":"product","2":"type-product","3":"status-publish","4":"has-post-thumbnail","6":"product_cat-new-products","7":"product_cat-all-flower","8":"product_cat-ounce-specials","9":"product_cat-sativa-infused-flower","10":"product_tag-sativa","12":"first","13":"outofstock","14":"taxable","15":"shipping-taxable","16":"purchasable","17":"product-type-variable"},"acf":[],"_links":{"self":[{"href":"https:\/\/dankbros.net\/fr\/wp-json\/wp\/v2\/product\/86590","targetHints":{"allow":["GET"]}}],"collection":[{"href":"https:\/\/dankbros.net\/fr\/wp-json\/wp\/v2\/product"}],"about":[{"href":"https:\/\/dankbros.net\/fr\/wp-json\/wp\/v2\/types\/product"}],"replies":[{"embeddable":true,"href":"https:\/\/dankbros.net\/fr\/wp-json\/wp\/v2\/comments?post=86590"}],"wp:featuredmedia":[{"embeddable":true,"href":"https:\/\/dankbros.net\/fr\/wp-json\/wp\/v2\/media\/1148789"}],"wp:attachment":[{"href":"https:\/\/dankbros.net\/fr\/wp-json\/wp\/v2\/media?parent=86590"}],"wp:term":[{"taxonomy":"product_brand","embeddable":true,"href":"https:\/\/dankbros.net\/fr\/wp-json\/wp\/v2\/product_brand?post=86590"},{"taxonomy":"product_cat","embeddable":true,"href":"https:\/\/dankbros.net\/fr\/wp-json\/wp\/v2\/product_cat?post=86590"},{"taxonomy":"product_tag","embeddable":true,"href":"https:\/\/dankbros.net\/fr\/wp-json\/wp\/v2\/product_tag?post=86590"}],"curies":[{"name":"wp","href":"https:\/\/api.w.org\/{rel}","templated":true}]}}