{"id":86597,"date":"2024-06-22T13:36:09","date_gmt":"2024-06-22T13:36:09","guid":{"rendered":"https:\/\/dankbros.net\/product\/frosted-kush-hybrid\/"},"modified":"2025-02-23T21:46:19","modified_gmt":"2025-02-23T21:46:19","slug":"frosted-kush-hybrid","status":"publish","type":"product","link":"https:\/\/dankbros.net\/fr\/product\/frosted-kush-hybrid\/","title":{"rendered":"Flocons givr\u00e9s \u2013 Hybride"},"content":{"rendered":"<p>Elle a une odeur unique mais famili\u00e8re qui rappelle la terre riche et les fruits, et est consid\u00e9r\u00e9e par beaucoup comme l&#039;une des fum\u00e9es les plus savoureuses qui soient. Le high ressenti est typique de nombreuses souches lourdes, produisant une relaxation prononc\u00e9e et un soulagement de la douleur, le sommeil suivant souvent de pr\u00e8s.<br \/>\nFrosted Kush a un ar\u00f4me doux et terreux avec des notes de fleurs, d&#039;agrumes et de pin qui se transforme en une saveur \u00e9pic\u00e9e \u00e0 l&#039;expiration avec des notes de miel, d&#039;\u00e9pices et de baies en arri\u00e8re-go\u00fbt. Il est souvent d\u00e9crit comme ayant un go\u00fbt &quot;frais&quot; similaire \u00e0 celui d&#039;un pin ou d&#039;agrumes comme les oranges ou les mandarines en raison de sa teneur en terp\u00e8nes contenant du pin\u00e8ne (pin), du limon\u00e8ne (agrumes), du myrc\u00e8ne (musc) et de l&#039;oxyde de caryophyll\u00e8ne (cannelle pimenter).<\/p>","protected":false},"excerpt":{"rendered":"<p>It has a unique yet familiar smell reminiscent of rich earth and fruit, and is considered by many to be one of the tastiest smokes around. The high experienced is typical of many heavy strains, producing pronounced relaxation and pain relief, with sleep often following close behind. Frosted Kush has a sweet, earthy aroma with [&#8230;]","protected":false},"featured_media":808289,"comment_status":"closed","ping_status":"closed","template":"","meta":{"_acf_changed":false,"inline_featured_image":false},"product_brand":[],"product_cat":[966,943,965],"product_tag":[86],"class_list":{"0":"post-86597","1":"product","2":"type-product","3":"status-publish","4":"has-post-thumbnail","6":"product_cat-all-flower","7":"product_cat-hybrid-infused-flower","8":"product_cat-ounce-specials","9":"product_tag-hybrid","10":"pa_weight-14g","11":"pa_weight-28g","13":"first","14":"outofstock","15":"taxable","16":"shipping-taxable","17":"purchasable","18":"product-type-variable"},"acf":[],"_links":{"self":[{"href":"https:\/\/dankbros.net\/fr\/wp-json\/wp\/v2\/product\/86597","targetHints":{"allow":["GET"]}}],"collection":[{"href":"https:\/\/dankbros.net\/fr\/wp-json\/wp\/v2\/product"}],"about":[{"href":"https:\/\/dankbros.net\/fr\/wp-json\/wp\/v2\/types\/product"}],"replies":[{"embeddable":true,"href":"https:\/\/dankbros.net\/fr\/wp-json\/wp\/v2\/comments?post=86597"}],"wp:featuredmedia":[{"embeddable":true,"href":"https:\/\/dankbros.net\/fr\/wp-json\/wp\/v2\/media\/808289"}],"wp:attachment":[{"href":"https:\/\/dankbros.net\/fr\/wp-json\/wp\/v2\/media?parent=86597"}],"wp:term":[{"taxonomy":"product_brand","embeddable":true,"href":"https:\/\/dankbros.net\/fr\/wp-json\/wp\/v2\/product_brand?post=86597"},{"taxonomy":"product_cat","embeddable":true,"href":"https:\/\/dankbros.net\/fr\/wp-json\/wp\/v2\/product_cat?post=86597"},{"taxonomy":"product_tag","embeddable":true,"href":"https:\/\/dankbros.net\/fr\/wp-json\/wp\/v2\/product_tag?post=86597"}],"curies":[{"name":"wp","href":"https:\/\/api.w.org\/{rel}","templated":true}]}}