{"id":86637,"date":"2024-06-22T13:42:16","date_gmt":"2024-06-22T13:42:16","guid":{"rendered":"https:\/\/dankbros.net\/product\/very-berry-sativa\/"},"modified":"2024-06-22T14:43:20","modified_gmt":"2024-06-22T14:43:20","slug":"very-berry-sativa","status":"publish","type":"product","link":"https:\/\/dankbros.net\/fr\/product\/very-berry-sativa\/","title":{"rendered":"Very Berry &#8211; Sativa"},"content":{"rendered":"<div>\n<div>\n<p>Tr\u00e8s Berry, comme vous l&#039;avez devin\u00e9, a le go\u00fbt et l&#039;odeur de d\u00e9licieuses baies fra\u00eeches. Ses ar\u00f4mes et parfums subtils procurent un effet longue dur\u00e9e aux effets \u00e9nergisants.<\/p>\n<p>&nbsp;<\/p>\n<p>&nbsp;<\/p>\n<\/div>\n<\/div>","protected":false},"excerpt":{"rendered":"[block_thccbd_type]","protected":false},"featured_media":808299,"comment_status":"closed","ping_status":"closed","template":"","meta":{"_acf_changed":false,"inline_featured_image":false},"product_brand":[],"product_cat":[966,965,945],"product_tag":[129],"class_list":{"0":"post-86637","1":"product","2":"type-product","3":"status-publish","4":"has-post-thumbnail","6":"product_cat-all-flower","7":"product_cat-ounce-specials","8":"product_cat-sativa-infused-flower","9":"product_tag-sativa","11":"first","12":"outofstock","13":"taxable","14":"shipping-taxable","15":"purchasable","16":"product-type-variable"},"acf":[],"_links":{"self":[{"href":"https:\/\/dankbros.net\/fr\/wp-json\/wp\/v2\/product\/86637","targetHints":{"allow":["GET"]}}],"collection":[{"href":"https:\/\/dankbros.net\/fr\/wp-json\/wp\/v2\/product"}],"about":[{"href":"https:\/\/dankbros.net\/fr\/wp-json\/wp\/v2\/types\/product"}],"replies":[{"embeddable":true,"href":"https:\/\/dankbros.net\/fr\/wp-json\/wp\/v2\/comments?post=86637"}],"wp:featuredmedia":[{"embeddable":true,"href":"https:\/\/dankbros.net\/fr\/wp-json\/wp\/v2\/media\/808299"}],"wp:attachment":[{"href":"https:\/\/dankbros.net\/fr\/wp-json\/wp\/v2\/media?parent=86637"}],"wp:term":[{"taxonomy":"product_brand","embeddable":true,"href":"https:\/\/dankbros.net\/fr\/wp-json\/wp\/v2\/product_brand?post=86637"},{"taxonomy":"product_cat","embeddable":true,"href":"https:\/\/dankbros.net\/fr\/wp-json\/wp\/v2\/product_cat?post=86637"},{"taxonomy":"product_tag","embeddable":true,"href":"https:\/\/dankbros.net\/fr\/wp-json\/wp\/v2\/product_tag?post=86637"}],"curies":[{"name":"wp","href":"https:\/\/api.w.org\/{rel}","templated":true}]}}