{"id":86644,"date":"2025-10-17T14:22:30","date_gmt":"2025-10-17T14:22:30","guid":{"rendered":"https:\/\/dankbros.net\/product\/temple-hash-2\/"},"modified":"2025-10-17T14:22:57","modified_gmt":"2025-10-17T14:22:57","slug":"temple-hash-2","status":"publish","type":"product","link":"https:\/\/dankbros.net\/fr\/product\/temple-hash-2\/","title":{"rendered":"N\u00e9pal Temple Ball Hash"},"content":{"rendered":"<p>\u00c9l\u00e9ment de menu r\u00e9gulier. Le hachis Temple Ball est gluant et d\u00e9gage une fum\u00e9e similaire \u00e0 celle du hachis afghan.<\/p>\n<p>&nbsp;<\/p>","protected":false},"excerpt":{"rendered":"<p>Les origines du haschich remontent \u00e0 des milliers d&#039;ann\u00e9es au Liban et au N\u00e9pal, o\u00f9 la r\u00e9colte annuelle de cannabis \u00e9tait concentr\u00e9e et s\u00e9ch\u00e9e pour \u00eatre stock\u00e9e jusqu&#039;\u00e0 la prochaine saison de r\u00e9colte.<\/p>\n<p>Le haschisch n\u00e9palais Temple Balls est connu pour sa couleur et sa texture collantes et r\u00e9sineuses, son go\u00fbt sucr\u00e9 et acidul\u00e9 et son effet narcotique qui fait r\u00eaver. Il devient maintenant un objet rare. C&#039;est le type de hasch dont sont faites les l\u00e9gendes. La peau luisante, la texture gluante et le fait que vos doigts collent d\u00e8s que vous posez la main dessus en sont presque la preuve. Lorsque vous allumez, vous savez \u00e0 coup s\u00fbr. Le hash n\u00e9palais Temple Ball est le shizzle. Ce high est intense mais pas soudain. Bien qu&#039;il s&#039;agisse d&#039;un hachage puissant, il vous calmera gentiment et facilement.<\/p>\n<p>Il s&#039;agit d&#039;un hasch de qualit\u00e9 connaisseur pris\u00e9 destin\u00e9 \u00e0 \u00eatre vieilli pendant de longues p\u00e9riodes, permettant \u00e0 toutes les huiles essentielles de se fondre en parfaite harmonie. Le hasch Temple Ball n\u00e9palais est un concentr\u00e9 de cannabis de plante enti\u00e8re enti\u00e8rement d\u00e9carboxyl\u00e9 avec des puret\u00e9s aussi \u00e9lev\u00e9es que 80% sans l&#039;utilisation de solvants.<\/p>\n<p>&nbsp;<\/p>","protected":false},"featured_media":1148804,"comment_status":"closed","ping_status":"closed","template":"","meta":{"_acf_changed":false,"inline_featured_image":false},"product_brand":[],"product_cat":[946],"product_tag":[],"class_list":{"0":"post-86644","1":"product","2":"type-product","3":"status-publish","4":"has-post-thumbnail","6":"product_cat-hash","8":"first","9":"outofstock","10":"sale","11":"taxable","12":"shipping-taxable","13":"purchasable","14":"product-type-variable"},"acf":[],"_links":{"self":[{"href":"https:\/\/dankbros.net\/fr\/wp-json\/wp\/v2\/product\/86644","targetHints":{"allow":["GET"]}}],"collection":[{"href":"https:\/\/dankbros.net\/fr\/wp-json\/wp\/v2\/product"}],"about":[{"href":"https:\/\/dankbros.net\/fr\/wp-json\/wp\/v2\/types\/product"}],"replies":[{"embeddable":true,"href":"https:\/\/dankbros.net\/fr\/wp-json\/wp\/v2\/comments?post=86644"}],"wp:featuredmedia":[{"embeddable":true,"href":"https:\/\/dankbros.net\/fr\/wp-json\/wp\/v2\/media\/1148804"}],"wp:attachment":[{"href":"https:\/\/dankbros.net\/fr\/wp-json\/wp\/v2\/media?parent=86644"}],"wp:term":[{"taxonomy":"product_brand","embeddable":true,"href":"https:\/\/dankbros.net\/fr\/wp-json\/wp\/v2\/product_brand?post=86644"},{"taxonomy":"product_cat","embeddable":true,"href":"https:\/\/dankbros.net\/fr\/wp-json\/wp\/v2\/product_cat?post=86644"},{"taxonomy":"product_tag","embeddable":true,"href":"https:\/\/dankbros.net\/fr\/wp-json\/wp\/v2\/product_tag?post=86644"}],"curies":[{"name":"wp","href":"https:\/\/api.w.org\/{rel}","templated":true}]}}