{"id":86652,"date":"2025-10-17T14:22:54","date_gmt":"2025-10-17T14:22:54","guid":{"rendered":"https:\/\/dankbros.net\/product\/natures-harvest-chocolate-bars-bundle-2\/"},"modified":"2025-10-17T14:48:29","modified_gmt":"2025-10-17T14:48:29","slug":"natures-harvest-chocolate-bars-bundle-2","status":"publish","type":"product","link":"https:\/\/dankbros.net\/fr\/product\/natures-harvest-chocolate-bars-bundle-2\/","title":{"rendered":"Barres de chocolat Natures Harvest"},"content":{"rendered":"<p>1000 mg de thc par barre de 109 g. 1 pour $40 OU 2 pour $70 OU 4 pour $120<\/p>\n<p>&nbsp;<\/p>\n<p>disponible dans les saveurs suivantes<\/p>\n<p>Velours rouge<\/p>\n<p>Chocolat noir<\/p>","protected":false},"excerpt":{"rendered":"<p>Ces barres de chocolat Natures Harvest recouvertes d&#039;un chocolat cr\u00e9meux et d\u00e9licieux 1000 mg de thc pour 109 g, juste au cas o\u00f9 votre envie de la dent sucr\u00e9e parfaite.<\/p>\n<p>Fabriqu\u00e9 avec de vraies f\u00e8ves de cacao de haute qualit\u00e9 qui ont \u00e9t\u00e9 s\u00e9lectionn\u00e9es avec amour pour un bon go\u00fbt et l&#039;excellence des travailleurs. Les barres de chocolat Natures Harvest sont parfaites lorsque vous voulez une g\u00e2terie, mais que vous voulez aussi vous sentir bien dans ce que vous mettez dans votre bouche.<\/p>\n<p>La culpabilit\u00e9 de manger une barre de chocolat enti\u00e8re prendra fin une fois que vous aurez essay\u00e9 l&#039;une de nos barres de chocolat Natures Harvest. Avec des ingr\u00e9dients comme le cacao, le sucre de canne biologique et l&#039;huile de tournesol, ces barres sont fabriqu\u00e9es sans sucres raffin\u00e9s ni huile de palmiste et sont v\u00e9g\u00e9taliennes. C&#039;est un gagnant-gagnant si nous en avons d\u00e9j\u00e0 vu un!<\/p>","protected":false},"featured_media":1148809,"comment_status":"closed","ping_status":"closed","template":"","meta":{"_acf_changed":false,"inline_featured_image":false},"product_brand":[],"product_cat":[343,436],"product_tag":[],"class_list":{"0":"post-86652","1":"product","2":"type-product","3":"status-publish","4":"has-post-thumbnail","6":"product_cat-edibles","7":"product_cat-chocolates","8":"pa_flavours-cookies-cream","9":"pa_flavours-milk-chocolate","11":"first","12":"instock","13":"taxable","14":"shipping-taxable","15":"purchasable","16":"product-type-variable"},"acf":[],"_links":{"self":[{"href":"https:\/\/dankbros.net\/fr\/wp-json\/wp\/v2\/product\/86652","targetHints":{"allow":["GET"]}}],"collection":[{"href":"https:\/\/dankbros.net\/fr\/wp-json\/wp\/v2\/product"}],"about":[{"href":"https:\/\/dankbros.net\/fr\/wp-json\/wp\/v2\/types\/product"}],"replies":[{"embeddable":true,"href":"https:\/\/dankbros.net\/fr\/wp-json\/wp\/v2\/comments?post=86652"}],"wp:featuredmedia":[{"embeddable":true,"href":"https:\/\/dankbros.net\/fr\/wp-json\/wp\/v2\/media\/1148809"}],"wp:attachment":[{"href":"https:\/\/dankbros.net\/fr\/wp-json\/wp\/v2\/media?parent=86652"}],"wp:term":[{"taxonomy":"product_brand","embeddable":true,"href":"https:\/\/dankbros.net\/fr\/wp-json\/wp\/v2\/product_brand?post=86652"},{"taxonomy":"product_cat","embeddable":true,"href":"https:\/\/dankbros.net\/fr\/wp-json\/wp\/v2\/product_cat?post=86652"},{"taxonomy":"product_tag","embeddable":true,"href":"https:\/\/dankbros.net\/fr\/wp-json\/wp\/v2\/product_tag?post=86652"}],"curies":[{"name":"wp","href":"https:\/\/api.w.org\/{rel}","templated":true}]}}