{"id":86877,"date":"2024-06-22T15:15:24","date_gmt":"2024-06-22T15:15:24","guid":{"rendered":"https:\/\/dankbros.net\/product\/black-gold-indica-2\/"},"modified":"2025-02-23T21:46:18","modified_gmt":"2025-02-23T21:46:18","slug":"black-gold-indica-2","status":"publish","type":"product","link":"https:\/\/dankbros.net\/fr\/product\/black-gold-indica-2\/","title":{"rendered":"Black Gold &#8211; Indica Bulk"},"content":{"rendered":"<p>Black Gold est une vari\u00e9t\u00e9 hybride qui provoque un fort effet corporel et peut vous aider \u00e0 vous d\u00e9tendre. Elle peut \u00e9galement aider \u00e0 soulager les douleurs chroniques et l&#039;insomnie, mais il est pr\u00e9f\u00e9rable d&#039;utiliser cette vari\u00e9t\u00e9 si vous souhaitez vous asseoir, vous d\u00e9tendre et regarder Netflix. La vari\u00e9t\u00e9 a \u00e9t\u00e9 cr\u00e9\u00e9e en croisant Black Domina avec une Old World Kush. Elle a une teneur en THC comprise entre 12% et 18% et peut contenir du CBD. Cette vari\u00e9t\u00e9 d\u00e9gage des ar\u00f4mes terreux, \u00e9pic\u00e9s et fruit\u00e9s lorsqu&#039;elle est fum\u00e9e ou vaporis\u00e9e. sous forme de fleurs s\u00e9ch\u00e9es, \u00e0 forte teneur en THC et peut contenir du CBD. Cela peut produire des sensations relaxantes et donner un sentiment de calme.<\/p>","protected":false},"excerpt":{"rendered":"<p>Black Gold is a hybrid strain that induces a strong body high and can help you relax. It may also help with chronic pain and insomnia, but it&#8217;s best to use this strain if you want to sit back, relax and watch some Netflix. The strain was created by crossing Black Domina with an Old [&#8230;]","protected":false},"featured_media":808401,"comment_status":"closed","ping_status":"closed","template":"","meta":{"_acf_changed":false,"inline_featured_image":false},"product_brand":[],"product_cat":[1301,966,1096,965],"product_tag":[],"class_list":{"0":"post-86877","1":"product","2":"type-product","3":"status-publish","4":"has-post-thumbnail","6":"product_cat-new-bulk-orders","7":"product_cat-all-flower","8":"product_cat-indica","9":"product_cat-ounce-specials","10":"pa_weight-qp-4oz","11":"pa_weight-hp-8oz","12":"pa_weight-pound-16oz","14":"first","15":"outofstock","16":"taxable","17":"shipping-taxable","18":"purchasable","19":"product-type-variable"},"acf":[],"_links":{"self":[{"href":"https:\/\/dankbros.net\/fr\/wp-json\/wp\/v2\/product\/86877","targetHints":{"allow":["GET"]}}],"collection":[{"href":"https:\/\/dankbros.net\/fr\/wp-json\/wp\/v2\/product"}],"about":[{"href":"https:\/\/dankbros.net\/fr\/wp-json\/wp\/v2\/types\/product"}],"replies":[{"embeddable":true,"href":"https:\/\/dankbros.net\/fr\/wp-json\/wp\/v2\/comments?post=86877"}],"wp:featuredmedia":[{"embeddable":true,"href":"https:\/\/dankbros.net\/fr\/wp-json\/wp\/v2\/media\/808401"}],"wp:attachment":[{"href":"https:\/\/dankbros.net\/fr\/wp-json\/wp\/v2\/media?parent=86877"}],"wp:term":[{"taxonomy":"product_brand","embeddable":true,"href":"https:\/\/dankbros.net\/fr\/wp-json\/wp\/v2\/product_brand?post=86877"},{"taxonomy":"product_cat","embeddable":true,"href":"https:\/\/dankbros.net\/fr\/wp-json\/wp\/v2\/product_cat?post=86877"},{"taxonomy":"product_tag","embeddable":true,"href":"https:\/\/dankbros.net\/fr\/wp-json\/wp\/v2\/product_tag?post=86877"}],"curies":[{"name":"wp","href":"https:\/\/api.w.org\/{rel}","templated":true}]}}