{"id":86973,"date":"2024-06-22T15:24:26","date_gmt":"2024-06-22T15:24:26","guid":{"rendered":"https:\/\/dankbros.net\/product\/frosted-kush-indica\/"},"modified":"2025-02-23T21:46:18","modified_gmt":"2025-02-23T21:46:18","slug":"frosted-kush-indica","status":"publish","type":"product","link":"https:\/\/dankbros.net\/fr\/product\/frosted-kush-indica\/","title":{"rendered":"Frosted Flakes &#8211; Hybrid BULK"},"content":{"rendered":"<p>Frosted Kush a un ar\u00f4me doux et terreux avec des notes de fleurs, d&#039;agrumes et de pin qui se transforme en une saveur \u00e9pic\u00e9e \u00e0 l&#039;expiration avec des notes de miel, d&#039;\u00e9pices et de baies en arri\u00e8re-go\u00fbt. Il est souvent d\u00e9crit comme ayant un go\u00fbt &quot;frais&quot; similaire \u00e0 celui d&#039;un pin ou d&#039;agrumes comme les oranges ou les mandarines en raison de sa teneur en terp\u00e8nes contenant du pin\u00e8ne (pin), du limon\u00e8ne (agrumes), du myrc\u00e8ne (musc) et de l&#039;oxyde de caryophyll\u00e8ne (cannelle pimenter).<\/p>","protected":false},"excerpt":{"rendered":"<p>Frosted Kush has a sweet, earthy aroma with notes of flowers, citrus and pine that transforms into a spicy flavor on exhale with notes of honey, spice and berries on the aftertaste. It&#8217;s often described as having a &#8220;fresh&#8221; taste similar to that of a pine tree or citrus fruits like oranges or tangerines due [&#8230;]","protected":false},"featured_media":808406,"comment_status":"closed","ping_status":"closed","template":"","meta":{"_acf_changed":false,"inline_featured_image":false},"product_brand":[],"product_cat":[1301,966,943,965],"product_tag":[],"class_list":{"0":"post-86973","1":"product","2":"type-product","3":"status-publish","4":"has-post-thumbnail","6":"product_cat-new-bulk-orders","7":"product_cat-all-flower","8":"product_cat-hybrid-infused-flower","9":"product_cat-ounce-specials","10":"pa_weight-qp-4oz","11":"pa_weight-hp-8oz","12":"pa_weight-pound-16oz","14":"first","15":"outofstock","16":"taxable","17":"shipping-taxable","18":"purchasable","19":"product-type-variable"},"acf":[],"_links":{"self":[{"href":"https:\/\/dankbros.net\/fr\/wp-json\/wp\/v2\/product\/86973","targetHints":{"allow":["GET"]}}],"collection":[{"href":"https:\/\/dankbros.net\/fr\/wp-json\/wp\/v2\/product"}],"about":[{"href":"https:\/\/dankbros.net\/fr\/wp-json\/wp\/v2\/types\/product"}],"replies":[{"embeddable":true,"href":"https:\/\/dankbros.net\/fr\/wp-json\/wp\/v2\/comments?post=86973"}],"wp:featuredmedia":[{"embeddable":true,"href":"https:\/\/dankbros.net\/fr\/wp-json\/wp\/v2\/media\/808406"}],"wp:attachment":[{"href":"https:\/\/dankbros.net\/fr\/wp-json\/wp\/v2\/media?parent=86973"}],"wp:term":[{"taxonomy":"product_brand","embeddable":true,"href":"https:\/\/dankbros.net\/fr\/wp-json\/wp\/v2\/product_brand?post=86973"},{"taxonomy":"product_cat","embeddable":true,"href":"https:\/\/dankbros.net\/fr\/wp-json\/wp\/v2\/product_cat?post=86973"},{"taxonomy":"product_tag","embeddable":true,"href":"https:\/\/dankbros.net\/fr\/wp-json\/wp\/v2\/product_tag?post=86973"}],"curies":[{"name":"wp","href":"https:\/\/api.w.org\/{rel}","templated":true}]}}