{"id":86983,"date":"2024-06-22T15:27:20","date_gmt":"2024-06-22T15:27:20","guid":{"rendered":"https:\/\/dankbros.net\/product\/lemon-tart-sativa-2\/"},"modified":"2025-02-23T21:46:18","modified_gmt":"2025-02-23T21:46:18","slug":"lemon-tart-sativa-2","status":"publish","type":"product","link":"https:\/\/dankbros.net\/fr\/product\/lemon-tart-sativa-2\/","title":{"rendered":"Lemon Tart &#8211; Sativa BULK"},"content":{"rendered":"<p>Lemon Tart de Cali Connection est une graine de cannabis f\u00e9minis\u00e9e issue du croisement entre deux grandes g\u00e9n\u00e9tiques : Wedding Cake et Super Lemon Haze. Le r\u00e9sultat est une incroyable dominante sativa, tr\u00e8s puissante et avec une douce saveur de citron. Cette vari\u00e9t\u00e9 se caract\u00e9rise par un niveau \u00e9lev\u00e9 de THC. Cette vari\u00e9t\u00e9 a remport\u00e9 de nombreux prix, dont la Cannabis Cup en 2010 en tant que meilleure Sativa. Il a \u00e9t\u00e9 d\u00e9crit par les utilisateurs comme \u00e9tant id\u00e9al pour une utilisation de jour car il fournit de l&#039;\u00e9nergie, de la concentration et un soulagement du stress sans provoquer de parano\u00efa ou d&#039;anxi\u00e9t\u00e9.<\/p>","protected":false},"excerpt":{"rendered":"<p>Lemon Tart by Cali Connection is a feminised cannabis seed that derives from the cross between two great genetics: Wedding Cake and Super Lemon Haze. The result is an incredible sativa dominant, very powerful and with a sweet lemon flavour. This strain is characterised by a high level of THC. This strain has won many [&#8230;]","protected":false},"featured_media":808409,"comment_status":"closed","ping_status":"closed","template":"","meta":{"_acf_changed":false,"inline_featured_image":false},"product_brand":[],"product_cat":[1301,966,965,945],"product_tag":[],"class_list":{"0":"post-86983","1":"product","2":"type-product","3":"status-publish","4":"has-post-thumbnail","6":"product_cat-new-bulk-orders","7":"product_cat-all-flower","8":"product_cat-ounce-specials","9":"product_cat-sativa-infused-flower","10":"pa_weight-qp-4oz","11":"pa_weight-hp-8oz","12":"pa_weight-pound-16oz","14":"first","15":"outofstock","16":"taxable","17":"shipping-taxable","18":"purchasable","19":"product-type-variable"},"acf":[],"_links":{"self":[{"href":"https:\/\/dankbros.net\/fr\/wp-json\/wp\/v2\/product\/86983","targetHints":{"allow":["GET"]}}],"collection":[{"href":"https:\/\/dankbros.net\/fr\/wp-json\/wp\/v2\/product"}],"about":[{"href":"https:\/\/dankbros.net\/fr\/wp-json\/wp\/v2\/types\/product"}],"replies":[{"embeddable":true,"href":"https:\/\/dankbros.net\/fr\/wp-json\/wp\/v2\/comments?post=86983"}],"wp:featuredmedia":[{"embeddable":true,"href":"https:\/\/dankbros.net\/fr\/wp-json\/wp\/v2\/media\/808409"}],"wp:attachment":[{"href":"https:\/\/dankbros.net\/fr\/wp-json\/wp\/v2\/media?parent=86983"}],"wp:term":[{"taxonomy":"product_brand","embeddable":true,"href":"https:\/\/dankbros.net\/fr\/wp-json\/wp\/v2\/product_brand?post=86983"},{"taxonomy":"product_cat","embeddable":true,"href":"https:\/\/dankbros.net\/fr\/wp-json\/wp\/v2\/product_cat?post=86983"},{"taxonomy":"product_tag","embeddable":true,"href":"https:\/\/dankbros.net\/fr\/wp-json\/wp\/v2\/product_tag?post=86983"}],"curies":[{"name":"wp","href":"https:\/\/api.w.org\/{rel}","templated":true}]}}