{"id":88077,"date":"2025-10-17T14:26:52","date_gmt":"2025-10-17T14:26:52","guid":{"rendered":"https:\/\/dankbros.net\/product\/red-kashmir\/"},"modified":"2025-10-17T14:27:31","modified_gmt":"2025-10-17T14:27:31","slug":"red-kashmir","status":"publish","type":"product","link":"https:\/\/dankbros.net\/fr\/product\/red-kashmir\/","title":{"rendered":"Hash rouge du Cachemire"},"content":{"rendered":"","protected":false},"excerpt":{"rendered":"<p>Si vous recherchez cette exp\u00e9rience cannabique unique en son genre, alors vous \u00eates au bon endroit. Red Wolf Lebanon Hash est un produit de haschisch de haute qualit\u00e9 fabriqu\u00e9 \u00e0 partir du meilleur de ce que le Liban a \u00e0 offrir. Il est fum\u00e9 dans une pipe ou un joint et doit \u00eatre r\u00e9serv\u00e9 pour des occasions sp\u00e9ciales, car il peut facilement devenir addictif !<\/p>\n<p>Le hasch libanais Red Wolf est le meilleur hasch du Moyen-Orient. Nous sommes fiers de pouvoir vous offrir ce produit de haute qualit\u00e9. Nous sommes fiers d&#039;\u00eatre patients et minutieux \u00e0 chaque \u00e9tape de la production. Cela signifie que notre hasch est toujours puissant, frais et savoureux.<\/p>","protected":false},"featured_media":1148838,"comment_status":"closed","ping_status":"closed","template":"","meta":{"_acf_changed":false,"inline_featured_image":false},"product_brand":[],"product_cat":[946],"product_tag":[],"class_list":{"0":"post-88077","1":"product","2":"type-product","3":"status-publish","4":"has-post-thumbnail","6":"product_cat-hash","8":"first","9":"outofstock","10":"sale","11":"taxable","12":"shipping-taxable","13":"purchasable","14":"product-type-variable"},"acf":[],"_links":{"self":[{"href":"https:\/\/dankbros.net\/fr\/wp-json\/wp\/v2\/product\/88077","targetHints":{"allow":["GET"]}}],"collection":[{"href":"https:\/\/dankbros.net\/fr\/wp-json\/wp\/v2\/product"}],"about":[{"href":"https:\/\/dankbros.net\/fr\/wp-json\/wp\/v2\/types\/product"}],"replies":[{"embeddable":true,"href":"https:\/\/dankbros.net\/fr\/wp-json\/wp\/v2\/comments?post=88077"}],"wp:featuredmedia":[{"embeddable":true,"href":"https:\/\/dankbros.net\/fr\/wp-json\/wp\/v2\/media\/1148838"}],"wp:attachment":[{"href":"https:\/\/dankbros.net\/fr\/wp-json\/wp\/v2\/media?parent=88077"}],"wp:term":[{"taxonomy":"product_brand","embeddable":true,"href":"https:\/\/dankbros.net\/fr\/wp-json\/wp\/v2\/product_brand?post=88077"},{"taxonomy":"product_cat","embeddable":true,"href":"https:\/\/dankbros.net\/fr\/wp-json\/wp\/v2\/product_cat?post=88077"},{"taxonomy":"product_tag","embeddable":true,"href":"https:\/\/dankbros.net\/fr\/wp-json\/wp\/v2\/product_tag?post=88077"}],"curies":[{"name":"wp","href":"https:\/\/api.w.org\/{rel}","templated":true}]}}