{"id":89519,"date":"2025-10-17T14:39:04","date_gmt":"2025-10-17T14:39:04","guid":{"rendered":"https:\/\/dankbros.net\/product\/willo-1000mg-thc-gummies-2\/"},"modified":"2025-10-17T14:39:29","modified_gmt":"2025-10-17T14:39:29","slug":"willo-1000mg-thc-gummies-2","status":"publish","type":"product","link":"https:\/\/dankbros.net\/fr\/product\/willo-1000mg-thc-gummies-2\/","title":{"rendered":"Willo 1000mg Thc Gummies"},"content":{"rendered":"<p>&#039;- 10 gommes\/sac x 100 mg chacune<\/p>\n<p>\u2013 1000mg THC (indica) par sachet<\/p>\n<p>\u2013 Huile \u00e0 spectre complet CO2 hivernis\u00e9e<\/p>\n<p>&nbsp;<\/p>\n<p>Ingr\u00e9dients : Sucre, glucose, eau, g\u00e9latine, sorbitol, huile \u00e0 spectre complet CO2 test\u00e9e en laboratoire, ar\u00f4me de goyave, acide citrique, amidon de ma\u00efs, huile de p\u00e9pins de raisin, sorbate de potassium, colorant alimentaire.<\/p>\n<p>*Ce sont les gommes les plus fortes que nous ayons jamais fabriqu\u00e9es\u00a0! Il est recommand\u00e9 aux nouveaux utilisateurs d&#039;essayer notre gamme de gommes \u00e0 200 mg avant de passer \u00e0 ces mauvais gar\u00e7ons. Il est recommand\u00e9 aux utilisateurs exp\u00e9riment\u00e9s de commencer avec un demi-bonbon et d&#039;attendre les effets avant d&#039;augmenter lentement la dose. N&#039;oubliez pas que cela peut prendre 2 \u00e0 3 heures pour ressentir les effets.<\/p>\n<p>Stockage\u00a0: Conserver dans un endroit frais et sec, \u00e0 l&#039;abri de la chaleur et de la lumi\u00e8re directe du soleil (comme le r\u00e9frig\u00e9rateur\u00a0!)<\/p>","protected":false},"excerpt":{"rendered":"<p>Un KO total qui ne tire aucun coup de poing. Ce gommeux qui fait claquer les l\u00e8vres m\u00e9lange la framboise, l&#039;ananas et la grenade pour cr\u00e9er un punch fruit\u00e9. Cette gomme est citronn\u00e9e, sucr\u00e9e et l\u00e9g\u00e8rement acidul\u00e9e.<\/p>\n<p>Les amis c&#039;est bien, mais les amis avec des gommes au raisin c&#039;est encore mieux. Ces d\u00e9licieuses gommes \u00e0 saveur de raisin sont le premier choix pour les connaisseurs de gommes partout. Cette gomme a une saveur douce, croquante et m\u00fbre.<\/p>\n<p>Ce bonbon \u00e0 la goyave vous transportera sur une \u00eele tropicale ! Guava Sorbet \u00e9gayera votre journ\u00e9e et vous donnera une ambiance estivale joyeuse. Cette gomme a une saveur sucr\u00e9e, l\u00e9g\u00e8rement acide et fruit\u00e9e.<\/p>\n<p>Qui a dit qu&#039;on ne pouvait pas profiter des saveurs de l&#039;automne toute l&#039;ann\u00e9e ? Les saveurs canadiennes classiques du sirop d&#039;\u00e9rable et des pommes granny smith acidul\u00e9es se sont combin\u00e9es pour cr\u00e9er une saveur savoureuse et famili\u00e8re. Cette gomme a une saveur sucr\u00e9e, acidul\u00e9e et beurr\u00e9e.<\/p>","protected":false},"featured_media":1148879,"comment_status":"closed","ping_status":"closed","template":"","meta":{"_acf_changed":false,"inline_featured_image":false},"product_brand":[],"product_cat":[343,952],"product_tag":[],"class_list":{"0":"post-89519","1":"product","2":"type-product","3":"status-publish","4":"has-post-thumbnail","6":"product_cat-edibles","7":"product_cat-candy","8":"pa_flavours-1000mg-thc-guava-sorbet-day-gummies","9":"pa_flavours-thc-grape-goo-night-gummies","10":"pa_flavours-thc-mapple-pie-night-gummies","11":"pa_flavours-thc-pomegranate-punch-day-gummies","13":"first","14":"instock","15":"taxable","16":"shipping-taxable","17":"purchasable","18":"product-type-variable"},"acf":[],"_links":{"self":[{"href":"https:\/\/dankbros.net\/fr\/wp-json\/wp\/v2\/product\/89519","targetHints":{"allow":["GET"]}}],"collection":[{"href":"https:\/\/dankbros.net\/fr\/wp-json\/wp\/v2\/product"}],"about":[{"href":"https:\/\/dankbros.net\/fr\/wp-json\/wp\/v2\/types\/product"}],"replies":[{"embeddable":true,"href":"https:\/\/dankbros.net\/fr\/wp-json\/wp\/v2\/comments?post=89519"}],"wp:featuredmedia":[{"embeddable":true,"href":"https:\/\/dankbros.net\/fr\/wp-json\/wp\/v2\/media\/1148879"}],"wp:attachment":[{"href":"https:\/\/dankbros.net\/fr\/wp-json\/wp\/v2\/media?parent=89519"}],"wp:term":[{"taxonomy":"product_brand","embeddable":true,"href":"https:\/\/dankbros.net\/fr\/wp-json\/wp\/v2\/product_brand?post=89519"},{"taxonomy":"product_cat","embeddable":true,"href":"https:\/\/dankbros.net\/fr\/wp-json\/wp\/v2\/product_cat?post=89519"},{"taxonomy":"product_tag","embeddable":true,"href":"https:\/\/dankbros.net\/fr\/wp-json\/wp\/v2\/product_tag?post=89519"}],"curies":[{"name":"wp","href":"https:\/\/api.w.org\/{rel}","templated":true}]}}