{"id":90542,"date":"2024-01-15T18:44:05","date_gmt":"2024-01-15T18:44:05","guid":{"rendered":"https:\/\/dankbros.net\/product\/stoner-patch-dummies-350mg-3\/"},"modified":"2025-02-23T21:46:26","modified_gmt":"2025-02-23T21:46:26","slug":"stoner-patch-dummies-350mg-3","status":"publish","type":"product","link":"https:\/\/dankbros.net\/fr\/product\/stoner-patch-dummies-350mg-3\/","title":{"rendered":"Mannequins Stoner Patch"},"content":{"rendered":"<h2>350mg Tropical \u2013 en rupture de stock<\/h2>\n<p>500mg Tropical \u2013 en rupture de stock<\/p>\n<p>500mg cerise \u2013 rupture de stock<\/p>\n<p>500 mg de past\u00e8que \u2013 en rupture de stock<\/p>\n<p>500mg \u2013 vari\u00e9t\u00e9<\/p>\n<p>&nbsp;<\/p>\n<h2>Mannequins Stoner Patch\u00a0<\/h2>\n<p>Explore our selection of delicious and relaxing edibles, including our popular Stoner Patch Dummies at <a href=\"https:\/\/dankbros.net\/fr\/product\/stoner-patch-dummies-350mg-3\/\">Fr\u00e8res Dank<\/a>. With each pack containing 350mg of THC, these fruity-flavored treats are perfect for unwinding after a long day. Shop now and treat yourself to some sweet relaxation!<\/p>\n<h2>What are Stoner Patch Dummies?<\/h2>\n<p>Stoner patch dummies are coated in some sort of sour powder \u2013 nice little gummy squares. As for the taste, they really have good feedback and have a nice texture as well. No added or mixed tropical fruit taste, mainly berries. The Stoner Patch dummies are not too sweet, either. They are made with top-quality and premium cannabis and come infused with 350mg THC. You could get 70mg per dummy.<\/p>\n<p>&nbsp;<\/p>\n<h2>Benefits of Stoner Patch Dummies<\/h2>\n<ul>\n<li><b>Precise Dosing:<\/b> Every gummy in the Stoner Patch Dummies range has a precisely calculated THC dosage, guaranteeing accuracy and consistency with each serving. With less guesswork involved than with other consumption methods, users can more easily achieve their desired level of relaxation or happiness due to this accurate dosing, which gives them better control over their cannabis intake.<\/li>\n<li><b>Enjoyable Experience:<\/b> Having one can give you a delightful experience. When you bite this chewy gummy, you\u2019ll taste the flavor of fruit, such as grapes.<\/li>\n<li><b>Discreet:<\/b> Another benefit of Stoner Patch Dummies is their packaging, which allows you to consume cannabis without attracting unwanted attention. You can enjoy it however you want\u2014in a purse, in a tucked-away pocket, or with a backpack. These gummies are easy to blend and really easy to use.<\/li>\n<li><b>Long-lasting Effects<\/b>: Some cannabis products offer a shorter effect, but this is not the case for Stoner Patch Dummies. When you have consumed one, the THC takes effect already and could last for longer hours \u2013 and this means you get to enjoy it longer, too.<\/li>\n<\/ul>\n<h2>Ways to Get The Best Experience of Stoner Patch Dummies<\/h2>\n<ul>\n<li><b>Start Low and Go Slow:<\/b> If you haven\u2019t tried edibles or have a presumably low tolerance to them, it\u2019s best to have a small dose only, a half gummy will do. It\u2019s enough to enjoy a longer experience. Take note, though, it will take effect in about 2 hours, a bit longer than other cannabis.<\/li>\n<li><b>Mind Your Dosage<\/b>: As instructed, you must follow the right dosage you can take, you should pay attention to the THC consumption per gummy. Avoid consuming more than your tolerance level as it may affect your health, giving you nausea or some sort of dizziness.<\/li>\n<li><b>Stay Hydrated: <\/b>While consuming edibles, you must maintain or have at least a bottle of water beside you to avoid getting a dry mouth and keep yourself hydrated throughout the whole consumption.<\/li>\n<li><b>Choose Your Environment:<\/b> Select a comfortable and safe environment to enjoy your Stoner Patch Dummies.\u00a0<\/li>\n<li><b>Plan Your Activities:<\/b> As we all know, upon taking the edibles, it may take at least 2 hours, so make sure you don\u2019t have any other prior things or important tasks to do. Just enjoy the process.<\/li>\n<li><b>Avoid Mixing with Alcohol or Other Substances: <\/b>Consuming alcohol or other substances while consuming edibles may not be a good option as it may have a bad effect on your body. Enjoy Stoner Patch Dummies alone without any other food or alcohol intake.<\/li>\n<li><b>Store Properly: <\/b>To preserve the freshness and quality of each Stoner Patch Dummies, store it ina a cool or at least in a normal room temp area as dry places could have a bad effect on it. You\u2019ve invested money on it, so at least take time to store it in a cool place.<\/li>\n<\/ul>\n<h2>Why Choose Dank Bros\u2019s Stoner Patch Dummies?<\/h2>\n<h3>Premium Quality<\/h3>\n<p>Dank Bros takes pride in sourcing the highest quality ingredients to create their Stoner Patch Dummies. Each gummy is crafted carefully, ensuring a consistently excellent product with every batch.<\/p>\n<h3>Delicious Flavors<\/h3>\n<p>We offer different exciting flavors to choose from \u2013 get a strawberry, cheery, watermelon, or blueberry at Dank Bros and enjoy the best and most fulfilling experience you could get at Stoner Patch Dummies.<\/p>\n<h3>Precise Dosage<\/h3>\n<p>We ensure that each and every dose of a Stoner Patch Dummy has an accurate and precise dosage of THC. This level of precision is an indication that you\u2019ll only get the best of the best.<\/p>\n<h3>Discreet Packaging<\/h3>\n<p>We totally understand how important nice and discreet packaging is when consuming cannabis. Our Stoner Patch Dummies come in a discreet one, which allows you to enjoy your cannabis experience without having to draw any attention.<\/p>\n<h3>Trusted Reputation<\/h3>\n<p>Dank Bros has a reputation for providing the best experience of cannabis consumption. With our commitment to only the top-quality, consistency, and nice customer satisfaction, Dank Bros delivers a superior cannabis experience every time.<\/p>\n<h2>Ready to Relax?<\/h2>\n<p>Shop Now and indulge in sweet relaxation with Dank Bros&#8217;s premium Stoner Patch Dummies! Get to experience the best Stoner Patch Dummies with the best flavors. If you want a precise and top-quality cannabis, order your stoner patch dummies today!<\/p>","protected":false},"excerpt":{"rendered":"<p><span data-sheets-root=\"1\" data-sheets-value=\"{&quot;1&quot;:2,&quot;2&quot;:&quot;stoner patch dummies&quot;}\" data-sheets-userformat=\"{&quot;2&quot;:4281,&quot;3&quot;:{&quot;1&quot;:0},&quot;6&quot;:{&quot;1&quot;:[{&quot;1&quot;:2,&quot;2&quot;:0,&quot;5&quot;:{&quot;1&quot;:2,&quot;2&quot;:0}},{&quot;1&quot;:0,&quot;2&quot;:0,&quot;3&quot;:3},{&quot;1&quot;:1,&quot;2&quot;:0,&quot;4&quot;:1}]},&quot;7&quot;:{&quot;1&quot;:[{&quot;1&quot;:2,&quot;2&quot;:0,&quot;5&quot;:{&quot;1&quot;:2,&quot;2&quot;:0}},{&quot;1&quot;:0,&quot;2&quot;:0,&quot;3&quot;:3},{&quot;1&quot;:1,&quot;2&quot;:0,&quot;4&quot;:1}]},&quot;8&quot;:{&quot;1&quot;:[{&quot;1&quot;:2,&quot;2&quot;:0,&quot;5&quot;:{&quot;1&quot;:2,&quot;2&quot;:0}},{&quot;1&quot;:0,&quot;2&quot;:0,&quot;3&quot;:3},{&quot;1&quot;:1,&quot;2&quot;:0,&quot;4&quot;:1}]},&quot;10&quot;:2,&quot;15&quot;:&quot;Arial&quot;}\"><strong>Stoner patch dummies<\/strong> are <\/span>Jolis petits carr\u00e9s gommeux, enrob\u00e9s de ce qui semble \u00eatre une sorte de poudre aigre et\/ou de sucre. Tr\u00e8s bon go\u00fbt avec une belle texture. Il n&#039;a pas de go\u00fbt de fruits tropicaux, principalement du raisin. Aucune saveur de cannabis perceptible, pas trop sucr\u00e9e non plus. Tr\u00e8s bon go\u00fbt dans l&#039;ensemble.<\/p>\n<p><span data-sheets-root=\"1\" data-sheets-value=\"{&quot;1&quot;:2,&quot;2&quot;:&quot;stoner patch dummies&quot;}\" data-sheets-userformat=\"{&quot;2&quot;:4281,&quot;3&quot;:{&quot;1&quot;:0},&quot;6&quot;:{&quot;1&quot;:[{&quot;1&quot;:2,&quot;2&quot;:0,&quot;5&quot;:{&quot;1&quot;:2,&quot;2&quot;:0}},{&quot;1&quot;:0,&quot;2&quot;:0,&quot;3&quot;:3},{&quot;1&quot;:1,&quot;2&quot;:0,&quot;4&quot;:1}]},&quot;7&quot;:{&quot;1&quot;:[{&quot;1&quot;:2,&quot;2&quot;:0,&quot;5&quot;:{&quot;1&quot;:2,&quot;2&quot;:0}},{&quot;1&quot;:0,&quot;2&quot;:0,&quot;3&quot;:3},{&quot;1&quot;:1,&quot;2&quot;:0,&quot;4&quot;:1}]},&quot;8&quot;:{&quot;1&quot;:[{&quot;1&quot;:2,&quot;2&quot;:0,&quot;5&quot;:{&quot;1&quot;:2,&quot;2&quot;:0}},{&quot;1&quot;:0,&quot;2&quot;:0,&quot;3&quot;:3},{&quot;1&quot;:1,&quot;2&quot;:0,&quot;4&quot;:1}]},&quot;10&quot;:2,&quot;15&quot;:&quot;Arial&quot;}\">Mannequins Stoner Patch<\/span>\u00a0are made with high-quality cannabis and infused with 350mg THC. 5 Dummies per bag at 70mg each. This medicated treat packs a powerful, long-lasting punch. First, they&#8217;re sour, then they&#8217;re sweet\u2026 then you&#8217;re stoned.<\/p>\n<p>Objectivement un produit savoureux et raisonnablement efficace, bien que vous payiez certainement une prime pour l&#039;emballage\/le gadget.<\/p>","protected":false},"featured_media":433654,"comment_status":"open","ping_status":"closed","template":"","meta":{"_acf_changed":false,"inline_featured_image":false},"product_brand":[],"product_cat":[343,952],"product_tag":[],"class_list":{"0":"post-90542","1":"product","2":"type-product","3":"status-publish","4":"has-post-thumbnail","6":"product_cat-edibles","7":"product_cat-candy","8":"pa_amount-25-pack","9":"pa_amount-10-pack","10":"pa_amount-single","12":"first","13":"outofstock","14":"sale","15":"taxable","16":"shipping-taxable","17":"purchasable","18":"product-type-variable"},"acf":[],"_links":{"self":[{"href":"https:\/\/dankbros.net\/fr\/wp-json\/wp\/v2\/product\/90542","targetHints":{"allow":["GET"]}}],"collection":[{"href":"https:\/\/dankbros.net\/fr\/wp-json\/wp\/v2\/product"}],"about":[{"href":"https:\/\/dankbros.net\/fr\/wp-json\/wp\/v2\/types\/product"}],"replies":[{"embeddable":true,"href":"https:\/\/dankbros.net\/fr\/wp-json\/wp\/v2\/comments?post=90542"}],"wp:featuredmedia":[{"embeddable":true,"href":"https:\/\/dankbros.net\/fr\/wp-json\/wp\/v2\/media\/433654"}],"wp:attachment":[{"href":"https:\/\/dankbros.net\/fr\/wp-json\/wp\/v2\/media?parent=90542"}],"wp:term":[{"taxonomy":"product_brand","embeddable":true,"href":"https:\/\/dankbros.net\/fr\/wp-json\/wp\/v2\/product_brand?post=90542"},{"taxonomy":"product_cat","embeddable":true,"href":"https:\/\/dankbros.net\/fr\/wp-json\/wp\/v2\/product_cat?post=90542"},{"taxonomy":"product_tag","embeddable":true,"href":"https:\/\/dankbros.net\/fr\/wp-json\/wp\/v2\/product_tag?post=90542"}],"curies":[{"name":"wp","href":"https:\/\/api.w.org\/{rel}","templated":true}]}}