{"id":90552,"date":"2025-10-17T14:23:32","date_gmt":"2025-10-17T14:23:32","guid":{"rendered":"https:\/\/dankbros.net\/product\/moon-rocks-2\/"},"modified":"2025-10-17T14:23:45","modified_gmt":"2025-10-17T14:23:45","slug":"moon-rocks-2","status":"publish","type":"product","link":"https:\/\/dankbros.net\/fr\/product\/moon-rocks-2\/","title":{"rendered":"Roches lunaires"},"content":{"rendered":"<p>MoonRocks are a special kind of cannabis. They\u2019re made by taking a regular cannabis flower, covering it with some kind of oil, usually BHO like wax, and coating it in a thick dusting of kief. The potency depends on how it\u2019s made, who\u2019s making it, and the ingredients used. Moon rocks typically contain 50 percent THC, whereas popular strains found in dispensaries average a 17 to 28 percent THC level.The name MoonRock comes from their resemblance to lunar rocks or crystals when they&#8217;re smoked. The effects of smoking them are very similar to smoking marijuana; however, they can be more intense because there is more THC per puff than traditional weed or edibles.<\/p>","protected":false},"excerpt":{"rendered":"<p>Les MoonRocks sont quelque chose de sp\u00e9cial. Les MoonRocks sont fabriqu\u00e9s en prenant une fleur de cannabis ordinaire, en la recouvrant d&#039;une sorte d&#039;huile, g\u00e9n\u00e9ralement du BHO comme de la cire, et en l&#039;enduisant d&#039;une \u00e9paisse couche de kief. Ils sont destin\u00e9s aux patients cannabiques et \u00e0 ceux qui souhaitent une plus grande quantit\u00e9 de THC dans leurs produits.<br \/>\nLa puissance d\u00e9pend de la fa\u00e7on dont il est fabriqu\u00e9, de qui le fabrique et des ingr\u00e9dients utilis\u00e9s. Les roches lunaires contiennent g\u00e9n\u00e9ralement 50 % de THC, tandis que les souches populaires trouv\u00e9es dans les dispensaires ont en moyenne un taux de THC de 17 \u00e0 28 %.<br \/>\nSaveurs MoonRocks : banane fendue, myrtille, crumble aux myrtilles, caramel, raisin, original, p\u00eaches et cr\u00e8me, pina colada, fraise, cheesecake aux fraises, vanille, past\u00e8que.<\/p>","protected":false},"featured_media":1148815,"comment_status":"open","ping_status":"closed","template":"","meta":{"_acf_changed":false,"inline_featured_image":false},"product_brand":[],"product_cat":[966,1096,964],"product_tag":[],"class_list":{"0":"post-90552","1":"product","2":"type-product","3":"status-publish","4":"has-post-thumbnail","6":"product_cat-all-flower","7":"product_cat-indica","8":"product_cat-premium-flower","9":"pa_flavours-banana-split","10":"pa_flavours-blueberry","11":"pa_flavours-blueberry-crumble","12":"pa_flavours-caramel","13":"pa_flavours-grape","14":"pa_flavours-original","15":"pa_flavours-peaches-and-cream","16":"pa_flavours-pina-colada","17":"pa_flavours-strawberry","18":"pa_flavours-strawberry-cheesecake","19":"pa_flavours-vanilla","20":"pa_flavours-watermelon","22":"first","23":"outofstock","24":"taxable","25":"shipping-taxable","26":"purchasable","27":"product-type-variable"},"acf":[],"_links":{"self":[{"href":"https:\/\/dankbros.net\/fr\/wp-json\/wp\/v2\/product\/90552","targetHints":{"allow":["GET"]}}],"collection":[{"href":"https:\/\/dankbros.net\/fr\/wp-json\/wp\/v2\/product"}],"about":[{"href":"https:\/\/dankbros.net\/fr\/wp-json\/wp\/v2\/types\/product"}],"replies":[{"embeddable":true,"href":"https:\/\/dankbros.net\/fr\/wp-json\/wp\/v2\/comments?post=90552"}],"wp:featuredmedia":[{"embeddable":true,"href":"https:\/\/dankbros.net\/fr\/wp-json\/wp\/v2\/media\/1148815"}],"wp:attachment":[{"href":"https:\/\/dankbros.net\/fr\/wp-json\/wp\/v2\/media?parent=90552"}],"wp:term":[{"taxonomy":"product_brand","embeddable":true,"href":"https:\/\/dankbros.net\/fr\/wp-json\/wp\/v2\/product_brand?post=90552"},{"taxonomy":"product_cat","embeddable":true,"href":"https:\/\/dankbros.net\/fr\/wp-json\/wp\/v2\/product_cat?post=90552"},{"taxonomy":"product_tag","embeddable":true,"href":"https:\/\/dankbros.net\/fr\/wp-json\/wp\/v2\/product_tag?post=90552"}],"curies":[{"name":"wp","href":"https:\/\/api.w.org\/{rel}","templated":true}]}}