{"id":90714,"date":"2025-10-17T14:39:04","date_gmt":"2025-10-17T14:39:04","guid":{"rendered":"https:\/\/dankbros.net\/product\/new-disposable-pen-1ml-gas-gang\/"},"modified":"2025-10-17T14:39:11","modified_gmt":"2025-10-17T14:39:11","slug":"new-disposable-pen-1ml-gas-gang","status":"publish","type":"product","link":"https:\/\/dankbros.net\/fr\/product\/new-disposable-pen-1ml-gas-gang\/","title":{"rendered":"Stylo vape saveur Gas Gang 1 g"},"content":{"rendered":"<p>If you need to vape THC but can&#8217;t go to a secret spot, use one of these <strong>Gang de gaz<\/strong> disposable vaporizers. With the right amount of <a href=\"https:\/\/www.livescience.com\/24553-what-is-thc.html\" target=\"_blank\" rel=\"noopener\">THC<\/a> and no tell-tale Cannabis scent or flavor, this pen also provides excellent flavors.<\/p>\n<h2>Pourquoi un stylo vape jetable Gas Gang ?<\/h2>\n<p>Si vous voulez vous d\u00e9foncer mais que vous n&#039;avez pas le temps de fumer un joint, les produits comestibles sont la solution. Vous pouvez les emmener partout avec vous et ils vous donneront la dose de THC que vous recherchez sans prendre trop de temps ni attirer l&#039;attention. Le principal avantage des produits comestibles est qu&#039;ils offrent des dur\u00e9es d&#039;apparition plus longues, g\u00e9n\u00e9ralement comprises entre 1 et 3 heures, contre 30 minutes lorsque l&#039;on fume de l&#039;herbe. Donc, si vous cherchez un moyen rapide et discret de manger, ce stylo vape jetable est parfait pour vous.<\/p>\n<h2>Effets du stylo vape jetable Gas Gang<\/h2>\n<p>Vous recevrez une cartouche de 1000 mg de THC avec chaque stylo vape jetable, ce qui signifie que vous pouvez ressentir une quantit\u00e9 excessive d&#039;euphorie pure avant d&#039;en avoir besoin de plus. Tout comme la quantit\u00e9 d&#039;herbe dans un joint affecte le high, les effets sont \u00e9galement d\u00e9termin\u00e9s par la vaporisation de diff\u00e9rents niveaux de THC. Beaucoup de nos clients nous ont dit qu&#039;ils adoraient la fa\u00e7on dont les gangs de gaz les font se sentir d\u00e9fonc\u00e9s sans d\u00e9gager l&#039;odeur de la marijuana. C&#039;est parfait pour tous ceux qui ne veulent pas que leur patron le d\u00e9couvre ou que les parents veuillent le cacher \u00e0 leurs enfants.<\/p>\n<h3>Utilisations m\u00e9dicales du stylo vape jetable Gas Gang<\/h3>\n<ul>\n<li>Les vapos au THC sont des m\u00e9dicaments puissants qui aident les utilisateurs \u00e0 g\u00e9rer les douleurs musculaires et l&#039;inconfort.<\/li>\n<li>Les principaux avantages de l&#039;utilisation de ce produit sont une meilleure capacit\u00e9 de concentration et une perception plus aigu\u00eb.<\/li>\n<li>Les stylos vape THC peuvent aider \u00e0 lutter contre les troubles du sommeil comme l&#039;insomnie.<\/li>\n<\/ul>","protected":false},"excerpt":{"rendered":"<p>1000MG THC<\/p>\n<p>1 gramme de distillat pur. Sans PG, VG ou Vitamines ajout\u00e9es. Rechargeable.<\/p>","protected":false},"featured_media":1148878,"comment_status":"open","ping_status":"closed","template":"","meta":{"_acf_changed":false,"inline_featured_image":false},"product_brand":[],"product_cat":[1548,3657,246],"product_tag":[],"class_list":{"0":"post-90714","1":"product","2":"type-product","3":"status-publish","4":"has-post-thumbnail","6":"product_cat-disposable-pens","7":"product_cat-gas-gang-2","8":"product_cat-cartridges-pens","9":"pa_amount-100-pack","10":"pa_amount-25-pack","11":"pa_amount-5-pack","12":"pa_amount-10-pack","13":"pa_amount-single","14":"pa_flavours-banana-split-indica","15":"pa_flavours-blackberry-sativa","16":"pa_flavours-blue-dream-sativa","17":"pa_flavours-blue-slushie-indica","18":"pa_flavours-blueberry-pie-indica","19":"pa_flavours-bruce-banner-indica","20":"pa_flavours-bubblegum-sativa","21":"pa_flavours-cherry-lime-gelato-sativa","22":"pa_flavours-cinnamon-toast-sativa","23":"pa_flavours-cotton-candy-kush-indica","24":"pa_flavours-death-bubba-indica","25":"pa_flavours-forbidden-fruit-sativa","26":"pa_flavours-fruit-burst-sativa","27":"pa_flavours-fruity-cereal-indica","28":"pa_flavours-grape-sativa","29":"pa_flavours-green-apple-hybrid","30":"pa_flavours-gummy-bear-sativa","31":"pa_flavours-gushers-sativa-2","32":"pa_flavours-jolly-rancher-hybrid","33":"pa_flavours-lemon-lime-indica","34":"pa_flavours-lucky-charms-hybrid","35":"pa_flavours-mai-tai-sativa","36":"pa_flavours-mango-og-hybrid","37":"pa_flavours-marshmellow-sativa","38":"pa_flavours-orange-pop-sativa","39":"pa_flavours-peach-indica","40":"pa_flavours-pineapple-express-hybrid","41":"pa_flavours-pineapples-indica","42":"pa_flavours-pink-kush-indica","43":"pa_flavours-rockstar-kush-indica","44":"pa_flavours-runtz-hybrid","45":"pa_flavours-sour-diesel-sativa","46":"pa_flavours-strawberry-hybrid","47":"pa_flavours-strawberry-banana-indica","48":"pa_flavours-super-lemon-haze-sativa","49":"pa_flavours-unicorn-poop-hybrid","50":"pa_flavours-very-cherry-hybrid","51":"pa_flavours-watermelon-hybrid","52":"pa_flavours-white-rhino-sativa","53":"pa_flavours-zkittles-indica","55":"first","56":"instock","57":"featured","58":"taxable","59":"shipping-taxable","60":"purchasable","61":"product-type-variable"},"acf":[],"_links":{"self":[{"href":"https:\/\/dankbros.net\/fr\/wp-json\/wp\/v2\/product\/90714","targetHints":{"allow":["GET"]}}],"collection":[{"href":"https:\/\/dankbros.net\/fr\/wp-json\/wp\/v2\/product"}],"about":[{"href":"https:\/\/dankbros.net\/fr\/wp-json\/wp\/v2\/types\/product"}],"replies":[{"embeddable":true,"href":"https:\/\/dankbros.net\/fr\/wp-json\/wp\/v2\/comments?post=90714"}],"wp:featuredmedia":[{"embeddable":true,"href":"https:\/\/dankbros.net\/fr\/wp-json\/wp\/v2\/media\/1148878"}],"wp:attachment":[{"href":"https:\/\/dankbros.net\/fr\/wp-json\/wp\/v2\/media?parent=90714"}],"wp:term":[{"taxonomy":"product_brand","embeddable":true,"href":"https:\/\/dankbros.net\/fr\/wp-json\/wp\/v2\/product_brand?post=90714"},{"taxonomy":"product_cat","embeddable":true,"href":"https:\/\/dankbros.net\/fr\/wp-json\/wp\/v2\/product_cat?post=90714"},{"taxonomy":"product_tag","embeddable":true,"href":"https:\/\/dankbros.net\/fr\/wp-json\/wp\/v2\/product_tag?post=90714"}],"curies":[{"name":"wp","href":"https:\/\/api.w.org\/{rel}","templated":true}]}}