{"id":92898,"date":"2024-06-22T14:21:10","date_gmt":"2024-06-22T14:21:10","guid":{"rendered":"https:\/\/dankbros.net\/product\/24k-hybrid\/"},"modified":"2025-02-23T21:46:19","modified_gmt":"2025-02-23T21:46:19","slug":"or-24-carats-hybride-magasin-de-cannabis-dank-bros","status":"publish","type":"product","link":"https:\/\/dankbros.net\/fr\/product\/or-24-carats-hybride-magasin-de-cannabis-dank-bros\/","title":{"rendered":"24K Gold &#8211; Hybrid"},"content":{"rendered":"<h2>Sp\u00e9cifications des mauvaises herbes 24K<\/h2>\n<ul>\n<li>Effets : Euphorie, Heureux, Relaxant, Somnolent<\/li>\n<li>Peut soulager\u00a0: arthrite, trouble bipolaire, douleur chronique, d\u00e9pression, fatigue, inflammation, insomnie, perte d&#039;app\u00e9tit, migraines, stress post-traumatique, stress<\/li>\n<li>Saveurs : Agrumes, Orange, Sucr\u00e9<\/li>\n<li>Ar\u00f4mes : Agrumes, Piquant, Skunk, Aigre, Doux<\/li>\n<\/ul>\n<p>24K, lovingly referred to as &#8220;Kosher Tangie&#8221; or simply &#8220;24K Gold,&#8221; is a hybrid strain combining the effects of 60% indica and 40% sativa.<\/p>\n<p>24K, une vari\u00e9t\u00e9 \u00e0 dominance indica (60% indica ; 40% sativa) fi\u00e8rement \u00e9labor\u00e9e par des <a href=\"https:\/\/gasdank.com\" target=\"_blank\" rel=\"noopener\">cannabis<\/a> s\u00e9lectionneurs DNA Genetics. Cet hybride puissant est vraiment \u00e9poustouflant dans son pedigree : il descend de la c\u00e9l\u00e8bre Kosher Kush et de la succulente Tangie !<\/p>\n<p>Les effets c\u00e9r\u00e9braux du 24K sont rapides et puissants, il est donc mieux appr\u00e9ci\u00e9 par les connaisseurs de cannabis plus exp\u00e9riment\u00e9s. Si vous n&#039;\u00eates pas familier avec les vari\u00e9t\u00e9s riches en THC, cette vari\u00e9t\u00e9 n&#039;est pas faite pour vous, car sa puissance peut \u00eatre \u00e9crasante pour les consommateurs inexp\u00e9riment\u00e9s.<\/p>\n<blockquote><p>Des milliers d&#039;utilisateurs rapportent avoir ressenti des effets psych\u00e9d\u00e9liques qui accompagnent le high initial lors de l&#039;utilisation de ce produit.<\/p><\/blockquote>\n<p>Les consommateurs de cannabis exp\u00e9riment\u00e9s rapportent souvent des effets de type psych\u00e9d\u00e9lique en plus du sentiment euphorique au d\u00e9but. G\u00e9n\u00e9ralement, les gens ressentent une prise de conscience accrue de la stimulation visuelle et auditive, ce qui peut \u00eatre excitant ou agr\u00e9able pour les consommateurs exp\u00e9riment\u00e9s, mais assez \u00e9crasant \u2013 voire troublant \u2013 pour les d\u00e9butants. Pas moins de 24 000 personnes ont t\u00e9moign\u00e9 de ce ph\u00e9nom\u00e8ne !<\/p>\n<p>Lorsque vous allumez de l&#039;or 24 carats, le sentiment initial d&#039;euphorie et de joie est assez \u00e9difiant. Cependant, cet \u00e9tat de bonheur s&#039;estompe doucement au fur et \u00e0 mesure que les effets indica s&#039;installent. Les consommateurs peuvent s&#039;attendre \u00e0 un profond sentiment de tranquillit\u00e9 par la suite, ce qui rend cette vari\u00e9t\u00e9 id\u00e9ale pour les s\u00e9ances du soir plut\u00f4t que pour une utilisation le matin.<\/p>\n<p>If you overconsume this strain, there is a real risk of being locked to the couch. If that&#8217;s your style and bingeing Netflix series isn&#8217;t an issue, then it won&#8217;t be a problem for you. But if time-sensitive tasks or deadlines have been assigned to you previously, 24K Gold weed should not be consumed beforehand!<\/p>\n<h2>Ar\u00f4me de souche 24K<\/h2>\n<p>24K Gold est un m\u00e9lange harmonieux de sa vari\u00e9t\u00e9 m\u00e8re, Tangie. Il a un parfum exquis d&#039;orange citronn\u00e9e associ\u00e9 \u00e0 des nuances de pin et de musc. Lorsque vous ouvrez les bourgeons de l&#039;or 24 carats, il lib\u00e8re un l\u00e9ger piquant teint\u00e9 de notes de parfum d&#039;encens.<\/p>\n<h2>Saveur de souche 24K<\/h2>\n<p>L&#039;ar\u00f4me doux d&#039;agrumes et d&#039;orange de l&#039;or 24 carats sert de pr\u00e9lude \u00e0 sa saveur d\u00e9licieuse. Son go\u00fbt est incontestablement fruit\u00e9 avec des notes de poivre \u00e0 l&#039;expiration qui \u00e9moustilleront votre langue. La fum\u00e9e produite par cette vari\u00e9t\u00e9 est \u00e9paisse mais douce, offrant une exp\u00e9rience douce et agr\u00e9able \u00e0 la fois pour votre gorge et vos poumons. Ne manquez pas l&#039;occasion de savourer les bienfaits de l&#039;herbe 24K !<\/p>\n<h2>Apparence de la souche 24K<\/h2>\n<p>Les plantes 24K Gold vibrantes produisent des fleurs de taille moyenne \u00e0 grande avec une formation de bourgeons denses de type indica. Selon le g\u00e9notype, ces bourgeons peuvent \u00eatre ronds ou presque en forme de pique dans leur forme. Les feuilles sont vert clair et pr\u00e9sentent \u00e9galement des pistils orange vif qui poussent parmi elles. De plus, cette vari\u00e9t\u00e9 est g\u00e9n\u00e9reusement recouverte de trichomes lui donnant un aspect glac\u00e9 de givre hivernal.<\/p>\n<h2>Teneur en THC de la souche 24K - Test le plus \u00e9lev\u00e9<\/h2>\n<p>24K est particuli\u00e8rement puissant, avec une teneur moyenne en THC de 20% et capable d&#039;atteindre 24%.<\/p>\n<h2>Teneur en CBD de la souche 24K - Test le plus \u00e9lev\u00e9<\/h2>\n<p>La concentration \u00e9lev\u00e9e en THC de 24K est \u00e9quilibr\u00e9e par son faible niveau de CBD, qui atteint g\u00e9n\u00e9ralement jusqu&#039;\u00e0 0,2%.<\/p>\n<h2>Avantages m\u00e9dicaux de la souche 24K<\/h2>\n<p>Il a \u00e9t\u00e9 d\u00e9montr\u00e9 que le 24K offre une multitude d&#039;avantages potentiels pour la sant\u00e9 des consommateurs de cannabis m\u00e9dical. La recherche scientifique sugg\u00e8re que le principal avantage de cette souche se pr\u00e9sente probablement sous la forme d&#039;une r\u00e9duction du stress ; il peut induire une intense sensation de d\u00e9tente, diminuant par cons\u00e9quent toute tension et soucis. De plus, ses effets stimulants pourraient att\u00e9nuer les \u00e9motions n\u00e9gatives associ\u00e9es aux troubles de l&#039;humeur comme la d\u00e9pression ou l&#039;anxi\u00e9t\u00e9.<\/p>\n<p>Les consommateurs de cannabis exp\u00e9riment\u00e9s souffrant d&#039;insomnie peuvent b\u00e9n\u00e9ficier de la puissance de l&#039;or 24 carats, car certains utilisateurs ont signal\u00e9 que des doses plus \u00e9lev\u00e9es peuvent entra\u00eener de la somnolence. Avec ses propri\u00e9t\u00e9s puissantes, cette souche pourrait s&#039;av\u00e9rer b\u00e9n\u00e9fique pour favoriser un sommeil r\u00e9parateur.<\/p>\n<p>Non seulement la souche 24K Gold est utile pour soulager les douleurs articulaires et musculaires arthritiques, mais elle peut \u00e9galement aider \u00e0 contr\u00f4ler les maux de t\u00eate. L&#039;un des avantages les plus courants signal\u00e9s par les utilisateurs de cette vari\u00e9t\u00e9 particuli\u00e8re est son effet stimulant sur l&#039;app\u00e9tit, qui conduit souvent \u00e0 des \u00ab fringales \u00bb.<\/p>\n<h2>Effets secondaires de la souche d&#039;or 24K<\/h2>\n<p>Si elle est consomm\u00e9e en grande quantit\u00e9, cette souche peut provoquer une sensation de relaxation compl\u00e8te que certains trouvent r\u00e9confortante tandis que d&#039;autres peuvent ne pas appr\u00e9cier ses effets s\u00e9datifs. En tant que tel, il est devenu bien connu pour produire des clous de canap\u00e9 et pourrait \u00eatre consid\u00e9r\u00e9 comme rebutant pour certaines personnes.<\/p>\n<p>Pour les d\u00e9butants ou les personnes qui consomment de mani\u00e8re excessive, ils peuvent \u00e9galement ressentir un l\u00e9ger mal de t\u00eate, un malaise, de la parano\u00efa et m\u00eame des \u00e9tourdissements.<\/p>\n<p>Bien que m\u00eame les utilisateurs occasionnels de cette souche puissent \u00eatre sensibles \u00e0 ses effets secondaires souvent rencontr\u00e9s tels que la bouche de coton et les yeux secs, une consommation responsable peut aider \u00e0 minimiser ces risques.<\/p>\n<h2>R\u00e9flexions finales sur la souche d&#039;or 24K<\/h2>\n<p>Si vous cherchez une vari\u00e9t\u00e9 id\u00e9ale pour aider \u00e0 r\u00e9duire le stress et \u00e0 vous ressourcer, alors la 24K Gold est votre porte-bonheur. Cependant, il est essentiel que vous restiez conscient de sa force avant de prendre la d\u00e9cision de le consommer ou non. Le niveau moyen de THC de cette vari\u00e9t\u00e9 peut \u00eatre aussi bas que 16%, mais peut aussi atteindre 24%. Par cons\u00e9quent, les d\u00e9butants devraient \u00e9viter d&#039;essayer celui-ci.<\/p>\n<blockquote><p>Avec un niveau moyen de THC allant de 16% \u00e0 24%, 24K Gold est une vari\u00e9t\u00e9 de cannabis pleine de surprises.<\/p><\/blockquote>\n<p>Pour les consommateurs de cannabis m\u00e9dicinal qui recherchent un soulagement sans effets intenses de type psych\u00e9d\u00e9lique, 24K Gold n&#039;est peut-\u00eatre pas le meilleur choix. Heureusement, il existe de nombreuses autres vari\u00e9t\u00e9s de souches qui offrent des effets secondaires plus l\u00e9gers et peuvent toujours fournir tous les avantages dont elles ont besoin !<\/p>","protected":false},"excerpt":{"rendered":"<p>24K, affectueusement connue sous le nom de \u00ab Kosher Tangie \u00bb ou simplement \u00ab 24K Gold \u00bb, est une vari\u00e9t\u00e9 hybride compos\u00e9e de g\u00e9n\u00e9tiques 60% indica et 40% sativa. Ce d\u00e9licieux m\u00e9lange a \u00e9t\u00e9 cr\u00e9\u00e9 en croisant la d\u00e9licieuse Kosher Kush avec les c\u00e9l\u00e8bres vari\u00e9t\u00e9s Tangie. 24K Gold est le nom parfait pour cette vari\u00e9t\u00e9 qui poss\u00e8de une saveur haut de gamme et une apparence dor\u00e9e ph\u00e9nom\u00e9nale. Ses bourgeons sont parsem\u00e9s de p\u00e9pites vert fluo brillantes accompagn\u00e9es de subtiles nuances violettes, enrob\u00e9es d&#039;une impressionnante couche givr\u00e9e de gros trichomes d&#039;or laiteux m\u00e9lang\u00e9s \u00e0 des poils orange dor\u00e9 brillants. 24K Gold \u00e9met un parfum d\u00e9licieux de mandarines douces audacieuses et de mouffette sucr\u00e9e, qui se traduisent par de d\u00e9licieuses saveurs sur vos papilles gustatives. Et vous ne vous contenterez pas d&#039;appr\u00e9cier son go\u00fbt superbe - ses effets vous feront revenir encore et encore !<\/p>","protected":false},"featured_media":808348,"comment_status":"open","ping_status":"closed","template":"","meta":{"_acf_changed":false,"inline_featured_image":false},"product_brand":[],"product_cat":[966,943],"product_tag":[],"class_list":{"0":"post-92898","1":"product","2":"type-product","3":"status-publish","4":"has-post-thumbnail","6":"product_cat-all-flower","7":"product_cat-hybrid-infused-flower","8":"pa_weight-1-gram","9":"pa_weight-3-5-grams","10":"pa_weight-7-grams","11":"pa_weight-14-grams","12":"pa_weight-28-grams","14":"first","15":"outofstock","16":"taxable","17":"shipping-taxable","18":"purchasable","19":"product-type-variable"},"acf":[],"_links":{"self":[{"href":"https:\/\/dankbros.net\/fr\/wp-json\/wp\/v2\/product\/92898","targetHints":{"allow":["GET"]}}],"collection":[{"href":"https:\/\/dankbros.net\/fr\/wp-json\/wp\/v2\/product"}],"about":[{"href":"https:\/\/dankbros.net\/fr\/wp-json\/wp\/v2\/types\/product"}],"replies":[{"embeddable":true,"href":"https:\/\/dankbros.net\/fr\/wp-json\/wp\/v2\/comments?post=92898"}],"wp:featuredmedia":[{"embeddable":true,"href":"https:\/\/dankbros.net\/fr\/wp-json\/wp\/v2\/media\/808348"}],"wp:attachment":[{"href":"https:\/\/dankbros.net\/fr\/wp-json\/wp\/v2\/media?parent=92898"}],"wp:term":[{"taxonomy":"product_brand","embeddable":true,"href":"https:\/\/dankbros.net\/fr\/wp-json\/wp\/v2\/product_brand?post=92898"},{"taxonomy":"product_cat","embeddable":true,"href":"https:\/\/dankbros.net\/fr\/wp-json\/wp\/v2\/product_cat?post=92898"},{"taxonomy":"product_tag","embeddable":true,"href":"https:\/\/dankbros.net\/fr\/wp-json\/wp\/v2\/product_tag?post=92898"}],"curies":[{"name":"wp","href":"https:\/\/api.w.org\/{rel}","templated":true}]}}