{"id":92956,"date":"2024-06-22T15:00:09","date_gmt":"2024-06-22T15:00:09","guid":{"rendered":"https:\/\/dankbros.net\/product\/dude-wheres-my-bike\/"},"modified":"2025-02-23T21:46:19","modified_gmt":"2025-02-23T21:46:19","slug":"dude-wheres-my-bike","status":"publish","type":"product","link":"https:\/\/dankbros.net\/fr\/product\/dude-wheres-my-bike\/","title":{"rendered":"Dude Where&#8217;s My Car &#8211; Sativa"},"content":{"rendered":"<p>Si vous cherchez un moyen id\u00e9al pour vous d\u00e9tendre et r\u00e9duire votre niveau de stress, Dude Where&#039;s My Car est la r\u00e9ponse. Son ar\u00f4me enivrant de douceur skunky combin\u00e9 \u00e0 un soup\u00e7on de saveurs terreuses de pin et de baies cr\u00e9e une exp\u00e9rience agr\u00e9able qui apaise votre corps et votre esprit. Ses effets durables le rendent id\u00e9al pour lutter contre l&#039;anxi\u00e9t\u00e9 tout en soulageant des sympt\u00f4mes comme le manque d&#039;app\u00e9tit ou les naus\u00e9es - que demander de plus ? Arr\u00eatez-vous aujourd&#039;hui pour donner cette dominante indica <a href=\"https:\/\/gasdank.com\" target=\"_blank\" rel=\"noopener\">herbe<\/a> strain a try &#8211; trust us, you won&#8217;t regret it!<\/p>","protected":false},"excerpt":{"rendered":"<p>Ne cherchez pas plus loin : Dude Where&#039;s My Car est l\u00e0 pour vous sauver la mise ! Ce croisement hybride \u00e0 dominance indica d\u00e9gage une douce odeur de skunk et un go\u00fbt inoubliable de pin terreux et de baies. Les effets vous apporteront \u00e0 coup s\u00fbr bonheur et euphorie avec son high corporel doux mais durable. Si les niveaux de stress montent en fl\u00e8che ou si des probl\u00e8mes d&#039;app\u00e9tit ou des naus\u00e9es entrent en jeu, tournez-vous vers cette vari\u00e9t\u00e9 pour un soulagement rapide de vos angoisses sans faute.<\/p>","protected":false},"featured_media":808381,"comment_status":"open","ping_status":"closed","template":"","meta":{"_acf_changed":false,"inline_featured_image":false},"product_brand":[],"product_cat":[966,965,945],"product_tag":[129],"class_list":{"0":"post-92956","1":"product","2":"type-product","3":"status-publish","4":"has-post-thumbnail","6":"product_cat-all-flower","7":"product_cat-ounce-specials","8":"product_cat-sativa-infused-flower","9":"product_tag-sativa","10":"pa_weight-1-gram","11":"pa_weight-3-5-grams","12":"pa_weight-7-grams","13":"pa_weight-14-grams","14":"pa_weight-28-grams","16":"first","17":"outofstock","18":"taxable","19":"shipping-taxable","20":"purchasable","21":"product-type-variable"},"acf":[],"_links":{"self":[{"href":"https:\/\/dankbros.net\/fr\/wp-json\/wp\/v2\/product\/92956","targetHints":{"allow":["GET"]}}],"collection":[{"href":"https:\/\/dankbros.net\/fr\/wp-json\/wp\/v2\/product"}],"about":[{"href":"https:\/\/dankbros.net\/fr\/wp-json\/wp\/v2\/types\/product"}],"replies":[{"embeddable":true,"href":"https:\/\/dankbros.net\/fr\/wp-json\/wp\/v2\/comments?post=92956"}],"wp:featuredmedia":[{"embeddable":true,"href":"https:\/\/dankbros.net\/fr\/wp-json\/wp\/v2\/media\/808381"}],"wp:attachment":[{"href":"https:\/\/dankbros.net\/fr\/wp-json\/wp\/v2\/media?parent=92956"}],"wp:term":[{"taxonomy":"product_brand","embeddable":true,"href":"https:\/\/dankbros.net\/fr\/wp-json\/wp\/v2\/product_brand?post=92956"},{"taxonomy":"product_cat","embeddable":true,"href":"https:\/\/dankbros.net\/fr\/wp-json\/wp\/v2\/product_cat?post=92956"},{"taxonomy":"product_tag","embeddable":true,"href":"https:\/\/dankbros.net\/fr\/wp-json\/wp\/v2\/product_tag?post=92956"}],"curies":[{"name":"wp","href":"https:\/\/api.w.org\/{rel}","templated":true}]}}